{"id":130203,"date":"2022-12-25T00:00:00","date_gmt":"2022-12-24T23:00:00","guid":{"rendered":"https:\/\/gpl-love.com\/fr\/produit\/yaymail-woocommerce-deposits\/"},"modified":"2026-03-20T23:55:38","modified_gmt":"2026-03-20T22:55:38","slug":"yaymail-woocommerce-deposits","status":"publish","type":"product","link":"https:\/\/gpl-love.com\/fr\/produit\/yaymail-woocommerce-deposits\/","title":{"rendered":"YayMail WooCommerce Deposits 1.5"},"content":{"rendered":"<h3>YayMail WooCommerce Deposits Traits<\/h3>\n<p>Les d\u00e9p\u00f4ts de Yaymail WooCommerce, un outil incroyablement robuste et efficace, ont \u00e9t\u00e9 m\u00e9ticuleusement cr\u00e9\u00e9s pour r\u00e9pondre aux besoins des propri\u00e9taires de magasins WooCommerce, les aidant \u00e0 accepter les d\u00e9p\u00f4ts pour leur large \u00e9ventail de produits. Ce plugin ing\u00e9nieux, Yaymail WooCommerce Deposits, simplifie non seulement le processus de configuration des alternatives de d\u00e9p\u00f4t pour vos produits, mais accorde \u00e9galement \u00e0 vos clients estim\u00e9s la commodit\u00e9 de faire un paiement initial, leur permettant d&rsquo;acqu\u00e9rir sans effort des marchandises \u00e0 prix \u00e9lev\u00e9 ou des services pr\u00e9cieux. En fin de compte, cet outil exceptionnel garantit un flux de tr\u00e9sorerie coh\u00e9rent et fiable pour vos efforts commerciaux. En outre, les d\u00e9p\u00f4ts de Yaymail WooCommerce poss\u00e8dent un \u00e9ventail impressionnant de fonctionnalit\u00e9s personnalisables, englobant la possibilit\u00e9 de d\u00e9finir des montants de d\u00e9p\u00f4t pr\u00e9cis, d&rsquo;\u00e9tablir des d\u00e9lais de d\u00e9p\u00f4t et de mettre en \u0153uvre des politiques de remboursement de d\u00e9p\u00f4t. Si vous vous trouvez \u00e0 la recherche d&rsquo;une approche conviviale et rationalis\u00e9e pour g\u00e9rer efficacement les d\u00e9p\u00f4ts pour votre magasin WooCommerce estim\u00e9, la solution ultime se situe dans les capacit\u00e9s in\u00e9gal\u00e9es des d\u00e9p\u00f4ts WooCommerce de Yaymail.<\/p>\n<ul>\n<li>Permet aux clients de placer des d\u00e9p\u00f4ts sur les produits dans WooCommerce<\/li>\n<li>Fournit une option de paiement flexible aux clients qui peuvent ne pas avoir le co\u00fbt total d&rsquo;un produit \u00e0 l&rsquo;avance<\/li>\n<li>Facile \u00e0 configurer et int\u00e8gre de mani\u00e8re transparente avec la plate-forme WooCommerce<\/li>\n<li>Suivi et g\u00e8re automatiquement les d\u00e9p\u00f4ts et les paiements dans le syst\u00e8me de commande WooCommerce<\/li>\n<li>Option pour les clients pour effectuer un paiement complet apr\u00e8s avoir plac\u00e9 un d\u00e9p\u00f4t ou mettre en place un plan de paiement pour le solde restant<\/li>\n<li>Augmente le potentiel de vente en rendant les produits plus accessibles \u00e0 un plus large \u00e9ventail de clients<\/li>\n<li>Compatible avec la plupart des options de passerelle de paiement accept\u00e9es par WooCommerce<\/li>\n<li>Fournit un processus de paiement fluide et s\u00e9curis\u00e9 pour les clients et les commer\u00e7ants.<\/li>\n<\/ul>\n","protected":false},"excerpt":{"rendered":"<p>Nous sommes ravis de pr\u00e9senter des d\u00e9p\u00f4ts WooCommerce Yaymail, une solution in\u00e9gal\u00e9e con\u00e7ue sp\u00e9cifiquement pour r\u00e9pondre aux besoins des entreprises qui n\u00e9cessitent des d\u00e9p\u00f4ts et des paiements partiels pour leurs commandes WooCommerce. En incorporant ce plugin remarquable dans vos op\u00e9rations, vous \u00e9tablirez et superviserez sans effort les d\u00e9p\u00f4ts pour vos produits, garantissant ainsi des paiements s\u00e9curis\u00e9s et une exp\u00e9rience de paiement transparente pour votre client\u00e8le estim\u00e9e. Que vous vous sp\u00e9cialisiez dans la vente de produits personnalis\u00e9s, la fourniture de services de r\u00e9servation ou l&rsquo;offre de marchandises de haut niveau, les d\u00e9p\u00f4ts de Woocommerce Yaymail vous renforcent des alternatives de paiement flexibles et amplifier votre potentiel de vente. Ne perdez pas de temps \u00e0 adopter cet outil transformateur aujourd&rsquo;hui et \u00e0 r\u00e9volutionner la gestion de vos proc\u00e9dures de d\u00e9p\u00f4t!<\/p>\n","protected":false},"featured_media":146538,"comment_status":"open","ping_status":"open","template":"","meta":[],"product_brand":[2747],"product_cat":[1182,1223,1181],"product_tag":[2331],"class_list":{"0":"post-130203","1":"product","2":"type-product","3":"status-publish","4":"has-post-thumbnail","6":"product_brand-yaycommerce","7":"product_cat-commerce-electronique-plugins","8":"product_cat-personnalisation-commerce-electronique-plugins","9":"product_cat-plugins","10":"product_tag-yaycommerce","11":"member-discount","12":"discount-restricted","14":"first","15":"instock","16":"sale","17":"downloadable","18":"virtual","19":"sold-individually","20":"purchasable","21":"product-type-simple"},"_links":{"self":[{"href":"https:\/\/gpl-love.com\/fr\/wp-json\/wp\/v2\/product\/130203","targetHints":{"allow":["GET"]}}],"collection":[{"href":"https:\/\/gpl-love.com\/fr\/wp-json\/wp\/v2\/product"}],"about":[{"href":"https:\/\/gpl-love.com\/fr\/wp-json\/wp\/v2\/types\/product"}],"replies":[{"embeddable":true,"href":"https:\/\/gpl-love.com\/fr\/wp-json\/wp\/v2\/comments?post=130203"}],"wp:featuredmedia":[{"embeddable":true,"href":"https:\/\/gpl-love.com\/fr\/wp-json\/wp\/v2\/media\/146538"}],"wp:attachment":[{"href":"https:\/\/gpl-love.com\/fr\/wp-json\/wp\/v2\/media?parent=130203"}],"wp:term":[{"taxonomy":"product_brand","embeddable":true,"href":"https:\/\/gpl-love.com\/fr\/wp-json\/wp\/v2\/product_brand?post=130203"},{"taxonomy":"product_cat","embeddable":true,"href":"https:\/\/gpl-love.com\/fr\/wp-json\/wp\/v2\/product_cat?post=130203"},{"taxonomy":"product_tag","embeddable":true,"href":"https:\/\/gpl-love.com\/fr\/wp-json\/wp\/v2\/product_tag?post=130203"}],"curies":[{"name":"wp","href":"https:\/\/api.w.org\/{rel}","templated":true}]}}