{"id":130202,"date":"2023-01-20T00:00:00","date_gmt":"2023-01-19T23:00:00","guid":{"rendered":"https:\/\/gpl-love.com\/fr\/produit\/yaymail-pw-woocommerce-gift-cards\/"},"modified":"2026-03-20T23:55:36","modified_gmt":"2026-03-20T22:55:36","slug":"yaymail-pw-woocommerce-gift-cards","status":"publish","type":"product","link":"https:\/\/gpl-love.com\/fr\/produit\/yaymail-pw-woocommerce-gift-cards\/","title":{"rendered":"YayMail PW WooCommerce Gift Cards 1.425"},"content":{"rendered":"<h3>YayMail PW WooCommerce Gift Cards Traits<\/h3>\n<p>Les cartes-cadeaux Yaymail PW WooCommerce ont \u00e9t\u00e9 ing\u00e9nieusement con\u00e7ues pour servir d&rsquo;instrument formidable, aidant les entreprises dans leur qu\u00eate pour augmenter les chiffres de vente et s\u00e9duire la nouvelle client\u00e8le. Ce produit exceptionnel permet aux utilisateurs de forger des cartes-cadeaux sur mesure, que les clients peuvent par la suite \u00e9changer sur la plate-forme num\u00e9rique de l&rsquo;\u00e9tablissement. En d\u00e9ployant les cartes-cadeaux remarquables Yaymail PW WooCommerce, les entreprises peuvent prolonger une gamme de campagnes promotionnelles et d&rsquo;attractions \u00e0 leur client\u00e8le estim\u00e9e, leur fournissant des cartes-cadeaux qui peuvent \u00eatre utilis\u00e9es pour se procurer un assortiment de biens ou de services. En outre, ce produit poss\u00e8de une pl\u00e9thore d&rsquo;attributs int\u00e9gr\u00e9s et d&rsquo;options personnalisables, telles que des mod\u00e8les sur mesure, un vaste \u00e9ventail de confessions et la capacit\u00e9 inestimable de stipuler les dates d&rsquo;expiration pour lesdites cartes-cadeaux. Lorsqu&rsquo;il est examin\u00e9 de mani\u00e8re holistique, il est indubitable que les cartes-cadeaux Yaymail PW WooCommerce se pr\u00e9sentent comme un outil indispensable, un v\u00e9ritable plan vital pour les entreprises aspirant \u00e0 \u00e9tendre leur client\u00e8le et \u00e0 revigorer leur afflux financier.<\/p>\n<ul>\n<li>Permet aux clients d&rsquo;acheter et d&rsquo;envoyer des cartes-cadeaux avec des messages personnalis\u00e9s directement \u00e0 partir de votre boutique WooCommerce<\/li>\n<li>Facile \u00e0 installer et \u00e0 int\u00e9grer avec votre boutique en ligne existante<\/li>\n<li>Offre plusieurs options de conception \u00e0 choisir pour correspondre \u00e0 la marque de votre magasin<\/li>\n<li>Fournit une interface conviviale pour les clients et les propri\u00e9taires de magasins afin de g\u00e9rer les transactions de cartes-cadeaux<\/li>\n<li>Permet aux rappels automatiques des clients \u00e0 utiliser leurs cartes-cadeaux avant d&rsquo;expirer<\/li>\n<li>Offre des options de rachat flexibles pour les clients, notamment en utilisant le solde de la carte-cadeau pour les paiements partiels<\/li>\n<li>Fournit des rapports et une analyse d\u00e9taill\u00e9s des ventes de cartes-cadeaux et des transactions pour les propri\u00e9taires de magasins<\/li>\n<li>Utilise de solides mesures de s\u00e9curit\u00e9 pour prot\u00e9ger les informations des clients et pr\u00e9venir la fraude.<\/li>\n<\/ul>\n","protected":false},"excerpt":{"rendered":"<p>Le plugin de cartes-cadeaux Yaymail PW WooCommerce se pr\u00e9sente comme une solution optimale pour les entreprises en ligne qui cherchent \u00e0 \u00e9tendre l&rsquo;option des cartes-cadeaux \u00e0 leur pr\u00e9cieux client\u00e8le. En employant ce plugin ing\u00e9nieux, les entreprises peuvent g\u00e9n\u00e9rer sans effort des cartes-cadeaux personnalis\u00e9es qui peuvent \u00eatre achet\u00e9es et \u00e9chang\u00e9es sans effort dans leurs magasins WooCommerce d\u00e9sign\u00e9s. Que l&rsquo;objectif soit de fournir des cartes-cadeaux pour des produits exclusifs ou une valeur mon\u00e9taire sp\u00e9cifique, le plugin Yaymail PW rationalise l&rsquo;ensemble du processus d&rsquo;\u00e9tablissement et de supervision du syst\u00e8me de cartes-cadeaux. De plus, les clients peuvent savourer l&rsquo;opportunit\u00e9 d&rsquo;ajouter un message sinc\u00e8re et sinc\u00e8re \u00e0 leur carte-cadeau et de s\u00e9lectionner parmi une myriade de mod\u00e8les de conception captivants. Par cons\u00e9quent, l&rsquo;acquisition et l&rsquo;utilisation des cartes-cadeaux n&rsquo;ont jamais \u00e9t\u00e9 aussi agr\u00e9ables ou exp\u00e9dient pour vos clients estim\u00e9s!<\/p>\n","protected":false},"featured_media":146536,"comment_status":"open","ping_status":"open","template":"","meta":[],"product_brand":[2747],"product_cat":[1182,1223,1181],"product_tag":[2331],"class_list":{"0":"post-130202","1":"product","2":"type-product","3":"status-publish","4":"has-post-thumbnail","6":"product_brand-yaycommerce","7":"product_cat-commerce-electronique-plugins","8":"product_cat-personnalisation-commerce-electronique-plugins","9":"product_cat-plugins","10":"product_tag-yaycommerce","11":"member-discount","12":"discount-restricted","14":"first","15":"instock","16":"sale","17":"downloadable","18":"virtual","19":"sold-individually","20":"purchasable","21":"product-type-simple"},"_links":{"self":[{"href":"https:\/\/gpl-love.com\/fr\/wp-json\/wp\/v2\/product\/130202","targetHints":{"allow":["GET"]}}],"collection":[{"href":"https:\/\/gpl-love.com\/fr\/wp-json\/wp\/v2\/product"}],"about":[{"href":"https:\/\/gpl-love.com\/fr\/wp-json\/wp\/v2\/types\/product"}],"replies":[{"embeddable":true,"href":"https:\/\/gpl-love.com\/fr\/wp-json\/wp\/v2\/comments?post=130202"}],"wp:featuredmedia":[{"embeddable":true,"href":"https:\/\/gpl-love.com\/fr\/wp-json\/wp\/v2\/media\/146536"}],"wp:attachment":[{"href":"https:\/\/gpl-love.com\/fr\/wp-json\/wp\/v2\/media?parent=130202"}],"wp:term":[{"taxonomy":"product_brand","embeddable":true,"href":"https:\/\/gpl-love.com\/fr\/wp-json\/wp\/v2\/product_brand?post=130202"},{"taxonomy":"product_cat","embeddable":true,"href":"https:\/\/gpl-love.com\/fr\/wp-json\/wp\/v2\/product_cat?post=130202"},{"taxonomy":"product_tag","embeddable":true,"href":"https:\/\/gpl-love.com\/fr\/wp-json\/wp\/v2\/product_tag?post=130202"}],"curies":[{"name":"wp","href":"https:\/\/api.w.org\/{rel}","templated":true}]}}