{"id":130201,"date":"2025-06-05T00:00:00","date_gmt":"2025-06-04T22:00:00","guid":{"rendered":"https:\/\/gpl-love.com\/fr\/produit\/yaymail-wc-vendors\/"},"modified":"2026-03-20T23:55:36","modified_gmt":"2026-03-20T22:55:36","slug":"yaymail-wc-vendors","status":"publish","type":"product","link":"https:\/\/gpl-love.com\/fr\/produit\/yaymail-wc-vendors\/","title":{"rendered":"YayMail WC Vendors 4.0"},"content":{"rendered":"<h3>YayMail WC Vendors Traits<\/h3>\n<p>Les fournisseurs de Yaymail WC, un outil de marketing par e-mail global \u00e9tant m\u00e9ticuleusement con\u00e7u pour les fournisseurs utilisant WooCommerce, fournit une vaste gamme de fonctionnalit\u00e9s visant \u00e0 renforcer leurs ventes et \u00e0 am\u00e9liorer l&rsquo;engagement client. \u00c9quip\u00e9e de capacit\u00e9s formidables, cette plate-forme robuste permet aux fournisseurs la possibilit\u00e9 de fabriquer des e-mails qui d\u00e9gagent un professionnalisme, de segmenter leurs listes de diffusion pour une communication cibl\u00e9e et d&rsquo;automatiser leurs campagnes de messagerie pour une efficacit\u00e9 in\u00e9gal\u00e9e. En outre, cette plate-forme offre des rapports et des analyses en temps r\u00e9el, fournissant aux fournisseurs des informations pr\u00e9cieuses pour discerner l&rsquo;efficacit\u00e9 de leurs efforts de courrier \u00e9lectronique et \u00e9laborer efficacement des strat\u00e9gies pour les futures campagnes. Que l&rsquo;on se trouve comme un vendeur naissant ou une entreprise bien \u00e9tablie, les fournisseurs de WC Yaymail sont l&rsquo;outil par excellence pour faciliter la croissance de l&rsquo;entreprise et optimiser la g\u00e9n\u00e9ration de revenus.<\/p>\n<ul>\n<li>Yaymail WC Vendors est un plugin puissant qui transforme votre site Web de commerce \u00e9lectronique en centre de communication<\/li>\n<li>Il s&rsquo;int\u00e8gre de mani\u00e8re transparente \u00e0 votre tableau de bord WooCommerce Vendor pour une communication am\u00e9lior\u00e9e entre les fournisseurs et les clients<\/li>\n<li>Envoyez des mises \u00e0 jour importantes, des notifications et des offres promotionnelles directement \u00e0 vos clients<\/li>\n<li>Communiquez avec vos vendeurs et marchands en temps r\u00e9el pour rationaliser vos op\u00e9rations<\/li>\n<li>Gardez vos clients et fournisseurs engag\u00e9s dans des campagnes et des newsletters personnalis\u00e9s<\/li>\n<li>Obtenez des rapports avanc\u00e9s et des informations sur vos campagnes de messagerie pour optimiser vos efforts de marketing<\/li>\n<li>Dites adieu aux e-mails g\u00e9n\u00e9riques et de masse et bonjour \u00e0 une communication cibl\u00e9e et efficace avec les fournisseurs WC Yaymail.<\/li>\n<\/ul>\n","protected":false},"excerpt":{"rendered":"<p>Les fournisseurs de Yaymail WC sont un outil incroyablement robuste et efficace m\u00e9ticuleusement con\u00e7u pour aider les fournisseurs de WooCommerce \u00e0 am\u00e9liorer l&rsquo;efficacit\u00e9 et la port\u00e9e globales de leur campagne de marketing par e-mail. En tirant parti de cette ressource inestimable, les fournisseurs sont autoris\u00e9s \u00e0 concevoir et \u00e0 fabriquer des mod\u00e8les de messagerie captivants esth\u00e9tiquement captivants qui sont sur mesure pour captiver et capter leur client\u00e8le estim\u00e9e, pr\u00e9cipitant ainsi une augmentation substantielle des chiffres de vente. De plus, cet outil d&rsquo;avant-garde est orn\u00e9 d&rsquo;une interface utilisateur structur\u00e9e intuitivement qui est \u00e9tonnamment conviviale, ce qui le rend accessible m\u00eame aux novices et aux n\u00e9ophytes. De plus, les fournisseurs de Yaymail WC Proffers sont un \u00e9ventail d&rsquo;outils analytiques de pointe et de m\u00e9canismes de rapports complets pour fournir aux fournisseurs des informations pr\u00e9cises et complexes concernant les performances et l&rsquo;efficacit\u00e9 de leurs efforts de marketing par e-mail, ce qui leur permet de faire des d\u00e9terminations judicieuses et ax\u00e9es sur les donn\u00e9es. Par cons\u00e9quent, en int\u00e9grant les fournisseurs de Yaymail WC dans leurs op\u00e9rations, les vendeurs peuvent catapulter leurs entreprises de marketing par e-mail \u00e0 des sommets in\u00e9gal\u00e9s et r\u00e9aliser avec succ\u00e8s leurs aspirations et objectifs commerciaux.<\/p>\n","protected":false},"featured_media":146535,"comment_status":"open","ping_status":"open","template":"","meta":[],"product_brand":[2747],"product_cat":[1182,1223,1181],"product_tag":[2331],"class_list":{"0":"post-130201","1":"product","2":"type-product","3":"status-publish","4":"has-post-thumbnail","6":"product_brand-yaycommerce","7":"product_cat-commerce-electronique-plugins","8":"product_cat-personnalisation-commerce-electronique-plugins","9":"product_cat-plugins","10":"product_tag-yaycommerce","11":"member-discount","12":"discount-restricted","14":"first","15":"instock","16":"sale","17":"downloadable","18":"virtual","19":"sold-individually","20":"purchasable","21":"product-type-simple"},"_links":{"self":[{"href":"https:\/\/gpl-love.com\/fr\/wp-json\/wp\/v2\/product\/130201","targetHints":{"allow":["GET"]}}],"collection":[{"href":"https:\/\/gpl-love.com\/fr\/wp-json\/wp\/v2\/product"}],"about":[{"href":"https:\/\/gpl-love.com\/fr\/wp-json\/wp\/v2\/types\/product"}],"replies":[{"embeddable":true,"href":"https:\/\/gpl-love.com\/fr\/wp-json\/wp\/v2\/comments?post=130201"}],"wp:featuredmedia":[{"embeddable":true,"href":"https:\/\/gpl-love.com\/fr\/wp-json\/wp\/v2\/media\/146535"}],"wp:attachment":[{"href":"https:\/\/gpl-love.com\/fr\/wp-json\/wp\/v2\/media?parent=130201"}],"wp:term":[{"taxonomy":"product_brand","embeddable":true,"href":"https:\/\/gpl-love.com\/fr\/wp-json\/wp\/v2\/product_brand?post=130201"},{"taxonomy":"product_cat","embeddable":true,"href":"https:\/\/gpl-love.com\/fr\/wp-json\/wp\/v2\/product_cat?post=130201"},{"taxonomy":"product_tag","embeddable":true,"href":"https:\/\/gpl-love.com\/fr\/wp-json\/wp\/v2\/product_tag?post=130201"}],"curies":[{"name":"wp","href":"https:\/\/api.w.org\/{rel}","templated":true}]}}