{"id":130200,"date":"2025-06-05T00:00:00","date_gmt":"2025-06-04T22:00:00","guid":{"rendered":"https:\/\/gpl-love.com\/fr\/produit\/yaymail-woocommerce-waitlist\/"},"modified":"2026-03-20T23:55:33","modified_gmt":"2026-03-20T22:55:33","slug":"yaymail-woocommerce-waitlist","status":"publish","type":"product","link":"https:\/\/gpl-love.com\/fr\/produit\/yaymail-woocommerce-waitlist\/","title":{"rendered":"YayMail WooCommerce Waitlist 4.0"},"content":{"rendered":"<h3>YayMail WooCommerce Waitlist Traits<\/h3>\n<p>Yaymail WooCommerce Waitlist est un outil incroyablement robuste et efficace qui a \u00e9t\u00e9 m\u00e9ticuleusement con\u00e7u pour aider et aider les propri\u00e9taires en ligne \u00e0 augmenter leurs ventes et \u00e0 am\u00e9liorer le contentement des clients. Ce plugin extraordinaire accorde aux clients la possibilit\u00e9 de s&rsquo;inscrire \u00e0 une liste d&rsquo;attente chaque fois qu&rsquo;un produit particulier est malheureusement en rupture de stock, et par la suite, ils seront inform\u00e9s rapidement et rapidement par e-mail d\u00e8s que ledit produit redevient facilement disponible une fois de plus. De plus, ce plugin a \u00e9t\u00e9 habilement int\u00e9gr\u00e9 \u00e0 WooCommerce, facilitant ainsi la gestion transparente des listes d&rsquo;attente et la surveillance de la disponibilit\u00e9 des produits. En incorporant les capacit\u00e9s remarquables de la liste d&rsquo;attente de Yaymail WooCommerce dans votre boutique en ligne, vous pouvez am\u00e9liorer efficacement et de mani\u00e8re significative le taux d&rsquo;abandon de CART, amplifier le nombre de conversions r\u00e9ussies et, finalement, offrir une exp\u00e9rience d&rsquo;achat in\u00e9gal et superlative \u00e0 votre client\u00e8le estim\u00e9e. Que votre entreprise soit une entreprise modeste et naissante ou un Emporium de commerce \u00e9lectronique colossal et florissant, ce plugin exceptionnel poss\u00e8de la capacit\u00e9 in\u00e9gal\u00e9e \u00e0 revigorer et \u00e0 nourrir votre entreprise, tout en vous permettant de d\u00e9passer et de surpasser simultan\u00e9 .<\/p>\n<ul>\n<li>Permet aux clients de s&rsquo;inscrire \u00e0 une liste d&rsquo;attente pour des produits en rupture de stock dans votre boutique WooCommerce<\/li>\n<li>Envoie des notifications par e-mail automatique aux clients lorsqu&rsquo;un produit est de retour en stock<\/li>\n<li>Aide \u00e0 conserver les clients et \u00e0 r\u00e9duire l&rsquo;abandon de panier d&rsquo;achat en offrant une autre option pour attendre qu&rsquo;un produit soit de retour en stock<\/li>\n<li>Convivial et facile \u00e0 configurer sans codage requis<\/li>\n<li>Compatibilit\u00e9 avec la plupart des th\u00e8mes et plugins WooCommerce<\/li>\n<li>Mod\u00e8les de messagerie et messagerie personnalisables pour correspondre \u00e0 la marque et \u00e0 la tonalit\u00e9 de votre magasin<\/li>\n<li>Fournit des informations pr\u00e9cieuses sur la demande des clients pour des produits sp\u00e9cifiques et permet des d\u00e9cisions de gestion des stocks<\/li>\n<li>Plans de prix abordables, y compris une option gratuite pour les petits magasins ou les p\u00e9riodes d&rsquo;essai.<\/li>\n<\/ul>\n","protected":false},"excerpt":{"rendered":"<p>Yaymail WooCommerce Waitlist, \u00e9tant un plugin d&rsquo;avant-garde, offre aux propri\u00e9taires de la boutique en ligne la possibilit\u00e9 d&rsquo;\u00e9tablir un registre de clients potentiels attendant avec impatience la disponibilit\u00e9 de leurs produits. Cet instrument remarquablement puissant facilite la collecte d&rsquo;adresses e-mail appartenant \u00e0 des acheteurs intrigu\u00e9s, facilitant par la suite la notification en temps opportun desdits acheteurs une fois que l&rsquo;article est de nouveau au stock. La mise en \u0153uvre de cette solution immacul\u00e9e s&rsquo;av\u00e8re particuli\u00e8rement avantageuse lors de l&rsquo;effort de g\u00e9n\u00e9rer de l&rsquo;excitation entourant l&rsquo;introduction de nouvelles offres de produits, ainsi que lors des cas de r\u00e9duction des niveaux d&rsquo;inventaire. Avec la liste d&rsquo;attente Yaymail WooCommerce \u00e0 votre disposition, la gestion et la surveillance efficaces de votre liste d&rsquo;attente devient une t\u00e2che sans tracas, contribuant efficacement \u00e0 un taux de conversions augment\u00e9 et une recrudescence des ventes.<\/p>\n","protected":false},"featured_media":146533,"comment_status":"open","ping_status":"open","template":"","meta":[],"product_brand":[2747],"product_cat":[1182,1223,1181],"product_tag":[2331],"class_list":{"0":"post-130200","1":"product","2":"type-product","3":"status-publish","4":"has-post-thumbnail","6":"product_brand-yaycommerce","7":"product_cat-commerce-electronique-plugins","8":"product_cat-personnalisation-commerce-electronique-plugins","9":"product_cat-plugins","10":"product_tag-yaycommerce","11":"member-discount","12":"discount-restricted","14":"first","15":"instock","16":"sale","17":"downloadable","18":"virtual","19":"sold-individually","20":"purchasable","21":"product-type-simple"},"_links":{"self":[{"href":"https:\/\/gpl-love.com\/fr\/wp-json\/wp\/v2\/product\/130200","targetHints":{"allow":["GET"]}}],"collection":[{"href":"https:\/\/gpl-love.com\/fr\/wp-json\/wp\/v2\/product"}],"about":[{"href":"https:\/\/gpl-love.com\/fr\/wp-json\/wp\/v2\/types\/product"}],"replies":[{"embeddable":true,"href":"https:\/\/gpl-love.com\/fr\/wp-json\/wp\/v2\/comments?post=130200"}],"wp:featuredmedia":[{"embeddable":true,"href":"https:\/\/gpl-love.com\/fr\/wp-json\/wp\/v2\/media\/146533"}],"wp:attachment":[{"href":"https:\/\/gpl-love.com\/fr\/wp-json\/wp\/v2\/media?parent=130200"}],"wp:term":[{"taxonomy":"product_brand","embeddable":true,"href":"https:\/\/gpl-love.com\/fr\/wp-json\/wp\/v2\/product_brand?post=130200"},{"taxonomy":"product_cat","embeddable":true,"href":"https:\/\/gpl-love.com\/fr\/wp-json\/wp\/v2\/product_cat?post=130200"},{"taxonomy":"product_tag","embeddable":true,"href":"https:\/\/gpl-love.com\/fr\/wp-json\/wp\/v2\/product_tag?post=130200"}],"curies":[{"name":"wp","href":"https:\/\/api.w.org\/{rel}","templated":true}]}}