{"id":130199,"date":"2025-06-05T00:00:00","date_gmt":"2025-06-04T22:00:00","guid":{"rendered":"https:\/\/gpl-love.com\/fr\/produit\/yaymail-woocommmerce-print-invoice-et-packing-lists\/"},"modified":"2026-03-20T23:55:32","modified_gmt":"2026-03-20T22:55:32","slug":"yaymail-woocommmerce-print-invoice-et-packing-lists","status":"publish","type":"product","link":"https:\/\/gpl-love.com\/fr\/produit\/yaymail-woocommmerce-print-invoice-et-packing-lists\/","title":{"rendered":"YayMail WooCommmerce Print Invoice et Packing Lists 4.0"},"content":{"rendered":"<h3>YayMail WooCommmerce Print Invoice et Packing Lists Traits<\/h3>\n<p>Yaymail WooCommerce Imprimer des listes de factures et d&#8217;emballage appara\u00eet comme un plug-in extraordinaire qui s&rsquo;av\u00e8re d\u00e9terminant dans la facilitation de la g\u00e9n\u00e9ration de factures personnalis\u00e9es et de listes d&#8217;emballage avec la plus grande facilit\u00e9. L&rsquo;interface, con\u00e7ue pour \u00eatre conviviale, permet une int\u00e9gration transparente dans le site WordPress et la plate-forme WooCommerce. Par cons\u00e9quent, ce plug-in particulier devient un atout indispensable pour les magasins en ligne qui s&rsquo;efforcent de rationaliser leur processus de cr\u00e9ation de listes de facturation et d&#8217;emballage. Les listes de factures et d&#8217;emballage d&rsquo;impression de Yaymail WooCommerce repr\u00e9sentent une solution \u00e9conomique et \u00e9conome en temps qui garantit la production de factures et de listes d&#8217;emballage de premier ordre. La disponibilit\u00e9 de formats et de mod\u00e8les personnalisables ajoute en outre une touche de professionnalisme aux listes de factures et d&#8217;emballage, augmentant ainsi l&rsquo;exp\u00e9rience client globale. En tenant compte de tout, Yaymail WooCommerce Imprimer la facture et les listes d&#8217;emballage prouve son courage comme un outil tr\u00e8s efficace qui simplifie le processus de facturation et d&#8217;emballage, ce qui en fait un investissement exceptionnel pour toute boutique en ligne.<\/p>\n<ul>\n<li>Possibilit\u00e9 d&rsquo;imprimer des factures et des listes d&#8217;emballage directement \u00e0 partir de WooCommerce<\/li>\n<li>Mod\u00e8les personnalisables pour les documents imprim\u00e9s<\/li>\n<li>Mise \u00e0 jour automatique des informations de commande et de produit sur les documents imprim\u00e9s<\/li>\n<li>Simplifie le processus de r\u00e9alisation des commandes<\/li>\n<li>Am\u00e9lioration de la pr\u00e9cision et de l&rsquo;organisation des informations sur les commandes<\/li>\n<li>Gave le temps et r\u00e9duit les erreurs dans le traitement des commandes manuelles<\/li>\n<li>Int\u00e9gration avec les principaux transporteurs d&rsquo;exp\u00e9dition pour une impression de marque facile<\/li>\n<li>Compatible avec les extensions et th\u00e8mes de WooCommerce majeurs<\/li>\n<li>Des tarifs abordables pr\u00e9voient des besoins commerciaux divers<\/li>\n<\/ul>\n","protected":false},"excerpt":{"rendered":"<p>Yaymail WooCommerce Imprimer des listes de facturation et de cotisation est une application logicielle extr\u00eamement robuste et efficace qui vous accorde la capacit\u00e9 in\u00e9gal\u00e9e de g\u00e9n\u00e9rer et de produire sans effort des factures et des listes d&#8217;emballage du plus grand professionnalisme pour votre magasin virtuel. Cet outil exceptionnellement innovant sert \u00e0 optimiser et \u00e0 am\u00e9liorer le flux proc\u00e9dural impliqu\u00e9 dans le traitement de vos innombrables commandes, vous offrant ainsi le luxe inestimable de la commodit\u00e9 de la sauvegarde du temps et une exp\u00e9rience client am\u00e9lior\u00e9e. Que vous vous trouviez charg\u00e9 de l&rsquo;exp\u00e9dition d&rsquo;un simple package solitaire ou d&rsquo;une vaste multitude de colis, Yaymail WooCommerce Imprimer la facture et les listes d&#8217;emballage vous donnent de mani\u00e8re transparente tous les documents indispensables pour g\u00e9rer habilement vos commandes et imprimer rapidement tous les documents essentiels n\u00e9cessaires , le tout dans le simple clic d&rsquo;un bouton.<\/p>\n","protected":false},"featured_media":146532,"comment_status":"open","ping_status":"open","template":"","meta":[],"product_brand":[2747],"product_cat":[1182,1223,1181],"product_tag":[2331],"class_list":{"0":"post-130199","1":"product","2":"type-product","3":"status-publish","4":"has-post-thumbnail","6":"product_brand-yaycommerce","7":"product_cat-commerce-electronique-plugins","8":"product_cat-personnalisation-commerce-electronique-plugins","9":"product_cat-plugins","10":"product_tag-yaycommerce","11":"member-discount","12":"discount-restricted","14":"first","15":"instock","16":"sale","17":"downloadable","18":"virtual","19":"sold-individually","20":"purchasable","21":"product-type-simple"},"_links":{"self":[{"href":"https:\/\/gpl-love.com\/fr\/wp-json\/wp\/v2\/product\/130199","targetHints":{"allow":["GET"]}}],"collection":[{"href":"https:\/\/gpl-love.com\/fr\/wp-json\/wp\/v2\/product"}],"about":[{"href":"https:\/\/gpl-love.com\/fr\/wp-json\/wp\/v2\/types\/product"}],"replies":[{"embeddable":true,"href":"https:\/\/gpl-love.com\/fr\/wp-json\/wp\/v2\/comments?post=130199"}],"wp:featuredmedia":[{"embeddable":true,"href":"https:\/\/gpl-love.com\/fr\/wp-json\/wp\/v2\/media\/146532"}],"wp:attachment":[{"href":"https:\/\/gpl-love.com\/fr\/wp-json\/wp\/v2\/media?parent=130199"}],"wp:term":[{"taxonomy":"product_brand","embeddable":true,"href":"https:\/\/gpl-love.com\/fr\/wp-json\/wp\/v2\/product_brand?post=130199"},{"taxonomy":"product_cat","embeddable":true,"href":"https:\/\/gpl-love.com\/fr\/wp-json\/wp\/v2\/product_cat?post=130199"},{"taxonomy":"product_tag","embeddable":true,"href":"https:\/\/gpl-love.com\/fr\/wp-json\/wp\/v2\/product_tag?post=130199"}],"curies":[{"name":"wp","href":"https:\/\/api.w.org\/{rel}","templated":true}]}}