{"id":130198,"date":"2025-06-05T00:00:00","date_gmt":"2025-06-04T22:00:00","guid":{"rendered":"https:\/\/gpl-love.com\/fr\/produit\/yaymail-yith-gift-cards\/"},"modified":"2026-03-20T23:55:31","modified_gmt":"2026-03-20T22:55:31","slug":"yaymail-yith-gift-cards","status":"publish","type":"product","link":"https:\/\/gpl-love.com\/fr\/produit\/yaymail-yith-gift-cards\/","title":{"rendered":"YayMail Yith Gift Cards 1.5"},"content":{"rendered":"<h3>YayMail Yith Gift Cards Traits<\/h3>\n<p>Les cartes-cadeaux Yaymail Yith se pr\u00e9sentent comme une solution globale adapt\u00e9e aux entreprises souhaitant offrir des cartes-cadeaux \u00e0 leur client\u00e8le estim\u00e9e. En tirant parti de cette plate-forme de pointe, les entreprises sont autoris\u00e9es \u00e0 organiser des cartes-cadeaux sur mesure qui sont \u00e9changeables \u00e0 la fois en ligne et dans les magasins physiques. La plate-forme poss\u00e8de une exp\u00e9rience utilisateur sans couture, offrant une pl\u00e9thore de mod\u00e8les et de conceptions m\u00e9ticuleusement con\u00e7us pour r\u00e9pondre \u00e0 diverses pr\u00e9f\u00e9rences. De plus, la plate-forme propose des analyses complexes, fournissant aux entreprises des informations inestimables pour surveiller et \u00e9valuer l&rsquo;efficacit\u00e9 de leurs initiatives de cartes-cadeaux. Essentiellement, les cartes-cadeaux Yaymail Yith sont un instrument incontestablement puissant, pr\u00eate \u00e0 autonomiser les entreprises en augmentant leurs sources de revenus et en cultivant la fid\u00e9lit\u00e9 in\u00e9branlable des clients gr\u00e2ce \u00e0 la mise en \u0153uvre strat\u00e9gique des programmes de cartes-cadeaux.<\/p>\n<ul>\n<li>Solution de carte-cadeau pratique et facile \u00e0 utiliser<\/li>\n<li>Permet aux clients d&rsquo;acheter facilement des cartes-cadeaux pour leurs proches<\/li>\n<li>Donne aux destinataires la libert\u00e9 de choisir le cadeau parfait pour eux-m\u00eames<\/li>\n<li>Offre une large gamme de d\u00e9nominations de cartes-cadeaux pour s&rsquo;adapter \u00e0 tout budget<\/li>\n<li>Peut \u00eatre utilis\u00e9 pour les achats en ligne ou les transactions en magasin<\/li>\n<li>Fournit un processus de paiement transparent et s\u00e9curis\u00e9<\/li>\n<li>Compatible avec les plateformes de commerce \u00e9lectronique les plus populaires<\/li>\n<li>Aide \u00e0 accro\u00eetre la fid\u00e9lit\u00e9 et la satisfaction des clients<\/li>\n<li>Permet aux entreprises de g\u00e9n\u00e9rer des revenus et des ventes suppl\u00e9mentaires<\/li>\n<li>Fournit des rapports et des analyses d\u00e9taill\u00e9s pour suivre l&rsquo;utilisation des cartes-cadeaux et les tendances des ventes.<\/li>\n<\/ul>\n","protected":false},"excerpt":{"rendered":"<p>Pr\u00e9sentation des cartes-cadeaux Yaymail Yith remarquables, une solution exquise et ing\u00e9nieuse qui s&rsquo;adresse \u00e0 ceux qui recherchent une alternative de cadeau contemplative et adaptable. Ces cartes-cadeaux exquises accordent le pouvoir de se procurer un vaste assortiment de marchandises et d&rsquo;\u00e9quipements d&rsquo;une pl\u00e9thore de fournisseurs participants, ce qui leur a rendu l&rsquo;offre par excellence pour tout \u00e9v\u00e9nement imaginable. En se pr\u00e9voyant des cartes-cadeaux extraordinaires Yaymail Yith, on a la capacit\u00e9 de donner \u00e0 leurs ch\u00e9ries le don d&rsquo;autonomie et de facilit\u00e9. Par cons\u00e9quent, pourquoi retarder plus longtemps? Embarquez dans votre exp\u00e9dition commerciale sans plus tarder et illuminez la journ\u00e9e de quelqu&rsquo;un avec la splendeur in\u00e9gal\u00e9e d&rsquo;une carte-cadeau Yaymail Yith!<\/p>\n","protected":false},"featured_media":146530,"comment_status":"open","ping_status":"open","template":"","meta":[],"product_brand":[2747],"product_cat":[1182,1223,1181],"product_tag":[2331],"class_list":{"0":"post-130198","1":"product","2":"type-product","3":"status-publish","4":"has-post-thumbnail","6":"product_brand-yaycommerce","7":"product_cat-commerce-electronique-plugins","8":"product_cat-personnalisation-commerce-electronique-plugins","9":"product_cat-plugins","10":"product_tag-yaycommerce","11":"member-discount","12":"discount-restricted","14":"first","15":"instock","16":"sale","17":"downloadable","18":"virtual","19":"sold-individually","20":"purchasable","21":"product-type-simple"},"_links":{"self":[{"href":"https:\/\/gpl-love.com\/fr\/wp-json\/wp\/v2\/product\/130198","targetHints":{"allow":["GET"]}}],"collection":[{"href":"https:\/\/gpl-love.com\/fr\/wp-json\/wp\/v2\/product"}],"about":[{"href":"https:\/\/gpl-love.com\/fr\/wp-json\/wp\/v2\/types\/product"}],"replies":[{"embeddable":true,"href":"https:\/\/gpl-love.com\/fr\/wp-json\/wp\/v2\/comments?post=130198"}],"wp:featuredmedia":[{"embeddable":true,"href":"https:\/\/gpl-love.com\/fr\/wp-json\/wp\/v2\/media\/146530"}],"wp:attachment":[{"href":"https:\/\/gpl-love.com\/fr\/wp-json\/wp\/v2\/media?parent=130198"}],"wp:term":[{"taxonomy":"product_brand","embeddable":true,"href":"https:\/\/gpl-love.com\/fr\/wp-json\/wp\/v2\/product_brand?post=130198"},{"taxonomy":"product_cat","embeddable":true,"href":"https:\/\/gpl-love.com\/fr\/wp-json\/wp\/v2\/product_cat?post=130198"},{"taxonomy":"product_tag","embeddable":true,"href":"https:\/\/gpl-love.com\/fr\/wp-json\/wp\/v2\/product_tag?post=130198"}],"curies":[{"name":"wp","href":"https:\/\/api.w.org\/{rel}","templated":true}]}}