{"id":130196,"date":"2025-06-05T00:00:00","date_gmt":"2025-06-04T22:00:00","guid":{"rendered":"https:\/\/gpl-love.com\/fr\/produit\/yaymail-woocommerce-memberships\/"},"modified":"2026-03-20T23:55:29","modified_gmt":"2026-03-20T22:55:29","slug":"yaymail-woocommerce-memberships","status":"publish","type":"product","link":"https:\/\/gpl-love.com\/fr\/produit\/yaymail-woocommerce-memberships\/","title":{"rendered":"YayMail Woocommerce Memberships 4.0"},"content":{"rendered":"<h3>YayMail Woocommerce Memberships Traits<\/h3>\n<p>Les abonnements Yaymail WooCommerce sont un outil incroyablement robuste qui offre une grande aide aux entreprises pour rationaliser leur processus de gestion des membres. En incorporant ce plugin, les entreprises peuvent sans effort g\u00e9n\u00e9rer, superviser et donner des abonnements pour leur magasin virtuel. Le plugin est \u00e9quip\u00e9 d&rsquo;une vaste gamme de fonctionnalit\u00e9s qui accordent aux entreprises la possibilit\u00e9 de r\u00e9glementer l&rsquo;accessibilit\u00e9 du contenu, de stipuler les tarifs et les plans d&rsquo;abonnement, ainsi que de surveiller l&rsquo;activit\u00e9 des membres. En outre, ce plugin s&rsquo;int\u00e8gre de mani\u00e8re transparente \u00e0 WooCommerce, facilitant ainsi la gestion sans effort des abonnements et le traitement des paiements pour les entreprises. Yaymail WooCommerce Les adh\u00e9sions poss\u00e8dent une interface qui est remarquablement conviviale, permettant ainsi aux entreprises de configurer et commencer rapidement la vente des abonnements sans d\u00e9lai. Quelle que soit la taille de l&rsquo;entreprise, cette solution s&rsquo;av\u00e8re \u00eatre la quintessence des entreprises qui cherchent \u00e0 mon\u00e9tiser leur contenu et leurs services tout en offrant simultan\u00e9ment \u00e0 leurs membres estim\u00e9s une exp\u00e9rience in\u00e9gal\u00e9e.<\/p>\n<ul>\n<li>Un outil puissant pour g\u00e9rer les abonnements WooCommerce<\/li>\n<li>Enti\u00e8rement int\u00e9gr\u00e9 \u00e0 la plateforme de marketing par e-mail Yaymail<\/li>\n<li>Offre une personnalisation facile des plans d&rsquo;adh\u00e9sion et des options d&rsquo;abonnement<\/li>\n<li>Rationalise le processus d&rsquo;enregistrement et de renouvellement des membres pour les clients<\/li>\n<li>Fournit aux administrateurs des outils puissants pour g\u00e9rer et communiquer avec les membres<\/li>\n<li>Peut aider \u00e0 augmenter les revenus et l&rsquo;engagement des clients gr\u00e2ce aux e-mails et promotions cibl\u00e9s<\/li>\n<li>Compatible avec une large gamme de th\u00e8mes et plugins WooCommerce<\/li>\n<li>Propose des rapports et des analyses d\u00e9taill\u00e9s pour aider \u00e0 surveiller les activit\u00e9s et les performances de l&rsquo;adh\u00e9sion<\/li>\n<li>Fournit une interface conviviale pour g\u00e9rer les abonnements et abonnements<\/li>\n<li>Livr\u00e9 avec un support client exceptionnel et des mises \u00e0 jour et des mises \u00e0 niveau r\u00e9guli\u00e8res.<\/li>\n<\/ul>\n","protected":false},"excerpt":{"rendered":"<p>Yaymail WooCommerce Adhips, une solution robuste et efficace, permet aux entreprises en ligne de sa capacit\u00e9 \u00e0 g\u00e9rer de mani\u00e8re transparente la gestion des membres et de l&rsquo;abonnement. Cet outil offre une myriade de fonctionnalit\u00e9s avanc\u00e9es, telles que la facturation automatis\u00e9e d&rsquo;abonnement, des niveaux d&rsquo;adh\u00e9sion personnalis\u00e9s avec des dates d&rsquo;expiration et un contenu exclusif et l&rsquo;accessibilit\u00e9 des produits. En utilisant les abonnements Yaymail WooCommerce, le fardeau de superviser les abonnements en ligne est att\u00e9nu\u00e9, ce qui en fait un atout inestimable pour les entreprises de toutes \u00e9chelles, que ce soit une petite entreprise entrepreneuriale ou une entit\u00e9 professionnelle tentaculaire. En optimisant la gestion des utilisateurs et en cultivant un client d\u00e9vou\u00e9, cet outil exceptionnel sert de catalyseur \u00e0 l&rsquo;efficacit\u00e9 op\u00e9rationnelle et \u00e0 la croissance durable. D\u00e9couvrez ses capacit\u00e9s transformatrices en l&#8217;embrassant aujourd&rsquo;hui!<\/p>\n","protected":false},"featured_media":146528,"comment_status":"open","ping_status":"open","template":"","meta":[],"product_brand":[2747],"product_cat":[1182,1223,1181],"product_tag":[2331],"class_list":{"0":"post-130196","1":"product","2":"type-product","3":"status-publish","4":"has-post-thumbnail","6":"product_brand-yaycommerce","7":"product_cat-commerce-electronique-plugins","8":"product_cat-personnalisation-commerce-electronique-plugins","9":"product_cat-plugins","10":"product_tag-yaycommerce","11":"member-discount","12":"discount-restricted","14":"first","15":"instock","16":"sale","17":"downloadable","18":"virtual","19":"sold-individually","20":"purchasable","21":"product-type-simple"},"_links":{"self":[{"href":"https:\/\/gpl-love.com\/fr\/wp-json\/wp\/v2\/product\/130196","targetHints":{"allow":["GET"]}}],"collection":[{"href":"https:\/\/gpl-love.com\/fr\/wp-json\/wp\/v2\/product"}],"about":[{"href":"https:\/\/gpl-love.com\/fr\/wp-json\/wp\/v2\/types\/product"}],"replies":[{"embeddable":true,"href":"https:\/\/gpl-love.com\/fr\/wp-json\/wp\/v2\/comments?post=130196"}],"wp:featuredmedia":[{"embeddable":true,"href":"https:\/\/gpl-love.com\/fr\/wp-json\/wp\/v2\/media\/146528"}],"wp:attachment":[{"href":"https:\/\/gpl-love.com\/fr\/wp-json\/wp\/v2\/media?parent=130196"}],"wp:term":[{"taxonomy":"product_brand","embeddable":true,"href":"https:\/\/gpl-love.com\/fr\/wp-json\/wp\/v2\/product_brand?post=130196"},{"taxonomy":"product_cat","embeddable":true,"href":"https:\/\/gpl-love.com\/fr\/wp-json\/wp\/v2\/product_cat?post=130196"},{"taxonomy":"product_tag","embeddable":true,"href":"https:\/\/gpl-love.com\/fr\/wp-json\/wp\/v2\/product_tag?post=130196"}],"curies":[{"name":"wp","href":"https:\/\/api.w.org\/{rel}","templated":true}]}}