{"id":130195,"date":"2025-06-05T00:00:00","date_gmt":"2025-06-04T22:00:00","guid":{"rendered":"https:\/\/gpl-love.com\/fr\/produit\/yaymail-follow-up-emails\/"},"modified":"2026-03-20T23:55:28","modified_gmt":"2026-03-20T22:55:28","slug":"yaymail-follow-up-emails","status":"publish","type":"product","link":"https:\/\/gpl-love.com\/fr\/produit\/yaymail-follow-up-emails\/","title":{"rendered":"YayMail Follow-up Emails 4.0"},"content":{"rendered":"<h3>YayMail Follow-up Emails Traits<\/h3>\n<p>Les e-mails de suivi de Yaymail, un outil incroyablement puissant, ont \u00e9t\u00e9 m\u00e9ticuleusement con\u00e7us pour offrir une aide immense aux entreprises dans le maintien d&rsquo;un lien solide avec leurs pr\u00e9cieux clients. Ce logiciel r\u00e9volutionnaire a la capacit\u00e9 remarquable de rationaliser l&rsquo;ensemble du processus de r\u00e9partition des e-mails de suivi aux clients, garantissant ainsi qu&rsquo;ils re\u00e7oivent des communications rapides et pertinentes qui maintiennent efficacement leur int\u00e9r\u00eat et leur implication avec votre marque estim\u00e9e. Avec les fonctionnalit\u00e9s extraordinaires des e-mails de suivi de Yaymail \u00e0 votre disposition, vous pouvez \u00e9laborer sans effort des messages sur mesure qui r\u00e9sonnent profond\u00e9ment avec votre public pr\u00e9vu, que votre objectif soit de promouvoir de nouveaux produits ou simplement de prolonger une v\u00e9ritable enqu\u00eate sur leur bien-\u00eatre . En automatisant de mani\u00e8re experte cette facette absolument cruciale de l&rsquo;engagement des clients, les e-mails de suivi de Yaymail aident avec diligence les entreprises \u00e0 gagner du temps pr\u00e9cieux et \u00e0 am\u00e9liorer consid\u00e9rablement l&rsquo;efficacit\u00e9 de leurs campagnes marketing, ce qui a finalement conduit \u00e0 un contentement client amplifi\u00e9, \u00e0 une entreprise r\u00e9p\u00e9t\u00e9e et \u00e0 une croissance substantielle des revenus.<\/p>\n<ul>\n<li>Mod\u00e8les de messagerie de suivi professionnels et efficaces<\/li>\n<li>Options de personnalisation, y compris le nom du destinataire et l&rsquo;adresse e-mail<\/li>\n<li>Processus d&rsquo;envoi automatis\u00e9 pour les suivis en temps opportun<\/li>\n<li>Int\u00e9gration CRM pour le flux de travail rationalis\u00e9<\/li>\n<li>Analyse et rapport pour le suivi des taux ouverts et de r\u00e9ponse<\/li>\n<li>Interface facile \u00e0 utiliser pour la personnalisation rapide et l&rsquo;envoi d&rsquo;e-mails<\/li>\n<li>Option pour planifier les suivis \u00e0 l&rsquo;avance pour une communication efficace<\/li>\n<li>Conception r\u00e9active pour une visualisation optimale sur tous les appareils<\/li>\n<li>Plans de prix abordables pour les entreprises de toutes tailles<\/li>\n<li>Support client exceptionnel de l&rsquo;\u00e9quipe Yaymail.<\/li>\n<\/ul>\n","protected":false},"excerpt":{"rendered":"<p>Les e-mails de suivi de Yaymail, un outil de marketing par e-mail incroyablement puissant et efficace, ont \u00e9t\u00e9 m\u00e9ticuleusement con\u00e7us pour aider les entreprises \u00e0 maintenir une communication r\u00e9guli\u00e8re avec leurs clients ch\u00e9ris, augmentant ainsi la fid\u00e9lit\u00e9 des clients. En tirant parti des capacit\u00e9s impressionnantes de Yaymail, les utilisateurs peuvent g\u00e9n\u00e9rer et automatiser sans effort les e-mails de suivi qui non seulement captivent et absorbent leur public cible, mais aussi stimuler la croissance des ventes et \u00e9tablir des relations durables. Quelle que soit la taille et l&rsquo;\u00e9chelle de votre entreprise, Yaymail propose fi\u00e8rement un \u00e9ventail de fonctionnalit\u00e9s avanc\u00e9es et un niveau d&rsquo;adaptabilit\u00e9 remarquable, assurant la livraison transparente d&rsquo;e-mails personnalis\u00e9s et tr\u00e8s concentr\u00e9s qui laissent une impression durable. Alors pourquoi en tarder davantage? Embarquez dans votre voyage avec les e-mails de suivi de Yaymail aujourd&rsquo;hui et propulsez les r\u00e9sultats souhait\u00e9s pour se concr\u00e9tiser!<\/p>\n","protected":false},"featured_media":146527,"comment_status":"open","ping_status":"open","template":"","meta":[],"product_brand":[2747],"product_cat":[1182,1223,1181],"product_tag":[2331],"class_list":{"0":"post-130195","1":"product","2":"type-product","3":"status-publish","4":"has-post-thumbnail","6":"product_brand-yaycommerce","7":"product_cat-commerce-electronique-plugins","8":"product_cat-personnalisation-commerce-electronique-plugins","9":"product_cat-plugins","10":"product_tag-yaycommerce","11":"member-discount","12":"discount-restricted","14":"first","15":"instock","16":"sale","17":"downloadable","18":"virtual","19":"sold-individually","20":"purchasable","21":"product-type-simple"},"_links":{"self":[{"href":"https:\/\/gpl-love.com\/fr\/wp-json\/wp\/v2\/product\/130195","targetHints":{"allow":["GET"]}}],"collection":[{"href":"https:\/\/gpl-love.com\/fr\/wp-json\/wp\/v2\/product"}],"about":[{"href":"https:\/\/gpl-love.com\/fr\/wp-json\/wp\/v2\/types\/product"}],"replies":[{"embeddable":true,"href":"https:\/\/gpl-love.com\/fr\/wp-json\/wp\/v2\/comments?post=130195"}],"wp:featuredmedia":[{"embeddable":true,"href":"https:\/\/gpl-love.com\/fr\/wp-json\/wp\/v2\/media\/146527"}],"wp:attachment":[{"href":"https:\/\/gpl-love.com\/fr\/wp-json\/wp\/v2\/media?parent=130195"}],"wp:term":[{"taxonomy":"product_brand","embeddable":true,"href":"https:\/\/gpl-love.com\/fr\/wp-json\/wp\/v2\/product_brand?post=130195"},{"taxonomy":"product_cat","embeddable":true,"href":"https:\/\/gpl-love.com\/fr\/wp-json\/wp\/v2\/product_cat?post=130195"},{"taxonomy":"product_tag","embeddable":true,"href":"https:\/\/gpl-love.com\/fr\/wp-json\/wp\/v2\/product_tag?post=130195"}],"curies":[{"name":"wp","href":"https:\/\/api.w.org\/{rel}","templated":true}]}}