{"id":130194,"date":"2025-06-05T00:00:00","date_gmt":"2025-06-04T22:00:00","guid":{"rendered":"https:\/\/gpl-love.com\/fr\/produit\/yaymail-woocommerce-appointments\/"},"modified":"2026-03-20T23:55:27","modified_gmt":"2026-03-20T22:55:27","slug":"yaymail-woocommerce-appointments","status":"publish","type":"product","link":"https:\/\/gpl-love.com\/fr\/produit\/yaymail-woocommerce-appointments\/","title":{"rendered":"YayMail Woocommerce Appointments 4.0"},"content":{"rendered":"<h3>YayMail Woocommerce Appointments Traits<\/h3>\n<p>Les rendez-vous Yaymail WooCommerce sont une application de pointe, r\u00e9put\u00e9e pour ses capacit\u00e9s innovantes pour faciliter la rationalisation transparente du processus complexe de planification des rendez-vous clients pour les entreprises. Cette application remarquable permet aux clients de leur fournir la commodit\u00e9 de r\u00e9server sans effort des rendez-vous directement via le site Web des entreprises. En outre, il confond les entreprises \u00e0 la capacit\u00e9 indispensable d&rsquo;administrer sans effort leurs rendez-vous, de transmettre des rappels aux clients et m\u00eame de faciliter l&rsquo;acceptation des paiements en ligne. Par cons\u00e9quent, il appara\u00eet comme un instrument extraordinaire, caract\u00e9ris\u00e9 par son efficacit\u00e9 et son efficacit\u00e9 in\u00e9gal\u00e9es, capables d&rsquo;am\u00e9liorer la satisfaction des clients et d&rsquo;augmenter la productivit\u00e9 commerciale. Ainsi, les rendez-vous Yaymail WooCommerce apparaissent comme la panac\u00e9e par excellence, r\u00e9pondant aux besoins des entreprises aspirant \u00e0 simplifier leurs efforts de planification de rendez-vous.<\/p>\n<ul>\n<li>Int\u00e9gration transparente avec WooCommerce<\/li>\n<li>Possibilit\u00e9 d&rsquo;offrir une planification de rendez-vous pour les produits et services<\/li>\n<li>Champs de formulaire de r\u00e9servation personnalisables pour recueillir les informations n\u00e9cessaires des clients<\/li>\n<li>Option pour envoyer des confirmations de courriels automatis\u00e9es et des rappels aux clients<\/li>\n<li>G\u00e9rer et afficher les r\u00e9servations dans une interface de calendrier facile \u00e0 utiliser<\/li>\n<li>Capacit\u00e9 \u00e0 cr\u00e9er diff\u00e9rents types de rendez-vous avec diff\u00e9rentes longueurs et prix<\/li>\n<li>Support int\u00e9gr\u00e9 pour plusieurs emplacements et membres du personnel<\/li>\n<li>Option pour les clients pour reprogrammer ou annuler facilement les rendez-vous<\/li>\n<li>Rapports d\u00e9taill\u00e9s et analyses pour suivre les r\u00e9servations de rendez-vous et le comportement du client<\/li>\n<li>Compatible avec WordPress et les th\u00e8mes WordPress les plus populaires.<\/li>\n<\/ul>\n","protected":false},"excerpt":{"rendered":"<p>Les rendez-vous Yaymail WooCommerce sont un outil incroyablement robuste et sophistiqu\u00e9 qui a \u00e9t\u00e9 sp\u00e9cifiquement con\u00e7u pour am\u00e9liorer et optimiser consid\u00e9rablement votre processus de planification. En utilisant cette application exceptionnelle, vous avez la possibilit\u00e9 de superviser et de contr\u00f4ler et efficacement tous les aspects de vos rendez-vous, r\u00e9servations et r\u00e9servations de mani\u00e8re directe et rationalis\u00e9e directement \u00e0 partir de votre magasin WooCommerce. Cet outil remarquable vous permet de personnaliser et d&rsquo;adapter compl\u00e8tement votre formulaire de r\u00e9servation pour r\u00e9pondre pr\u00e9cis\u00e9ment \u00e0 vos besoins et exigences uniques, tout en vous accordant la capacit\u00e9 inestimable de g\u00e9rer efficacement plusieurs fournisseurs de services simultan\u00e9ment. De plus, cette application extraordinaire vous offre la flexibilit\u00e9 de fixer diff\u00e9rents niveaux de tarification, vous permettant ainsi de s&rsquo;adapter efficacement \u00e0 un large \u00e9ventail de structures et de strat\u00e9gies de tarification diff\u00e9rentes. De plus, cette solution exceptionnelle s&rsquo;int\u00e8gre parfaitement et de mani\u00e8re transparente \u00e0 votre magasin WooCommerce existant, garantissant ainsi une exp\u00e9rience de r\u00e9servation exceptionnellement fluide et sans friction pour vos clients estim\u00e9s. Avec la mise en \u0153uvre de cet outil extraordinaire, vous pouvez faire des adieux \u00e0 l&rsquo;\u00e9poque de la rencontre de doubles r\u00e9servations frustrantes et co\u00fbteuses, ainsi que la t\u00e2che fastidieuse et longue de la planification manuelle. Au lieu de cela, vous pouvez chaleureusement accueiller et embrasser la gestion de rendez-vous sans effort, efficace et tr\u00e8s efficace que Yaymail fournit sans effort.<\/p>\n","protected":false},"featured_media":146525,"comment_status":"open","ping_status":"open","template":"","meta":[],"product_brand":[2747],"product_cat":[1182,1223,1181],"product_tag":[2331],"class_list":{"0":"post-130194","1":"product","2":"type-product","3":"status-publish","4":"has-post-thumbnail","6":"product_brand-yaycommerce","7":"product_cat-commerce-electronique-plugins","8":"product_cat-personnalisation-commerce-electronique-plugins","9":"product_cat-plugins","10":"product_tag-yaycommerce","11":"member-discount","12":"discount-restricted","14":"first","15":"instock","16":"sale","17":"downloadable","18":"virtual","19":"sold-individually","20":"purchasable","21":"product-type-simple"},"_links":{"self":[{"href":"https:\/\/gpl-love.com\/fr\/wp-json\/wp\/v2\/product\/130194","targetHints":{"allow":["GET"]}}],"collection":[{"href":"https:\/\/gpl-love.com\/fr\/wp-json\/wp\/v2\/product"}],"about":[{"href":"https:\/\/gpl-love.com\/fr\/wp-json\/wp\/v2\/types\/product"}],"replies":[{"embeddable":true,"href":"https:\/\/gpl-love.com\/fr\/wp-json\/wp\/v2\/comments?post=130194"}],"wp:featuredmedia":[{"embeddable":true,"href":"https:\/\/gpl-love.com\/fr\/wp-json\/wp\/v2\/media\/146525"}],"wp:attachment":[{"href":"https:\/\/gpl-love.com\/fr\/wp-json\/wp\/v2\/media?parent=130194"}],"wp:term":[{"taxonomy":"product_brand","embeddable":true,"href":"https:\/\/gpl-love.com\/fr\/wp-json\/wp\/v2\/product_brand?post=130194"},{"taxonomy":"product_cat","embeddable":true,"href":"https:\/\/gpl-love.com\/fr\/wp-json\/wp\/v2\/product_cat?post=130194"},{"taxonomy":"product_tag","embeddable":true,"href":"https:\/\/gpl-love.com\/fr\/wp-json\/wp\/v2\/product_tag?post=130194"}],"curies":[{"name":"wp","href":"https:\/\/api.w.org\/{rel}","templated":true}]}}