{"id":130193,"date":"2025-06-05T00:00:00","date_gmt":"2025-06-04T22:00:00","guid":{"rendered":"https:\/\/gpl-love.com\/fr\/produit\/yaymail-smart-coupons\/"},"modified":"2026-03-20T23:55:26","modified_gmt":"2026-03-20T22:55:26","slug":"yaymail-smart-coupons","status":"publish","type":"product","link":"https:\/\/gpl-love.com\/fr\/produit\/yaymail-smart-coupons\/","title":{"rendered":"YayMail Smart Coupons 4.0"},"content":{"rendered":"<h3>YayMail Smart Coupons Traits<\/h3>\n<p>Yaymail Smart Coupons est un outil extr\u00eamement puissant et innovant, permettant aux entreprises d&rsquo;\u00e9laborer et de diffuser des coupons personnalis\u00e9s \u00e0 leurs pr\u00e9cieux clients. Cette solution de pointe offre une interface navigable sans effort et une pl\u00e9thore d&rsquo;options de ciblage avanc\u00e9es, ce qui permet aux entreprises d&rsquo;atteindre efficacement leur client\u00e8le avec des offres sp\u00e9cifiques au moment opportun. Que votre objectif soit d&rsquo;inciter les achats r\u00e9p\u00e9t\u00e9s, de promouvoir de nouveaux produits ou d&rsquo;amplifier le trafic vers votre site Web, Yaymail Smart Coupons offre la plus grande flexibilit\u00e9 et le contr\u00f4le n\u00e9cessaires pour atteindre vos objectifs marketing. De plus, avec ses capacit\u00e9s compl\u00e8tes d&rsquo;analyses et de rapports en temps r\u00e9el, vous pouvez surveiller m\u00e9ticuleusement les performances de vos campagnes et optimiser strat\u00e9giquement vos approches pour donner des r\u00e9sultats encore plus impressionnants. Ne perdez pas de temps et vous lancez dans le voyage d&rsquo;exploiter le potentiel des coupons intelligents de Yaymail aujourd&rsquo;hui, en t\u00e9moignant de premi\u00e8re main comment propulser vos ventes et favoriser la croissance exponentielle au sein de votre entreprise.<\/p>\n<ul>\n<li>Cr\u00e9ation facile de coupons personnalis\u00e9s<\/li>\n<li>Conceptions et texte personnalisables<\/li>\n<li>Int\u00e9gration avec les campagnes de marketing par e-mail existantes<\/li>\n<li>Suivi et rapport de l&rsquo;utilisation et de l&rsquo;efficacit\u00e9 des coupons<\/li>\n<li>Automatisation des dates de livraison et d&rsquo;expiration des coupons<\/li>\n<li>Distribution cibl\u00e9e des coupons bas\u00e9e sur le comportement et la d\u00e9mographie du client<\/li>\n<li>Augmentation de l&rsquo;engagement et de la fid\u00e9lit\u00e9 des clients<\/li>\n<li>Alimentation des ventes et des revenus gr\u00e2ce \u00e0 l&rsquo;utilisation des coupons<\/li>\n<\/ul>\n","protected":false},"excerpt":{"rendered":"<p>Yaymail Smart Coupons sert de solution ultime et globale pour les entreprises qui cherchent \u00e0 renforcer la fid\u00e9lit\u00e9 des clients et \u00e0 renforcer les ventes. Tirant parti d&rsquo;une plate-forme conviviale, Yaymail offre aux entreprises la possibilit\u00e9 de personnaliser et de personnaliser les mod\u00e8les de coupons, qui sont enti\u00e8rement compatibles avec les plates-formes de commerce \u00e9lectronique largement utilis\u00e9es. En outre, ce syst\u00e8me surveille et analyse m\u00e9ticuleusement l&rsquo;engagement des clients, offrant par la suite des promotions cibl\u00e9es pr\u00e9cis\u00e9ment directement \u00e0 la bo\u00eete de r\u00e9ception du destinataire. En vous int\u00e9grant sans effort \u00e0 votre strat\u00e9gie de marketing existante, Yaymail est pr\u00eat \u00e0 aider \u00e0 attirer, captiver et conserver votre pr\u00e9cieuse client\u00e8le.<\/p>\n","protected":false},"featured_media":146524,"comment_status":"open","ping_status":"open","template":"","meta":[],"product_brand":[2747],"product_cat":[1182,1223,1181],"product_tag":[2331],"class_list":{"0":"post-130193","1":"product","2":"type-product","3":"status-publish","4":"has-post-thumbnail","6":"product_brand-yaycommerce","7":"product_cat-commerce-electronique-plugins","8":"product_cat-personnalisation-commerce-electronique-plugins","9":"product_cat-plugins","10":"product_tag-yaycommerce","11":"member-discount","12":"discount-restricted","14":"first","15":"instock","16":"sale","17":"downloadable","18":"virtual","19":"sold-individually","20":"purchasable","21":"product-type-simple"},"_links":{"self":[{"href":"https:\/\/gpl-love.com\/fr\/wp-json\/wp\/v2\/product\/130193","targetHints":{"allow":["GET"]}}],"collection":[{"href":"https:\/\/gpl-love.com\/fr\/wp-json\/wp\/v2\/product"}],"about":[{"href":"https:\/\/gpl-love.com\/fr\/wp-json\/wp\/v2\/types\/product"}],"replies":[{"embeddable":true,"href":"https:\/\/gpl-love.com\/fr\/wp-json\/wp\/v2\/comments?post=130193"}],"wp:featuredmedia":[{"embeddable":true,"href":"https:\/\/gpl-love.com\/fr\/wp-json\/wp\/v2\/media\/146524"}],"wp:attachment":[{"href":"https:\/\/gpl-love.com\/fr\/wp-json\/wp\/v2\/media?parent=130193"}],"wp:term":[{"taxonomy":"product_brand","embeddable":true,"href":"https:\/\/gpl-love.com\/fr\/wp-json\/wp\/v2\/product_brand?post=130193"},{"taxonomy":"product_cat","embeddable":true,"href":"https:\/\/gpl-love.com\/fr\/wp-json\/wp\/v2\/product_cat?post=130193"},{"taxonomy":"product_tag","embeddable":true,"href":"https:\/\/gpl-love.com\/fr\/wp-json\/wp\/v2\/product_tag?post=130193"}],"curies":[{"name":"wp","href":"https:\/\/api.w.org\/{rel}","templated":true}]}}