{"id":130192,"date":"2025-06-05T00:00:00","date_gmt":"2025-06-04T22:00:00","guid":{"rendered":"https:\/\/gpl-love.com\/fr\/produit\/yaymail-woocommerce-gift-cards\/"},"modified":"2026-03-20T23:55:24","modified_gmt":"2026-03-20T22:55:24","slug":"yaymail-woocommerce-gift-cards","status":"publish","type":"product","link":"https:\/\/gpl-love.com\/fr\/produit\/yaymail-woocommerce-gift-cards\/","title":{"rendered":"YayMail Woocommerce Gift Cards 4.0"},"content":{"rendered":"<h3>YayMail Woocommerce Gift Cards Traits<\/h3>\n<p>Les cartes-cadeaux Yaymail WooCommerce sert de r\u00e9ponse impeccable aux magasins en ligne et aux entreprises qui cherchent \u00e0 offrir leurs clients avec la plus grande commodit\u00e9 dans l&rsquo;achat et la transmission de cartes-cadeaux. Ce produit particulier profite \u00e0 un moyen sans effort et tr\u00e8s efficace de fabrication, de vente et d&rsquo;administration des cartes-cadeaux sur un site Web aliment\u00e9 par la plate-forme dynamique WooCommerce. Au moyen de conceptions personnalis\u00e9es et d&rsquo;options de tarification flexibles, les cartes-cadeaux Yaymail WooCommerce permettent aux clients d&rsquo;adapter leurs cartes-cadeaux avec des messages sinc\u00e8res et une vaste gamme de conceptions captivantes. Le processus d&rsquo;achat et de diffusion des cartes-cadeaux est remarquablement simple et instinctif, ce qui en fait une solution optimale pour les entreprises en train de am\u00e9liorer leur exp\u00e9rience client et d&rsquo;augmenter les ventes. Dans l&rsquo;ensemble, les cartes-cadeaux Yaymail WooCommerce incarnent un instrument inestimable pour toute entreprise en ligne s&rsquo;effor\u00e7ant de fournir \u00e0 leurs clients le cadeau des cartes-cadeaux.<\/p>\n<ul>\n<li>Les cartes-cadeaux Yaymail WooCommerce sont le cadeau parfait pour toute occasion.<\/li>\n<li>Ces cartes-cadeaux peuvent \u00eatre utilis\u00e9es pour acheter n&rsquo;importe quel produit dans votre boutique en ligne.<\/li>\n<li>Disponible en diverses d\u00e9nominations en fonction de tout budget.<\/li>\n<li>Facile \u00e0 acheter et \u00e0 envoyer \u00e9lectroniquement par e-mail ou imprim\u00e9.<\/li>\n<li>Peut \u00eatre \u00e9chang\u00e9 en ligne avec un code unique fourni avec la carte-cadeau.<\/li>\n<li>Fait des cadeaux sans tracas et pratique.<\/li>\n<li>Offre au destinataire la libert\u00e9 de choisir le produit qu&rsquo;il souhaite acheter.<\/li>\n<li>Un cadeau r\u00e9fl\u00e9chi pour les anniversaires, les vacances ou toute occasion sp\u00e9ciale.<\/li>\n<li>Ajoute une touche personnelle \u00e0 votre exp\u00e9rience de cadeau.<\/li>\n<li>Aide \u00e0 augmenter les ventes et la fid\u00e9lit\u00e9 des clients pour votre entreprise en ligne.<\/li>\n<\/ul>\n","protected":false},"excerpt":{"rendered":"<p>Les cartes-cadeaux Yaymail WooCommerce offrent une solution optimale aux personnes cherchant \u00e0 offrir un cadeau distinctif et personnalis\u00e9 sur leurs connaissances ch\u00e8res. Ces cartes-cadeaux poss\u00e8dent la flexibilit\u00e9 \u00e0 utiliser pour l&rsquo;achat de tout article disponible sur le vaste march\u00e9 WooCommerce. En outre, ils offrent une vaste gamme d&rsquo;alternatives de conception captivantes, offrant ainsi au don de cadeaux avec de nombreux choix. En raison de leur pratique et de leur commodit\u00e9, les cartes-cadeaux Yaymail WooCommerce servent de support id\u00e9al \u00e0 travers lequel on peut exprimer sa gratitude et autonomiser leur destinataire avec le don inestimable de s\u00e9lection.<\/p>\n","protected":false},"featured_media":146523,"comment_status":"open","ping_status":"open","template":"","meta":[],"product_brand":[2747],"product_cat":[1182,1223,1181],"product_tag":[2331],"class_list":{"0":"post-130192","1":"product","2":"type-product","3":"status-publish","4":"has-post-thumbnail","6":"product_brand-yaycommerce","7":"product_cat-commerce-electronique-plugins","8":"product_cat-personnalisation-commerce-electronique-plugins","9":"product_cat-plugins","10":"product_tag-yaycommerce","11":"member-discount","12":"discount-restricted","14":"first","15":"instock","16":"sale","17":"downloadable","18":"virtual","19":"sold-individually","20":"purchasable","21":"product-type-simple"},"_links":{"self":[{"href":"https:\/\/gpl-love.com\/fr\/wp-json\/wp\/v2\/product\/130192","targetHints":{"allow":["GET"]}}],"collection":[{"href":"https:\/\/gpl-love.com\/fr\/wp-json\/wp\/v2\/product"}],"about":[{"href":"https:\/\/gpl-love.com\/fr\/wp-json\/wp\/v2\/types\/product"}],"replies":[{"embeddable":true,"href":"https:\/\/gpl-love.com\/fr\/wp-json\/wp\/v2\/comments?post=130192"}],"wp:featuredmedia":[{"embeddable":true,"href":"https:\/\/gpl-love.com\/fr\/wp-json\/wp\/v2\/media\/146523"}],"wp:attachment":[{"href":"https:\/\/gpl-love.com\/fr\/wp-json\/wp\/v2\/media?parent=130192"}],"wp:term":[{"taxonomy":"product_brand","embeddable":true,"href":"https:\/\/gpl-love.com\/fr\/wp-json\/wp\/v2\/product_brand?post=130192"},{"taxonomy":"product_cat","embeddable":true,"href":"https:\/\/gpl-love.com\/fr\/wp-json\/wp\/v2\/product_cat?post=130192"},{"taxonomy":"product_tag","embeddable":true,"href":"https:\/\/gpl-love.com\/fr\/wp-json\/wp\/v2\/product_tag?post=130192"}],"curies":[{"name":"wp","href":"https:\/\/api.w.org\/{rel}","templated":true}]}}