{"id":130191,"date":"2025-06-05T00:00:00","date_gmt":"2025-06-04T22:00:00","guid":{"rendered":"https:\/\/gpl-love.com\/fr\/produit\/yaymail-automatewoo\/"},"modified":"2026-03-20T23:55:24","modified_gmt":"2026-03-20T22:55:24","slug":"yaymail-automatewoo","status":"publish","type":"product","link":"https:\/\/gpl-love.com\/fr\/produit\/yaymail-automatewoo\/","title":{"rendered":"YayMail AutomateWoo 4.0.1"},"content":{"rendered":"<h3>YayMail AutomateWoo Traits<\/h3>\n<p>Yaymail Automatewoo, un outil d&rsquo;automatisation des e-mails exceptionnellement puissant et tout enterrement, sert d&rsquo;attention inestimable pour les entreprises visant \u00e0 rationaliser leurs efforts de marketing par e-mail. B\u00e9n\u00e9ficiant d&rsquo;une interface remarquablement conviviale, Automatewoo permet aux utilisateurs de g\u00e9n\u00e9rer et de r\u00e9partir de mani\u00e8re transparente des e-mails m\u00e9ticuleusement adapt\u00e9s \u00e0 leurs abonn\u00e9s, en tenant compte de leurs comportements individuels et de leurs int\u00e9r\u00eats sp\u00e9cifiques. De plus, cet outil ph\u00e9nom\u00e9nal poss\u00e8de une impressionnante gamme de workflows d&rsquo;automatisation, englobant des aspects cruciaux tels que les rappels de chariots abandonn\u00e9s, les s\u00e9ries de bienvenue et les suivis post-achat. Comme si ces fonctionnalit\u00e9s ne suffisaient pas, Automatewoo offre \u00e9galement une abondance de capacit\u00e9s d&rsquo;analyse et de rapport complexes, accordant aux utilisateurs la possibilit\u00e9 de surveiller m\u00e9ticuleusement les performances des e-mails et d&rsquo;optimiser leurs campagnes. En r\u00e9sum\u00e9, il est clair sans \u00e9quivoque que Yaymail Automatewoo est un outil indispensable pour toute entreprise en d\u00e9sirant pour am\u00e9liorer leur strat\u00e9gie de marketing par e-mail et favoriser un taux de conversions plus \u00e9lev\u00e9.<\/p>\n<ul>\n<li>Rationaliser et automatiser la communication par e-mail WooCommerce<\/li>\n<li>Envoyez des e-mails cibl\u00e9s et personnalis\u00e9s aux clients en fonction de leur comportement et de leurs habitudes d&rsquo;achat<\/li>\n<li>Augmenter l&rsquo;engagement et la fid\u00e9lit\u00e9 des clients avec les e-mails de suivi automatis\u00e9s<\/li>\n<li>Configurez des s\u00e9quences de messagerie personnalis\u00e9es avec des d\u00e9clencheurs et des conditions pour maximiser l&rsquo;efficacit\u00e9<\/li>\n<li>Cr\u00e9er et personnaliser facilement les mod\u00e8les de messagerie avec une interface conviviale<\/li>\n<li>Planifiez les campagnes par e-mail \u00e0 l&rsquo;avance pour une efficacit\u00e9 maximale<\/li>\n<li>Afficher les analyses d\u00e9taill\u00e9es et les mesures de performance pour suivre le succ\u00e8s de vos campagnes de messagerie<\/li>\n<li>Am\u00e9liorer la satisfaction et la r\u00e9tention des clients avec une communication opportune et pertinente<\/li>\n<li>\u00c9conomisez du temps et des ressources en automatisant les t\u00e2ches de messagerie r\u00e9p\u00e9titive<\/li>\n<li>Acc\u00e9dez aux donn\u00e9es et aux informations clients pour optimiser les strat\u00e9gies de marketing par e-mail.<\/li>\n<\/ul>\n","protected":false},"excerpt":{"rendered":"<p>Yaymail Automatewoo, un outil influent pour l&rsquo;automatisation du marketing par e-mail, est m\u00e9ticuleusement con\u00e7u pour faciliter la rationalisation et l&rsquo;optimisation de vos campagnes par e-mail. Il poss\u00e8de un large \u00e9ventail de fonctionnalit\u00e9s avanc\u00e9es, telles que la messagerie personnalis\u00e9e, les e-mails d\u00e9clench\u00e9s et le contenu dynamique, qui permettent tous la cr\u00e9ation de campagnes captivantes qui donnent des r\u00e9sultats rentables. Que votre objectif soit d&rsquo;am\u00e9liorer l&rsquo;engagement, d&rsquo;amplifier les conversions ou de favoriser les relations avec les clients durables, Yaymail Automatewoo offre une solution compl\u00e8te pour \u00e9lever vos efforts de marketing par e-mail. Par cons\u00e9quent, pourquoi retarder? Embarquez dans votre voyage avec Yaymail Automatewoo aujourd&rsquo;hui et assistez \u00e0 la r\u00e9alisation des r\u00e9sultats que vous avez perp\u00e9tuellement aspir\u00e9s!<\/p>\n","protected":false},"featured_media":146522,"comment_status":"open","ping_status":"open","template":"","meta":[],"product_brand":[2747],"product_cat":[1182,1223,1181],"product_tag":[2331],"class_list":{"0":"post-130191","1":"product","2":"type-product","3":"status-publish","4":"has-post-thumbnail","6":"product_brand-yaycommerce","7":"product_cat-commerce-electronique-plugins","8":"product_cat-personnalisation-commerce-electronique-plugins","9":"product_cat-plugins","10":"product_tag-yaycommerce","11":"member-discount","12":"discount-restricted","14":"first","15":"instock","16":"sale","17":"downloadable","18":"virtual","19":"sold-individually","20":"purchasable","21":"product-type-simple"},"_links":{"self":[{"href":"https:\/\/gpl-love.com\/fr\/wp-json\/wp\/v2\/product\/130191","targetHints":{"allow":["GET"]}}],"collection":[{"href":"https:\/\/gpl-love.com\/fr\/wp-json\/wp\/v2\/product"}],"about":[{"href":"https:\/\/gpl-love.com\/fr\/wp-json\/wp\/v2\/types\/product"}],"replies":[{"embeddable":true,"href":"https:\/\/gpl-love.com\/fr\/wp-json\/wp\/v2\/comments?post=130191"}],"wp:featuredmedia":[{"embeddable":true,"href":"https:\/\/gpl-love.com\/fr\/wp-json\/wp\/v2\/media\/146522"}],"wp:attachment":[{"href":"https:\/\/gpl-love.com\/fr\/wp-json\/wp\/v2\/media?parent=130191"}],"wp:term":[{"taxonomy":"product_brand","embeddable":true,"href":"https:\/\/gpl-love.com\/fr\/wp-json\/wp\/v2\/product_brand?post=130191"},{"taxonomy":"product_cat","embeddable":true,"href":"https:\/\/gpl-love.com\/fr\/wp-json\/wp\/v2\/product_cat?post=130191"},{"taxonomy":"product_tag","embeddable":true,"href":"https:\/\/gpl-love.com\/fr\/wp-json\/wp\/v2\/product_tag?post=130191"}],"curies":[{"name":"wp","href":"https:\/\/api.w.org\/{rel}","templated":true}]}}