{"id":130190,"date":"2025-06-05T00:00:00","date_gmt":"2025-06-04T22:00:00","guid":{"rendered":"https:\/\/gpl-love.com\/fr\/produit\/yaymail-woocommerce-bookings\/"},"modified":"2026-03-20T23:55:23","modified_gmt":"2026-03-20T22:55:23","slug":"yaymail-woocommerce-bookings","status":"publish","type":"product","link":"https:\/\/gpl-love.com\/fr\/produit\/yaymail-woocommerce-bookings\/","title":{"rendered":"YayMail Woocommerce Bookings 4.0"},"content":{"rendered":"<h3>YayMail Woocommerce Bookings Traits<\/h3>\n<p>Yaymail WooCommerce Bookings est un outil incroyablement robuste et puissant qui a \u00e9t\u00e9 sp\u00e9cifiquement con\u00e7u pour rationaliser et am\u00e9liorer le processus de r\u00e9servation pour les entreprises utilisant la plate-forme WooCommerce tr\u00e8s populaire. En tirant parti des capacit\u00e9s exceptionnelles de ce plugin remarquable, les entreprises peuvent superviser et g\u00e9rer sans effort et g\u00e9rer tous leurs rendez-vous et r\u00e9servations, garantissant ainsi une exp\u00e9rience de r\u00e9servation remarquablement pratique et sans tracas pour leurs pr\u00e9cieux clients. La vaste gamme de fonctionnalit\u00e9s de pointe fournies par ce plugin innovant comprend, mais sans s&rsquo;y limiter, l&rsquo;int\u00e9gration transparente d&rsquo;un syst\u00e8me de calendrier tr\u00e8s sophistiqu\u00e9, la cr\u00e9ation et la personnalisation de formes de r\u00e9servation extr\u00eamement polyvalentes et sur mesure, ainsi que la mise en \u0153uvre d&rsquo;une Syst\u00e8me de notification par e-mail automatis\u00e9 qui garantit des mises \u00e0 jour rapides et informatives pour toutes les parties impliqu\u00e9es. De plus, les entreprises peuvent tirer parti des capacit\u00e9s remarquables des r\u00e9servations Yaymail WooCommerce pour suivre et suivre efficacement les informations essentielles des clients, g\u00e9rer habilement leurs ressources et leur disponibilit\u00e9 pr\u00e9cieuses, et m\u00eame g\u00e9n\u00e9rer des rapports et des statistiques pr\u00e9cis et complets qui fournissent des informations pr\u00e9cieuses et une aide \u00e0 la cr\u00e9ation d&rsquo;entreprises \u00e9clair\u00e9es \u00e9clair\u00e9es et compl\u00e8tes les d\u00e9cisions. Gr\u00e2ce \u00e0 son interface incroyablement conviviale et \u00e0 ses fonctionnalit\u00e9s in\u00e9gal\u00e9es, les r\u00e9servations Yaymail WooCommerce repr\u00e9sentent ind\u00e9niablement un outil indispensable et vital pour toute entreprise ambitieuse qui s&rsquo;efforce s\u00e9rieusement d&rsquo;optimiser et de rationaliser son processus de r\u00e9servation, et par cons\u00e9quent, d&rsquo;am\u00e9liorer la satisfaction globale de la client\u00e8le \u00e0 des niveaux sans pr\u00e9c\u00e9dent.<\/p>\n<ul>\n<li>Int\u00e9grations transparentes avec votre boutique WooCommerce pour une gestion de r\u00e9servation facile<\/li>\n<li>Capacit\u00e9 \u00e0 personnaliser les options de r\u00e9servation et \u00e0 configurer divers niveaux de prix<\/li>\n<li>Affichage du calendrier de r\u00e9servation intuitive pour les clients et les administrateurs<\/li>\n<li>Notifications par e-mail automatiques pour la r\u00e9servation de confirmations, de mises \u00e0 jour et de rappels<\/li>\n<li>Interface conviviale pour une gestion et un suivi de r\u00e9servation facile<\/li>\n<li>Options de passerelle de paiement multiples pour les transactions s\u00e9curis\u00e9es et pratiques<\/li>\n<li>Int\u00e9gration avec des outils tiers populaires tels que Google Calendar et Zapier<\/li>\n<li>Option pour partager facilement les informations de r\u00e9servation et les mises \u00e0 jour sur les plateformes de m\u00e9dias sociaux<\/li>\n<li>Capacit\u00e9s de rapport robustes pour vous aider \u00e0 suivre vos r\u00e9servations et vos revenus<\/li>\n<li>Support client d\u00e9di\u00e9 pour vous aider \u00e0 tirer le meilleur parti de votre syst\u00e8me de r\u00e9servation.<\/li>\n<\/ul>\n","protected":false},"excerpt":{"rendered":"<p>Les r\u00e9servations Yaymail WooCommerce apparaissent comme le plugin ultime, r\u00e9pondant aux exigences complexes de l&rsquo;organisation et de la supervision de toutes vos exigences de r\u00e9servation, en les consolidant parfaitement dans un emplacement solitaire et convivial dans la plate-forme WooCommerce. Cet outil exceptionnellement puissant vous permet de g\u00e9rer et de superviser efficacement vos r\u00e9servations de clients, d&rsquo;automatiser sans effort les confirmations, de r\u00e9partir avec diligence des rappels en temps opportun et m\u00eame de g\u00e9n\u00e9rer des rapports complets qui vous fournissent efficacement un aper\u00e7u complet de toutes les donn\u00e9es vitales concernant vos ventes et vos ventes et vos ventes et vos ventes et vos ventes et vos ventes et vos ventes et vos ventes et vos ventes et vos ventes et vos ventes et vos ventes et vos ventes et vos ventes et vos ventes et vos ventes et vos ventes et vos ventes et vous r\u00e9servations. En tirant parti des fonctionnalit\u00e9s remarquables des r\u00e9servations Yaymail WooCommerce, vous pouvez rationaliser impeccablement votre processus de r\u00e9servation et de r\u00e9servation client, vous permettant ainsi de rediriger votre temps et vos ressources pr\u00e9cieux vers la croissance exponentielle et la prosp\u00e9rit\u00e9 de votre entreprise commerciale estim\u00e9e.<\/p>\n","protected":false},"featured_media":146521,"comment_status":"open","ping_status":"open","template":"","meta":[],"product_brand":[2747],"product_cat":[1182,1223,1181],"product_tag":[2331],"class_list":{"0":"post-130190","1":"product","2":"type-product","3":"status-publish","4":"has-post-thumbnail","6":"product_brand-yaycommerce","7":"product_cat-commerce-electronique-plugins","8":"product_cat-personnalisation-commerce-electronique-plugins","9":"product_cat-plugins","10":"product_tag-yaycommerce","11":"member-discount","12":"discount-restricted","14":"first","15":"instock","16":"sale","17":"downloadable","18":"virtual","19":"sold-individually","20":"purchasable","21":"product-type-simple"},"_links":{"self":[{"href":"https:\/\/gpl-love.com\/fr\/wp-json\/wp\/v2\/product\/130190","targetHints":{"allow":["GET"]}}],"collection":[{"href":"https:\/\/gpl-love.com\/fr\/wp-json\/wp\/v2\/product"}],"about":[{"href":"https:\/\/gpl-love.com\/fr\/wp-json\/wp\/v2\/types\/product"}],"replies":[{"embeddable":true,"href":"https:\/\/gpl-love.com\/fr\/wp-json\/wp\/v2\/comments?post=130190"}],"wp:featuredmedia":[{"embeddable":true,"href":"https:\/\/gpl-love.com\/fr\/wp-json\/wp\/v2\/media\/146521"}],"wp:attachment":[{"href":"https:\/\/gpl-love.com\/fr\/wp-json\/wp\/v2\/media?parent=130190"}],"wp:term":[{"taxonomy":"product_brand","embeddable":true,"href":"https:\/\/gpl-love.com\/fr\/wp-json\/wp\/v2\/product_brand?post=130190"},{"taxonomy":"product_cat","embeddable":true,"href":"https:\/\/gpl-love.com\/fr\/wp-json\/wp\/v2\/product_cat?post=130190"},{"taxonomy":"product_tag","embeddable":true,"href":"https:\/\/gpl-love.com\/fr\/wp-json\/wp\/v2\/product_tag?post=130190"}],"curies":[{"name":"wp","href":"https:\/\/api.w.org\/{rel}","templated":true}]}}