{"id":130189,"date":"2025-06-05T00:00:00","date_gmt":"2025-06-04T22:00:00","guid":{"rendered":"https:\/\/gpl-love.com\/fr\/produit\/yaymail-dokan\/"},"modified":"2026-03-20T23:55:22","modified_gmt":"2026-03-20T22:55:22","slug":"yaymail-dokan","status":"publish","type":"product","link":"https:\/\/gpl-love.com\/fr\/produit\/yaymail-dokan\/","title":{"rendered":"YayMail Dokan 4.0.1"},"content":{"rendered":"<h3>YayMail Dokan Traits<\/h3>\n<p>Yaymail Dokan, un robuste outil de marketing par e-mail, a \u00e9t\u00e9 m\u00e9ticuleusement con\u00e7u pour aider les entreprises \u00e0 la gestion et \u00e0 l&rsquo;am\u00e9lioration de leurs campagnes par e-mail. Ce logiciel remarquable comprend un large \u00e9ventail de fonctionnalit\u00e9s, notamment l&rsquo;automatisation des e-mails, la gestion m\u00e9ticuleuse de la liste, ainsi que la fourniture de mod\u00e8les personnalisables qui d\u00e9gagent un appel captivant, renfor\u00e7ant ainsi la cr\u00e9ation de courriels convaincants capables de favoriser les conversions. L&rsquo;inclusion d&rsquo;un tableau de bord convivial coupl\u00e9 \u00e0 une interface intuitive au sein de Yaymail Dokan garantit que les utilisateurs sont \u00e9quip\u00e9s des outils n\u00e9cessaires pour fabriquer, r\u00e9partir et surveiller les e-mails sans effort. En outre, ce logiciel accorde des analyses en temps r\u00e9el \u00e0 ses utilisateurs, leur permettant ainsi d&rsquo;\u00e9valuer le triomphe de leurs campagnes, d&rsquo;augmenter les taux d&rsquo;engagement et, finalement, de stimuler la g\u00e9n\u00e9ration de revenus. En r\u00e9sum\u00e9, Yaymail Dokan est sans \u00e9quivoque comme une ressource tr\u00e8s avantageuse pour toute entreprise qui aspire \u00e0 rationaliser leurs efforts de marketing par e-mail et \u00e0 atteindre des r\u00e9sultats sup\u00e9rieurs.<\/p>\n<ul>\n<li>Yaymail Dokan est une solution de marketing par e-mail tout-en-un pour les entreprises de commerce \u00e9lectronique.<\/li>\n<li>Il vous permet de cr\u00e9er et d&rsquo;envoyer des newsletters magnifiquement con\u00e7ues \u00e0 vos clients.<\/li>\n<li>Yaymail Dokan fournit \u00e9galement des analyses d\u00e9taill\u00e9es sur vos campagnes de messagerie, y compris les tarifs ouverts et clics.<\/li>\n<li>Avec une interface conviviale, vous pouvez facilement g\u00e9rer vos listes de diffusion, planifier des campagnes et automatiser les e-mails de suivi.<\/li>\n<li>L&rsquo;int\u00e9gration avec le Dokan Marketplace facilite la cible des segments de client\u00e8le sp\u00e9cifiques et stimule plus de ventes.<\/li>\n<li>Yaymail Dokan propose des mod\u00e8les sp\u00e9cialement con\u00e7us pour les entreprises de commerce \u00e9lectronique, vous aidant \u00e0 pr\u00e9senter vos produits de mani\u00e8re visuellement attrayante.<\/li>\n<li>Vous pouvez \u00e9galement personnaliser vos e-mails avec le nom, l&#8217;emplacement et d&rsquo;autres donn\u00e9es personnalis\u00e9es du destinataire.<\/li>\n<li>Yaymail Dokan est enti\u00e8rement r\u00e9actif mobile, garantissant que vos campagnes par e-mail sont superbes sur n&rsquo;importe quel appareil.<\/li>\n<li>La plate-forme propose un essai gratuit et des plans de prix abordables pour s&rsquo;adapter \u00e0 tout budget.<\/li>\n<\/ul>\n","protected":false},"excerpt":{"rendered":"<p>Yaymail Dokan, un outil de marketing par e-mail tr\u00e8s efficace, offre aux utilisateurs la possibilit\u00e9 de g\u00e9n\u00e9rer, superviser et exp\u00e9dier et envoyer des e-mails de premier ordre \u00e0 leurs abonn\u00e9s. En utilisant son interface glisser-d\u00e9poser conviviale, les individus peuvent \u00e9laborer sans effort des e-mails visuellement \u00e9poustouflants qui captivent leur public et renforcent leur notori\u00e9t\u00e9 de la marque. En outre, les capacit\u00e9s compl\u00e8tes d&rsquo;analyse et de rapport de Dokan permettent aux utilisateurs de surveiller l&rsquo;efficacit\u00e9 de leurs campagnes et d&rsquo;utiliser des informations bas\u00e9es sur les donn\u00e9es pour am\u00e9liorer leurs r\u00e9sultats. Ainsi, si vous \u00eates \u00e0 la recherche d&rsquo;une solution de marketing par e-mail fiable, Yaymail Dokan appara\u00eet sans aucun doute comme la s\u00e9lection id\u00e9ale pour vous!<\/p>\n","protected":false},"featured_media":146520,"comment_status":"open","ping_status":"open","template":"","meta":[],"product_brand":[2747],"product_cat":[1182,1223,1181],"product_tag":[2331],"class_list":{"0":"post-130189","1":"product","2":"type-product","3":"status-publish","4":"has-post-thumbnail","6":"product_brand-yaycommerce","7":"product_cat-commerce-electronique-plugins","8":"product_cat-personnalisation-commerce-electronique-plugins","9":"product_cat-plugins","10":"product_tag-yaycommerce","11":"member-discount","12":"discount-restricted","14":"first","15":"instock","16":"sale","17":"downloadable","18":"virtual","19":"sold-individually","20":"purchasable","21":"product-type-simple"},"_links":{"self":[{"href":"https:\/\/gpl-love.com\/fr\/wp-json\/wp\/v2\/product\/130189","targetHints":{"allow":["GET"]}}],"collection":[{"href":"https:\/\/gpl-love.com\/fr\/wp-json\/wp\/v2\/product"}],"about":[{"href":"https:\/\/gpl-love.com\/fr\/wp-json\/wp\/v2\/types\/product"}],"replies":[{"embeddable":true,"href":"https:\/\/gpl-love.com\/fr\/wp-json\/wp\/v2\/comments?post=130189"}],"wp:featuredmedia":[{"embeddable":true,"href":"https:\/\/gpl-love.com\/fr\/wp-json\/wp\/v2\/media\/146520"}],"wp:attachment":[{"href":"https:\/\/gpl-love.com\/fr\/wp-json\/wp\/v2\/media?parent=130189"}],"wp:term":[{"taxonomy":"product_brand","embeddable":true,"href":"https:\/\/gpl-love.com\/fr\/wp-json\/wp\/v2\/product_brand?post=130189"},{"taxonomy":"product_cat","embeddable":true,"href":"https:\/\/gpl-love.com\/fr\/wp-json\/wp\/v2\/product_cat?post=130189"},{"taxonomy":"product_tag","embeddable":true,"href":"https:\/\/gpl-love.com\/fr\/wp-json\/wp\/v2\/product_tag?post=130189"}],"curies":[{"name":"wp","href":"https:\/\/api.w.org\/{rel}","templated":true}]}}