{"id":130188,"date":"2025-06-05T00:00:00","date_gmt":"2025-06-04T22:00:00","guid":{"rendered":"https:\/\/gpl-love.com\/fr\/produit\/yaymail-woocommerce-germanized\/"},"modified":"2026-03-20T23:55:21","modified_gmt":"2026-03-20T22:55:21","slug":"yaymail-woocommerce-germanized","status":"publish","type":"product","link":"https:\/\/gpl-love.com\/fr\/produit\/yaymail-woocommerce-germanized\/","title":{"rendered":"YayMail WooCommerce Germanized 4.0.1"},"content":{"rendered":"<h3>YayMail WooCommerce Germanized Traits<\/h3>\n<p>Le plugin germanis\u00e9 Yaymail WooCommerce propose une solution compl\u00e8te pour optimiser et rationaliser le processus de communication par e-mail sp\u00e9cialement con\u00e7u pour votre client\u00e8le estim\u00e9e qui parle principalement de la langue allemande. En int\u00e9grant de mani\u00e8re transparente avec votre magasin WooCommerce, ce puissant plugin am\u00e9liore non seulement les fonctionnalit\u00e9s e-mail existantes, mais garantit \u00e9galement une stricte adh\u00e9sion aux lois et r\u00e9glementations allemandes dominantes. Par cons\u00e9quent, vos clients estim\u00e9s sont pr\u00e9sent\u00e9s avec une image tr\u00e8s professionnelle et digne de confiance, solidifiant davantage la r\u00e9putation de votre marque. De plus, ce plugin vous permet de personnaliser et d&rsquo;adapter sans effort les mod\u00e8les de messagerie, allant de la confirmation de commande \u00e0 la facture, pour s&rsquo;aligner impeccablement sur le style et le ton unique de votre marque. Embrasser le plugin germanis\u00e9 Yaymail WooCommerce vous permet de offrir une exp\u00e9rience in\u00e9gal\u00e9e \u00e0 vos pr\u00e9cieux clients, augmentant ainsi leur satisfaction globale et favorisant la loyaut\u00e9 \u00e0 long terme.<\/p>\n<ul>\n<li>Yaymail est un plugin con\u00e7u sp\u00e9cifiquement pour les magasins WooCommerce qui souhaitent offrir des notifications par e-mail germanis\u00e9es \u00e0 leurs clients.<\/li>\n<li>Avec Yaymail, vous pouvez facilement personnaliser et traduire vos mod\u00e8les de messagerie pour vous assurer que vos notifications sont claires, concises et faciles \u00e0 comprendre pour vos clients germanophones.<\/li>\n<li>Le plugin est rempli d&rsquo;une gamme de mod\u00e8les de messagerie pr\u00e9d\u00e9finis qui couvrent tout, de la confirmation de commande aux mises \u00e0 jour d&rsquo;exp\u00e9dition, ce qui vous permet de commencer facilement.<\/li>\n<li>Yaymail propose \u00e9galement une gamme d&rsquo;options de personnalisation, vous permettant d&rsquo;adapter l&rsquo;apparence de vos e-mails en fonction de votre marque et des pr\u00e9f\u00e9rences sp\u00e9cifiques.<\/li>\n<li>Le plugin est con\u00e7u pour fonctionner de mani\u00e8re transparente avec la plate-forme WooCommerce, ce qui signifie que vous pouvez \u00eatre assur\u00e9 que vos notifications par e-mail seront envoy\u00e9es automatiquement et avec pr\u00e9cision.<\/li>\n<li>Yaymail est incroyablement convivial et facile \u00e0 configurer, m\u00eame si vous n&rsquo;avez aucune exp\u00e9rience du marketing par e-mail ou du commerce \u00e9lectronique.<\/li>\n<li>Avec Yaymail, vous pouvez faire passer votre magasin WooCommerce au niveau sup\u00e9rieur en offrant des notifications par e-mail con\u00e7ues et localis\u00e9es professionnelles qui contribueront \u00e0 am\u00e9liorer la satisfaction et la fid\u00e9lit\u00e9 des clients.<\/li>\n<\/ul>\n","protected":false},"excerpt":{"rendered":"<p>Yaymail WooCommerce Germanis\u00e9 se pr\u00e9sente comme un plugin extraordinaire, ce qui rend une aide remarquable dans la gestion efficace de vos e-mails dans la plate-forme WooCommerce. Ce plugin innovant pr\u00e9sente une conception qui est adapt\u00e9e \u00e0 une interface conviviale, garantissant ainsi que vos efforts de gestion des e-mails sont d\u00e9pourvus de complexit\u00e9s. En embrassant Yaymail WooCommerce germanis\u00e9, vous obtenez la possibilit\u00e9 d&rsquo;adapter sans effort vos e-mails dans la langue allemande, englobant un large \u00e9ventail d&rsquo;\u00e9l\u00e9ments tels que des mod\u00e8les et des confirmations de commande. De plus, ce plugin avanc\u00e9 vous permet d&rsquo;augmenter le facteur d&rsquo;attrait et d&rsquo;engagement de vos e-mails en incorporant de mani\u00e8re transparente des images, des liens et d&rsquo;autres formats multim\u00e9dias personnalis\u00e9s. Alors pourquoi continuer \u00e0 tergiverser? Acqu\u00e9rir Yaymail WooCommerce germanis\u00e9 sans d\u00e9lai et r\u00e9volutionner votre processus de gestion des e-mails WooCommerce avec le plus grand professionnalisme!<\/p>\n","protected":false},"featured_media":146519,"comment_status":"open","ping_status":"open","template":"","meta":[],"product_brand":[2747],"product_cat":[1182,1223,1181],"product_tag":[2331],"class_list":{"0":"post-130188","1":"product","2":"type-product","3":"status-publish","4":"has-post-thumbnail","6":"product_brand-yaycommerce","7":"product_cat-commerce-electronique-plugins","8":"product_cat-personnalisation-commerce-electronique-plugins","9":"product_cat-plugins","10":"product_tag-yaycommerce","11":"member-discount","12":"discount-restricted","14":"first","15":"instock","16":"sale","17":"downloadable","18":"virtual","19":"sold-individually","20":"purchasable","21":"product-type-simple"},"_links":{"self":[{"href":"https:\/\/gpl-love.com\/fr\/wp-json\/wp\/v2\/product\/130188","targetHints":{"allow":["GET"]}}],"collection":[{"href":"https:\/\/gpl-love.com\/fr\/wp-json\/wp\/v2\/product"}],"about":[{"href":"https:\/\/gpl-love.com\/fr\/wp-json\/wp\/v2\/types\/product"}],"replies":[{"embeddable":true,"href":"https:\/\/gpl-love.com\/fr\/wp-json\/wp\/v2\/comments?post=130188"}],"wp:featuredmedia":[{"embeddable":true,"href":"https:\/\/gpl-love.com\/fr\/wp-json\/wp\/v2\/media\/146519"}],"wp:attachment":[{"href":"https:\/\/gpl-love.com\/fr\/wp-json\/wp\/v2\/media?parent=130188"}],"wp:term":[{"taxonomy":"product_brand","embeddable":true,"href":"https:\/\/gpl-love.com\/fr\/wp-json\/wp\/v2\/product_brand?post=130188"},{"taxonomy":"product_cat","embeddable":true,"href":"https:\/\/gpl-love.com\/fr\/wp-json\/wp\/v2\/product_cat?post=130188"},{"taxonomy":"product_tag","embeddable":true,"href":"https:\/\/gpl-love.com\/fr\/wp-json\/wp\/v2\/product_tag?post=130188"}],"curies":[{"name":"wp","href":"https:\/\/api.w.org\/{rel}","templated":true}]}}