{"id":130186,"date":"2025-06-05T00:00:00","date_gmt":"2025-06-04T22:00:00","guid":{"rendered":"https:\/\/gpl-love.com\/fr\/produit\/yaymail-woocommerce-subscriptions\/"},"modified":"2026-03-20T23:55:20","modified_gmt":"2026-03-20T22:55:20","slug":"yaymail-woocommerce-subscriptions","status":"publish","type":"product","link":"https:\/\/gpl-love.com\/fr\/produit\/yaymail-woocommerce-subscriptions\/","title":{"rendered":"YayMail WooCommerce Subscriptions 4.0"},"content":{"rendered":"<h3>YayMail WooCommerce Subscriptions Traits<\/h3>\n<p>Les abonnements Yaymail WooCommerce sont un outil incroyablement robuste et efficace qui a \u00e9t\u00e9 m\u00e9ticuleusement con\u00e7u pour vous aider \u00e0 g\u00e9rer efficacement votre entreprise d&rsquo;abonnement WooCommerce. Yaymail propose une vaste gamme de fonctionnalit\u00e9s qui vous permettent de cr\u00e9er et de superviser sans effort les plans d&rsquo;abonnement, d&rsquo;automatiser la communication des clients et d&rsquo;optimiser votre processus de facturation. De plus, cet outil exceptionnel vous offre \u00e9galement la capacit\u00e9 inestimable \u00e0 segmenter efficacement vos clients, vous permettant ainsi de cibler sp\u00e9cifiquement des groupes distincts avec des e-mails hautement personnalis\u00e9s et personnalis\u00e9s. De plus, Yaymail vous permet de surveiller et de suivre m\u00e9ticuleusement vos ventes et vos revenus, facilitant ainsi une compr\u00e9hension accrue des performances financi\u00e8res de votre entreprise. L&rsquo;int\u00e9gration transparente de Yaymail avec WooCommerce solidifie davantage sa position de solution ultime pour toute entreprise d&rsquo;abonnement WooCommerce. L&rsquo;adoption de Yaymail entra\u00eenera sans aucun doute une augmentation de l&rsquo;engagement des clients, des taux de r\u00e9tention de client\u00e8le augment\u00e9s et une croissance substantielle des revenus, tout en garantissant des \u00e9conomies importantes en termes de temps et de ressources.<\/p>\n<ul>\n<li>Int\u00e9grez facilement les options d&rsquo;abonnement dans votre boutique WooCommerce \u00e0 Yaymail.<\/li>\n<li>G\u00e9rez sans effort vos ordres d&rsquo;abonnement, y compris les annulations et les renouvellements.<\/li>\n<li>Mettre en place des campagnes par e-mail personnalis\u00e9es pour entretenir votre base d&rsquo;abonn\u00e9s et encourager la fid\u00e9lit\u00e9.<\/li>\n<li>Utilisez des mod\u00e8les de messagerie pr\u00e9d\u00e9finis ou personnalisez le v\u00f4tre pour correspondre \u00e0 la voix et \u00e0 l&rsquo;esth\u00e9tiques uniques de votre marque.<\/li>\n<li>Gardez un aper\u00e7u du comportement des abonn\u00e9s via le tableau de bord analytique d\u00e9taill\u00e9 de Yaymail.<\/li>\n<li>Automatiser la communication avec les abonn\u00e9s en fonction de leurs actions, telles que des chariots abandonn\u00e9s ou des modifications de leur abonnement.<\/li>\n<li>Augmenter les revenus et la r\u00e9tention de la client\u00e8le avec les puissants outils de gestion des abonnement de Yaymail.<\/li>\n<\/ul>\n","protected":false},"excerpt":{"rendered":"<p>Les abonnements Yaymail WooCommerce, un plugin de marketing par e-mail hautement sophistiqu\u00e9, ont \u00e9t\u00e9 con\u00e7us finement pour assimiler parfaitement votre boutique WooCommerce. Gr\u00e2ce \u00e0 l&rsquo;utilisation de Yaymail, vous pouvez g\u00e9n\u00e9rer et superviser sans effort les listes d&rsquo;abonnement, automatiser les campagnes de messagerie et surveiller m\u00e9ticuleusement vos triomphes avec des analyses compl\u00e8tes. De plus, avec son \u00e9diteur de glisser-d\u00e9poser intuitivement, vous pouvez fabriquer sans effort des e-mails personnalis\u00e9s et personnalis\u00e9s qui d\u00e9gageont l&rsquo;essence de votre marque et vous permettre d&rsquo;\u00e9tablir une connexion plus profonde avec votre client\u00e8le. Pascez pas de temps et inscrivez-vous \u00e0 Yaymail aujourd&rsquo;hui pour se lancer dans le voyage d&rsquo;exploiter le potentiel extraordinaire du marketing par e-mail pour votre entreprise.<\/p>\n","protected":false},"featured_media":146517,"comment_status":"open","ping_status":"open","template":"","meta":[],"product_brand":[2747],"product_cat":[1182,1223,1181],"product_tag":[2331],"class_list":{"0":"post-130186","1":"product","2":"type-product","3":"status-publish","4":"has-post-thumbnail","6":"product_brand-yaycommerce","7":"product_cat-commerce-electronique-plugins","8":"product_cat-personnalisation-commerce-electronique-plugins","9":"product_cat-plugins","10":"product_tag-yaycommerce","11":"member-discount","12":"discount-restricted","14":"first","15":"instock","16":"sale","17":"downloadable","18":"virtual","19":"sold-individually","20":"purchasable","21":"product-type-simple"},"_links":{"self":[{"href":"https:\/\/gpl-love.com\/fr\/wp-json\/wp\/v2\/product\/130186","targetHints":{"allow":["GET"]}}],"collection":[{"href":"https:\/\/gpl-love.com\/fr\/wp-json\/wp\/v2\/product"}],"about":[{"href":"https:\/\/gpl-love.com\/fr\/wp-json\/wp\/v2\/types\/product"}],"replies":[{"embeddable":true,"href":"https:\/\/gpl-love.com\/fr\/wp-json\/wp\/v2\/comments?post=130186"}],"wp:featuredmedia":[{"embeddable":true,"href":"https:\/\/gpl-love.com\/fr\/wp-json\/wp\/v2\/media\/146517"}],"wp:attachment":[{"href":"https:\/\/gpl-love.com\/fr\/wp-json\/wp\/v2\/media?parent=130186"}],"wp:term":[{"taxonomy":"product_brand","embeddable":true,"href":"https:\/\/gpl-love.com\/fr\/wp-json\/wp\/v2\/product_brand?post=130186"},{"taxonomy":"product_cat","embeddable":true,"href":"https:\/\/gpl-love.com\/fr\/wp-json\/wp\/v2\/product_cat?post=130186"},{"taxonomy":"product_tag","embeddable":true,"href":"https:\/\/gpl-love.com\/fr\/wp-json\/wp\/v2\/product_tag?post=130186"}],"curies":[{"name":"wp","href":"https:\/\/api.w.org\/{rel}","templated":true}]}}