{"id":129009,"date":"2025-11-10T00:00:00","date_gmt":"2025-11-09T23:00:00","guid":{"rendered":"https:\/\/gpl-love.com\/fr\/produit\/meta-box-custom-table\/"},"modified":"2026-03-20T23:55:19","modified_gmt":"2026-03-20T22:55:19","slug":"meta-box-custom-table","status":"publish","type":"product","link":"https:\/\/gpl-love.com\/fr\/produit\/meta-box-custom-table\/","title":{"rendered":"Meta Box Custom Table 2.3.0"},"content":{"rendered":"<h3>Meta Box Custom Table Traits<\/h3>\n<p>Le plugin de table personnalis\u00e9 Meta Box est un outil incroyablement robuste et polyvalent qui donne aux utilisateurs la possibilit\u00e9 de g\u00e9n\u00e9rer sans effort des tables personnalis\u00e9es pour leurs sites Web WordPress. En utilisant ce plugin, les individus peuvent naviguer sans effort et pr\u00e9senter des donn\u00e9es de mani\u00e8re visuellement attrayante et tr\u00e8s pratique. Que vous ayez besoin de produire une table personnalis\u00e9e pour les listes de produits, les collections ou \u00e0 tout autre objectif, ce plugin fournit tous les outils et fonctionnalit\u00e9s essentiels n\u00e9cessaires pour accomplir une telle t\u00e2che. Les utilisateurs peuvent construire, modifier et g\u00e9rer leurs tableaux sans effort via une interface intuitive, et le plugin offre m\u00eame diverses options de personnalisation et d&rsquo;int\u00e9gration transparente avec d&rsquo;autres plugins WordPress. Pour ceux qui recherchent une solution compl\u00e8te et fiable pour cr\u00e9er des tables personnalis\u00e9es pour leurs sites Web WordPress, le plugin de table personnalis\u00e9 Meta Box est incontestablement digne de consid\u00e9ration.<\/p>\n<ul>\n<li>Fonctionnalit\u00e9 de table personnalis\u00e9e pour les m\u00e9ta-bo\u00eetes WordPress<\/li>\n<li>Ajouter, modifier et supprimer facilement les donn\u00e9es personnalis\u00e9es<\/li>\n<li>Prend en charge plusieurs types de donn\u00e9es, y compris le texte, les nombres, les dates et les images<\/li>\n<li>Colonnes et actions de table personnalisables<\/li>\n<li>Options de tri et de filtrage dynamique<\/li>\n<li>Int\u00e9gr\u00e9 \u00e0 la fonctionnalit\u00e9 de base WordPress pour l&rsquo;int\u00e9gration transparente<\/li>\n<li>Convivial avec des crochets et filtres pour la personnalisation<\/li>\n<li>Interface conviviale pour les utilisateurs non techniques<\/li>\n<li>Performances efficaces et fiables pour les grands ensembles de donn\u00e9es<\/li>\n<li>Mises \u00e0 jour r\u00e9guli\u00e8res et soutien de d\u00e9veloppeurs exp\u00e9riment\u00e9s.<\/li>\n<\/ul>\n","protected":false},"excerpt":{"rendered":"<p>La table personnalis\u00e9e Meta Box est un plugin WordPress incroyablement puissant et tr\u00e8s polyvalent qui vous accorde la possibilit\u00e9 de g\u00e9n\u00e9rer et de g\u00e9rer efficacement des tables personnalis\u00e9es con\u00e7ues pour accueillir un large \u00e9ventail de types de donn\u00e9es. Son interface remarquablement conviviale et ses fonctionnalit\u00e9s remarquablement adaptables vous permettent de construire sans effort des tables de restauration \u00e0 tout, des listes de produits compl\u00e8tes aux calendriers d&rsquo;\u00e9v\u00e9nements m\u00e9ticuleusement organis\u00e9s. De plus, vous poss\u00e9dez la libert\u00e9 d&rsquo;adapter impeccablement l&rsquo;esth\u00e9tique visuelle de vos tables \u00e0 travers une vaste gamme de param\u00e8tres et de styles personnalisables. Simplifiez et optimisez vos processus de gestion des donn\u00e9es avec une facilit\u00e9 et une efficacit\u00e9 in\u00e9gal\u00e9es gracieuset\u00e9 de ce plugin exceptionnellement flexible et adaptable, fabriquant et mise \u00e0 jour sans effort des tables personnalis\u00e9es qui s&rsquo;alignent parfaitement sur les conditions uniques de votre site Web.<\/p>\n","protected":false},"featured_media":146516,"comment_status":"open","ping_status":"open","template":"","meta":[],"product_brand":[2593],"product_cat":[1189,1181,1186],"product_tag":[2266],"class_list":{"0":"post-129009","1":"product","2":"type-product","3":"status-publish","4":"has-post-thumbnail","6":"product_brand-meta-box","7":"product_cat-personnalisation","8":"product_cat-plugins","9":"product_cat-wordpress-plugins","10":"product_tag-meta-box","11":"member-discount","12":"discount-restricted","14":"first","15":"instock","16":"sale","17":"downloadable","18":"virtual","19":"sold-individually","20":"purchasable","21":"product-type-simple"},"_links":{"self":[{"href":"https:\/\/gpl-love.com\/fr\/wp-json\/wp\/v2\/product\/129009","targetHints":{"allow":["GET"]}}],"collection":[{"href":"https:\/\/gpl-love.com\/fr\/wp-json\/wp\/v2\/product"}],"about":[{"href":"https:\/\/gpl-love.com\/fr\/wp-json\/wp\/v2\/types\/product"}],"replies":[{"embeddable":true,"href":"https:\/\/gpl-love.com\/fr\/wp-json\/wp\/v2\/comments?post=129009"}],"wp:featuredmedia":[{"embeddable":true,"href":"https:\/\/gpl-love.com\/fr\/wp-json\/wp\/v2\/media\/146516"}],"wp:attachment":[{"href":"https:\/\/gpl-love.com\/fr\/wp-json\/wp\/v2\/media?parent=129009"}],"wp:term":[{"taxonomy":"product_brand","embeddable":true,"href":"https:\/\/gpl-love.com\/fr\/wp-json\/wp\/v2\/product_brand?post=129009"},{"taxonomy":"product_cat","embeddable":true,"href":"https:\/\/gpl-love.com\/fr\/wp-json\/wp\/v2\/product_cat?post=129009"},{"taxonomy":"product_tag","embeddable":true,"href":"https:\/\/gpl-love.com\/fr\/wp-json\/wp\/v2\/product_tag?post=129009"}],"curies":[{"name":"wp","href":"https:\/\/api.w.org\/{rel}","templated":true}]}}