{"id":129007,"date":"2025-11-10T00:00:00","date_gmt":"2025-11-09T23:00:00","guid":{"rendered":"https:\/\/gpl-love.com\/fr\/produit\/meta-box-user-profile\/"},"modified":"2026-03-20T23:55:13","modified_gmt":"2026-03-20T22:55:13","slug":"meta-box-user-profile","status":"publish","type":"product","link":"https:\/\/gpl-love.com\/fr\/produit\/meta-box-user-profile\/","title":{"rendered":"Meta Box User Profile 2.5.12"},"content":{"rendered":"<h3>Meta Box User Profile Traits<\/h3>\n<p>Le plugin de profil utilisateur Meta Box est un outil remarquablement efficace qui sert \u00e0 pr\u00e9senter les profils d&rsquo;utilisateurs sur votre site Web avec la plus grande comp\u00e9tence. Son interface, qui est conviviale et facilement navigable, vous permet de forger sans effort des champs personnalis\u00e9s pour les utilisateurs \u00e0 compl\u00e9ter, et \u00e0 pr\u00e9senter par la suite ces informations inestimables d&rsquo;une mani\u00e8re visuellement attrayante et syst\u00e9matiquement organis\u00e9e. Ce plugin est adapt\u00e9 pour r\u00e9pondre parfaitement aux sites Web qui prosp\u00e8rent sur le contenu g\u00e9n\u00e9r\u00e9 par les utilisateurs, tels que les r\u00e9seaux sociaux ou les r\u00e9pertoires en ligne. Le plugin lui-m\u00eame est exceptionnellement adaptable, offrant une vaste gamme de fonctionnalit\u00e9s de pointe qui englobent la prise en charge de plusieurs types de champs, l&rsquo;affichage conditionnel et l&rsquo;acc\u00e8s en fonction des r\u00f4les utilisateur. Que vous ayez un penchant pour le d\u00e9veloppement ou que vous soyez un simple propri\u00e9taire de site Web, le plugin de profil utilisateur Meta Box est une solution in\u00e9gal\u00e9e et flexible qui construit habilement les profils d&rsquo;utilisateurs sur votre site Web estim\u00e9.<\/p>\n<ul>\n<li>Permet aux utilisateurs d&rsquo;ajouter facilement des champs suppl\u00e9mentaires \u00e0 leur profil utilisateur WordPress<\/li>\n<li>Offre une flexibilit\u00e9 dans les types de champs qui peuvent \u00eatre ajout\u00e9s, tels que le texte, la textare, le courrier \u00e9lectronique, l&rsquo;URL, et plus<\/li>\n<li>Donne aux utilisateurs la possibilit\u00e9 de faire des champs requis ou facultatifs<\/li>\n<li>Offre plusieurs options de mise en page pour les champs, y compris en ligne, colonne et onglets<\/li>\n<li>Int\u00e9gre parfaitement avec d&rsquo;autres extensions de m\u00e9ta-bo\u00eete et des plugins WordPress<\/li>\n<li>Enregistre toutes les donn\u00e9es de l&rsquo;utilisateur de mani\u00e8re propre et organis\u00e9e dans la base de donn\u00e9es WordPress<\/li>\n<li>Augmente l&rsquo;engagement des utilisateurs en leur permettant de personnaliser leurs informations de profil<\/li>\n<li>Fournit aux administrateurs du site une interface simple \u00e0 utiliser pour g\u00e9rer les champs de profil utilisateur<\/li>\n<li>Offre des options de personnalisation pour les utilisateurs avanc\u00e9s qui souhaitent adapter les champs de profil utilisateur \u00e0 leurs besoins uniques.<\/li>\n<\/ul>\n","protected":false},"excerpt":{"rendered":"<p>Le profil utilisateur Meta Box est un outil exceptionnellement robuste et influent qui vous offre la capacit\u00e9 transparente de g\u00e9n\u00e9rer sans effort des champs personnalis\u00e9s pour les profils d&rsquo;utilisateurs sur votre site Web WordPress. En utilisant ce plugin extraordinaire, vous \u00eates autoris\u00e9 \u00e0 augmenter une vaste gamme de champs tels que les entr\u00e9es de texte, les menus d\u00e9roulants, les cases \u00e0 cocher et de nombreuses autres \u00e0 vos profils d&rsquo;utilisateur. Par cons\u00e9quent, cela facilite un processus rationalis\u00e9 de rassemblement et de pr\u00e9sentation des informations charg\u00e9es de l&rsquo;utilisateur sur votre site Web estim\u00e9. Que votre objectif soit de construire un site d&rsquo;adh\u00e9sion, une communaut\u00e9 en ligne ou simplement n\u00e9cessiter l&rsquo;accumulation de donn\u00e9es utilisateur suppl\u00e9mentaires, soyez assur\u00e9 que le profil utilisateur Meta Box vous a compl\u00e8tement couvert. De plus, il poss\u00e8de une facilit\u00e9 d&rsquo;utilisation in\u00e9gal\u00e9e et une personnalisation in\u00e9gal\u00e9e, vous accordant ainsi la capacit\u00e9 in\u00e9gal\u00e9e \u00e0 fabriquer pr\u00e9cis\u00e9ment les champs que vous d\u00e9sirez.<\/p>\n","protected":false},"featured_media":146514,"comment_status":"open","ping_status":"open","template":"","meta":[],"product_brand":[2593],"product_cat":[1189,1181,1186],"product_tag":[2266],"class_list":{"0":"post-129007","1":"product","2":"type-product","3":"status-publish","4":"has-post-thumbnail","6":"product_brand-meta-box","7":"product_cat-personnalisation","8":"product_cat-plugins","9":"product_cat-wordpress-plugins","10":"product_tag-meta-box","11":"member-discount","12":"discount-restricted","14":"first","15":"instock","16":"sale","17":"downloadable","18":"virtual","19":"sold-individually","20":"purchasable","21":"product-type-simple"},"_links":{"self":[{"href":"https:\/\/gpl-love.com\/fr\/wp-json\/wp\/v2\/product\/129007","targetHints":{"allow":["GET"]}}],"collection":[{"href":"https:\/\/gpl-love.com\/fr\/wp-json\/wp\/v2\/product"}],"about":[{"href":"https:\/\/gpl-love.com\/fr\/wp-json\/wp\/v2\/types\/product"}],"replies":[{"embeddable":true,"href":"https:\/\/gpl-love.com\/fr\/wp-json\/wp\/v2\/comments?post=129007"}],"wp:featuredmedia":[{"embeddable":true,"href":"https:\/\/gpl-love.com\/fr\/wp-json\/wp\/v2\/media\/146514"}],"wp:attachment":[{"href":"https:\/\/gpl-love.com\/fr\/wp-json\/wp\/v2\/media?parent=129007"}],"wp:term":[{"taxonomy":"product_brand","embeddable":true,"href":"https:\/\/gpl-love.com\/fr\/wp-json\/wp\/v2\/product_brand?post=129007"},{"taxonomy":"product_cat","embeddable":true,"href":"https:\/\/gpl-love.com\/fr\/wp-json\/wp\/v2\/product_cat?post=129007"},{"taxonomy":"product_tag","embeddable":true,"href":"https:\/\/gpl-love.com\/fr\/wp-json\/wp\/v2\/product_tag?post=129007"}],"curies":[{"name":"wp","href":"https:\/\/api.w.org\/{rel}","templated":true}]}}