{"id":129003,"date":"2025-07-19T00:00:00","date_gmt":"2025-07-18T22:00:00","guid":{"rendered":"https:\/\/gpl-love.com\/fr\/produit\/meta-box-group\/"},"modified":"2026-03-20T23:55:09","modified_gmt":"2026-03-20T22:55:09","slug":"meta-box-group","status":"publish","type":"product","link":"https:\/\/gpl-love.com\/fr\/produit\/meta-box-group\/","title":{"rendered":"Meta Box Group 1.4.6"},"content":{"rendered":"<h3>Meta Box Group Traits<\/h3>\n<p>Le groupe Meta Box, un outil d&rsquo;entr\u00e9e tr\u00e8s puissant et polyvalent, offre un moyen sans effort de cr\u00e9er et d&rsquo;organiser des champs personnalis\u00e9s et des m\u00e9ta-box sur votre site Web WordPress. En vous permettant de regrouper commod\u00e9ment les champs li\u00e9s, cela simplifie le processus de gestion et d&rsquo;\u00e9dition. Non seulement le groupe Meta Box fournit les moyens d&rsquo;adapter les m\u00e9ta-donn\u00e9es de votre site Web, mais il facilite \u00e9galement l&rsquo;ajout de champs suppl\u00e9mentaires \u00e0 vos types de publication, taxonomies et utilisateurs. Cet outil exceptionnel est parfait pour les personnes recherchant un contr\u00f4le am\u00e9lior\u00e9 sur le contenu et les m\u00e9tadonn\u00e9es de leur site Web. De plus, le plugin de groupe Meta Box offre une personnalisation exceptionnelle, une convivialit\u00e9 et une compatibilit\u00e9 compl\u00e8te avec WordPress 5.0 et au-del\u00e0. En r\u00e9sum\u00e9, le groupe Meta Box est un outil d&rsquo;entr\u00e9e indispensable qui optimise efficacement votre site Web et \u00e9l\u00e8ve sa fonctionnalit\u00e9 globale.<\/p>\n<ul>\n<li>Permet la cr\u00e9ation de m\u00e9ta-box personnalis\u00e9s pour les messages et pages WordPress<\/li>\n<li>Permet aux d\u00e9veloppeurs de regrouper les m\u00e9ta-box pour une organisation simplifi\u00e9e<\/li>\n<li>Plusieurs champs peuvent \u00eatre ajout\u00e9s \u00e0 chaque groupe de m\u00e9ta-box, tels que du texte, des cases et des listes d\u00e9roulantes<\/li>\n<li>Prend en charge l&rsquo;ajout de CSS et JavaScript personnalis\u00e9s pour am\u00e9liorer l&rsquo;apparence et la fonctionnalit\u00e9 des m\u00e9ta-bo\u00eetes<\/li>\n<li>Compatible avec les plugins WordPress populaires, y compris les champs personnalis\u00e9s avanc\u00e9s et WooCommerce<\/li>\n<li>\u00c9conomise le temps et les efforts des d\u00e9veloppeurs lors de la cr\u00e9ation de types de publication personnalis\u00e9s et de champs personnalis\u00e9s pour leurs projets WordPress<\/li>\n<li>L&rsquo;interface conviviale permet aux d\u00e9veloppeurs de tous les niveaux de comp\u00e9tence de cr\u00e9er et de g\u00e9rer des m\u00e9ta-bo\u00eetes et champs personnalis\u00e9s<\/li>\n<li>Peut \u00eatre utilis\u00e9 \u00e0 diverses fins, comme l&rsquo;ajout de donn\u00e9es personnalis\u00e9es aux publications \u00e0 des fins de r\u00e9f\u00e9rencement ou la cr\u00e9ation de champs personnalis\u00e9s pour un site d&rsquo;adh\u00e9sion.<\/li>\n<\/ul>\n","protected":false},"excerpt":{"rendered":"<p>Meta Box Group, un outil tr\u00e8s puissant, est con\u00e7u pour faciliter la cr\u00e9ation de champs personnalis\u00e9s intuitifs et conviviaux dans la plate-forme WordPress. Il est tout aussi pr\u00e9cieux pour les deux d\u00e9veloppeurs qui cherchent \u00e0 optimiser la fonctionnalit\u00e9 de leurs sites Web et les individus visant \u00e0 augmenter leur exp\u00e9rience utilisateur globale. Les capacit\u00e9s remarquables du groupe de m\u00e9ta-box se trouvent dans sa capacit\u00e9 \u00e0 organiser de mani\u00e8re transparente les champs interconnect\u00e9s et \u00e0 g\u00e9n\u00e9rer des pages dynamiques bas\u00e9es sur les donn\u00e9es. De plus, en raison de sa vaste gamme de types de champs et de fonctionnalit\u00e9s personnalisables, Meta Box Group offre aux utilisateurs les outils n\u00e9cessaires pour fa\u00e7onner les interactions distinctives et captivantes pour les visiteurs de leur site Web.<\/p>\n","protected":false},"featured_media":146512,"comment_status":"open","ping_status":"open","template":"","meta":[],"product_brand":[2593],"product_cat":[1189,1181,1186],"product_tag":[2266],"class_list":{"0":"post-129003","1":"product","2":"type-product","3":"status-publish","4":"has-post-thumbnail","6":"product_brand-meta-box","7":"product_cat-personnalisation","8":"product_cat-plugins","9":"product_cat-wordpress-plugins","10":"product_tag-meta-box","11":"member-discount","12":"discount-restricted","14":"first","15":"instock","16":"sale","17":"downloadable","18":"virtual","19":"sold-individually","20":"purchasable","21":"product-type-simple"},"_links":{"self":[{"href":"https:\/\/gpl-love.com\/fr\/wp-json\/wp\/v2\/product\/129003","targetHints":{"allow":["GET"]}}],"collection":[{"href":"https:\/\/gpl-love.com\/fr\/wp-json\/wp\/v2\/product"}],"about":[{"href":"https:\/\/gpl-love.com\/fr\/wp-json\/wp\/v2\/types\/product"}],"replies":[{"embeddable":true,"href":"https:\/\/gpl-love.com\/fr\/wp-json\/wp\/v2\/comments?post=129003"}],"wp:featuredmedia":[{"embeddable":true,"href":"https:\/\/gpl-love.com\/fr\/wp-json\/wp\/v2\/media\/146512"}],"wp:attachment":[{"href":"https:\/\/gpl-love.com\/fr\/wp-json\/wp\/v2\/media?parent=129003"}],"wp:term":[{"taxonomy":"product_brand","embeddable":true,"href":"https:\/\/gpl-love.com\/fr\/wp-json\/wp\/v2\/product_brand?post=129003"},{"taxonomy":"product_cat","embeddable":true,"href":"https:\/\/gpl-love.com\/fr\/wp-json\/wp\/v2\/product_cat?post=129003"},{"taxonomy":"product_tag","embeddable":true,"href":"https:\/\/gpl-love.com\/fr\/wp-json\/wp\/v2\/product_tag?post=129003"}],"curies":[{"name":"wp","href":"https:\/\/api.w.org\/{rel}","templated":true}]}}