{"id":129001,"date":"2025-02-09T00:00:00","date_gmt":"2025-02-08T23:00:00","guid":{"rendered":"https:\/\/gpl-love.com\/fr\/produit\/meta-box-tooltip\/"},"modified":"2026-03-20T23:55:08","modified_gmt":"2026-03-20T22:55:08","slug":"meta-box-tooltip","status":"publish","type":"product","link":"https:\/\/gpl-love.com\/fr\/produit\/meta-box-tooltip\/","title":{"rendered":"Meta Box Tooltip 1.1.9"},"content":{"rendered":"<h3>Meta Box Tooltip Traits<\/h3>\n<p>Meta Box INFORP est un plugin WordPress extr\u00eamement puissant et influent qui a le but d&rsquo;incorporer des info-bulles dans vos m\u00e9ta-bo\u00eetes. Ce plugin a \u00e9t\u00e9 con\u00e7u de mani\u00e8re complexe pour pr\u00e9senter une approche simpliste et instinctive de l&rsquo;int\u00e9gration de la fonctionnalit\u00e9 Info-Toolp dans votre site WordPress. Accompagn\u00e9 de ce plugin, vous trouverez sans effort pour int\u00e9grer de mani\u00e8re transparente les info-bullets dans n&rsquo;importe quelle m\u00e9ta-bo\u00eete de votre site, qui comprend \u00e9galement des m\u00e9ta-bo\u00eetes personnalis\u00e9es. Les info-bulleurs rendues par ce plugin ont la capacit\u00e9 de pr\u00e9senter un assortiment de contenu, qui comprend des images, du texte et m\u00eame du code HTML. En outre, le processus d&rsquo;installation de ce plugin est sans tracas et la convivialit\u00e9 qu&rsquo;il offre est louable. En plus de cela, il s&rsquo;accompagne d&rsquo;un large \u00e9ventail d&rsquo;options de personnalisation qui vous accordent une pleine autorit\u00e9 sur l&rsquo;apparence visuelle et le comportement op\u00e9rationnel de vos infractions. En tenant compte de tous les aspects, il peut \u00eatre affirm\u00e9 que Meta Box Infoft est un outil impeccable qui est tr\u00e8s avantageux pour les personnes cherchant \u00e0 augmenter la fonctionnalit\u00e9 globale et la convivialit\u00e9 de leur site WordPress estim\u00e9.<\/p>\n<ul>\n<li>Ajoute des infractions utiles aux m\u00e9ta-bo\u00eetes dans WordPress<\/li>\n<li>Fournit aux utilisateurs des informations suppl\u00e9mentaires sur les champs et les options<\/li>\n<li>Peut am\u00e9liorer l&rsquo;exp\u00e9rience utilisateur et r\u00e9duire la confusion<\/li>\n<li>Facile \u00e0 installer et \u00e0 configurer<\/li>\n<li>Contenu et conception info-bulle enti\u00e8rement personnalisables<\/li>\n<li>Disponible en plusieurs langues<\/li>\n<li>Compatible avec tous les th\u00e8mes et plugins WordPress<\/li>\n<li>R\u00e9guli\u00e8rement mis \u00e0 jour et pris en charge par le d\u00e9veloppeur<\/li>\n<li>Aide \u00e0 rationaliser le processus de cr\u00e9ation de contenu<\/li>\n<li>Peut augmenter la productivit\u00e9 et l&rsquo;efficacit\u00e9 des utilisateurs de WordPress<\/li>\n<\/ul>\n","protected":false},"excerpt":{"rendered":"<p>Meta Box INFORP est un outil tr\u00e8s intuitif et efficace con\u00e7u sp\u00e9cifiquement dans le but d&rsquo;incorporer de mani\u00e8re transparente les infractions informatives dans vos m\u00e9ta-bo\u00eetes WordPress. En raison de son interface remarquablement conviviale, cet outil vous permet de g\u00e9n\u00e9rer sans effort et rapidement des infractions compl\u00e8tes qui fournissent aux utilisateurs des informations contextuelles inestimables tout au long de leur interaction avec votre contenu. Que vous ayez une formation en d\u00e9veloppement ou que vous ne soyez que le propri\u00e9taire d&rsquo;un site Web, l&rsquo;utilisation de Meta Box Infoft sert de moyen exemplaire pour augmenter l&rsquo;exp\u00e9rience utilisateur globale de votre site WordPress.<\/p>\n","protected":false},"featured_media":146511,"comment_status":"open","ping_status":"open","template":"","meta":[],"product_brand":[2593],"product_cat":[1189,1181,1186],"product_tag":[2266],"class_list":{"0":"post-129001","1":"product","2":"type-product","3":"status-publish","4":"has-post-thumbnail","6":"product_brand-meta-box","7":"product_cat-personnalisation","8":"product_cat-plugins","9":"product_cat-wordpress-plugins","10":"product_tag-meta-box","11":"member-discount","12":"discount-restricted","14":"first","15":"instock","16":"sale","17":"downloadable","18":"virtual","19":"sold-individually","20":"purchasable","21":"product-type-simple"},"_links":{"self":[{"href":"https:\/\/gpl-love.com\/fr\/wp-json\/wp\/v2\/product\/129001","targetHints":{"allow":["GET"]}}],"collection":[{"href":"https:\/\/gpl-love.com\/fr\/wp-json\/wp\/v2\/product"}],"about":[{"href":"https:\/\/gpl-love.com\/fr\/wp-json\/wp\/v2\/types\/product"}],"replies":[{"embeddable":true,"href":"https:\/\/gpl-love.com\/fr\/wp-json\/wp\/v2\/comments?post=129001"}],"wp:featuredmedia":[{"embeddable":true,"href":"https:\/\/gpl-love.com\/fr\/wp-json\/wp\/v2\/media\/146511"}],"wp:attachment":[{"href":"https:\/\/gpl-love.com\/fr\/wp-json\/wp\/v2\/media?parent=129001"}],"wp:term":[{"taxonomy":"product_brand","embeddable":true,"href":"https:\/\/gpl-love.com\/fr\/wp-json\/wp\/v2\/product_brand?post=129001"},{"taxonomy":"product_cat","embeddable":true,"href":"https:\/\/gpl-love.com\/fr\/wp-json\/wp\/v2\/product_cat?post=129001"},{"taxonomy":"product_tag","embeddable":true,"href":"https:\/\/gpl-love.com\/fr\/wp-json\/wp\/v2\/product_tag?post=129001"}],"curies":[{"name":"wp","href":"https:\/\/api.w.org\/{rel}","templated":true}]}}