{"id":128943,"date":"2026-04-30T00:00:00","date_gmt":"2026-04-29T22:00:00","guid":{"rendered":"https:\/\/gpl-love.com\/fr\/produit\/auctions-pour-woocommerce\/"},"modified":"2026-05-01T06:31:29","modified_gmt":"2026-05-01T04:31:29","slug":"auctions-pour-woocommerce","status":"publish","type":"product","link":"https:\/\/gpl-love.com\/fr\/produit\/auctions-pour-woocommerce\/","title":{"rendered":"Auctions pour WooCommerce 3.6.2"},"content":{"rendered":"<h3>Auctions pour WooCommerce Traits<\/h3>\n<p>Les ench\u00e8res pour WooCommerce sont un plugin incroyablement robuste qui vous donne la capacit\u00e9 d&rsquo;incorporer les fonctionnalit\u00e9s d&rsquo;ench\u00e8res dans votre boutique en ligne, am\u00e9liorant ainsi son efficacit\u00e9 et sa productivit\u00e9. Ce plugin propose une pl\u00e9thore de fonctionnalit\u00e9s exceptionnelles telles que les ench\u00e8res, les produits de r\u00e9serve automatique, les prix de r\u00e9serve et les minuteries de compte \u00e0 rebours, qui contribuent tous \u00e0 son efficacit\u00e9 dans la cr\u00e9ation et la gestion des ench\u00e8res sans effort \u00e0 partir de votre tableau de bord WooCommerce. Que votre objectif soit de fournir des articles rares, d&rsquo;organiser des \u00e9v\u00e9nements de collecte de fonds ou simplement de diversifier et d&rsquo;augmenter les canaux de vente de votre magasin, les ench\u00e8res pour WooCommerce se pr\u00e9sente comme la solution id\u00e9ale et compl\u00e8te. Avec son interface remarquablement conviviale, ses performances in\u00e9branlables et son int\u00e9gration sans faille avec WooCommerce, ce plugin sert d&rsquo;outil pr\u00e9cieux pour rationaliser vos processus d&rsquo;ench\u00e8res et amplifier votre g\u00e9n\u00e9ration de revenus. Par cons\u00e9quent, il n&rsquo;y a pas besoin d&rsquo;h\u00e9sitation; Saisissez l&rsquo;opportunit\u00e9 et installez les ench\u00e8res pour WooCommerce aujourd&rsquo;hui pour se lancer dans un voyage exaltant de vente aux ench\u00e8res et de r\u00e9colter les r\u00e9compenses qu&rsquo;il provoque!<\/p>\n<ul>\n<li>Am\u00e9liorez votre magasin WooCommerce avec une fonctionnalit\u00e9 d&rsquo;ench\u00e8res<\/li>\n<li>Enti\u00e8rement compatible avec la derni\u00e8re version de WooCommerce<\/li>\n<li>Facile \u00e0 installer et \u00e0 configurer, aucun codage requis<\/li>\n<li>Cr\u00e9er des ench\u00e8res illimit\u00e9es avec des param\u00e8tres personnalisables<\/li>\n<li>Fixer les prix de r\u00e9serve, les offres minimales et les incr\u00e9ments de soumission pour chaque vente aux ench\u00e8res<\/li>\n<li>Sp\u00e9cifiez le d\u00e9but et la fin des ench\u00e8res avec une minuterie de compte \u00e0 rebours affich\u00e9<\/li>\n<li>Informer les soumissionnaires par e-mail lorsqu&rsquo;ils ont \u00e9t\u00e9 surenchr\u00e9s ou lorsque la vente aux ench\u00e8res se termine<\/li>\n<li>Autoriser l&rsquo;approbation automatique ou manuelle des offres<\/li>\n<li>Activer les ench\u00e8res de procuration pour augmenter automatiquement les offres au nom des soumissionnaires<\/li>\n<li>Fournir des rapports et des analyses d\u00e9taill\u00e9s pour chaque vente aux ench\u00e8res<\/li>\n<li>Augmenter les ventes et les revenus en cr\u00e9ant un environnement d&rsquo;achat comp\u00e9titif<\/li>\n<li>G\u00e9rez commod\u00e9ment les ench\u00e8res aux c\u00f4t\u00e9s de vos autres produits WooCommerce.<\/li>\n<\/ul>\n","protected":false},"excerpt":{"rendered":"<p>Les ench\u00e8res pour le plugin WooCommerce sont un outil incroyablement robuste et influent qui vous accorde la possibilit\u00e9 d&rsquo;h\u00e9berger de mani\u00e8re transparente dans votre magasin WooCommerce. Ce plugin propose une gamme de fonctionnalit\u00e9s pratiques, notamment la cr\u00e9ation sans effort et la gestion efficace des ench\u00e8res pour les produits uniques et multiples. De plus, vous avez la capacit\u00e9 d&rsquo;\u00e9tablir des offres minimales et des prix de r\u00e9serve, ainsi que d&rsquo;activer les fonctionnalit\u00e9s automatiques d&rsquo;ench\u00e8res. De plus, vous avez la possibilit\u00e9 de fournir \u00e0 vos utilisateurs de pr\u00e9cieux les d\u00e9tails des ench\u00e8res indispensables, tels que les dates de d\u00e9but et de conclusion pr\u00e9cises, les offres en cours et les incr\u00e9ments de soumission. En int\u00e9grant les ench\u00e8res pour WooCommerce dans votre boutique en ligne, vous pouvez am\u00e9liorer efficacement l&rsquo;engagement des clients et en fin de compte des ventes en fournissant une avenue interactive captivante pour que les clients se procurent vos produits exceptionnels.<\/p>\n","protected":false},"featured_media":146501,"comment_status":"open","ping_status":"open","template":"","meta":[],"product_brand":[2440],"product_cat":[1182,1223,1181],"product_tag":[1398],"class_list":{"0":"post-128943","1":"product","2":"type-product","3":"status-publish","4":"has-post-thumbnail","6":"product_brand-woocommerce","7":"product_cat-commerce-electronique-plugins","8":"product_cat-personnalisation-commerce-electronique-plugins","9":"product_cat-plugins","10":"product_tag-woocommerce","11":"member-discount","12":"discount-restricted","14":"first","15":"instock","16":"sale","17":"downloadable","18":"virtual","19":"sold-individually","20":"purchasable","21":"product-type-simple"},"_links":{"self":[{"href":"https:\/\/gpl-love.com\/fr\/wp-json\/wp\/v2\/product\/128943","targetHints":{"allow":["GET"]}}],"collection":[{"href":"https:\/\/gpl-love.com\/fr\/wp-json\/wp\/v2\/product"}],"about":[{"href":"https:\/\/gpl-love.com\/fr\/wp-json\/wp\/v2\/types\/product"}],"replies":[{"embeddable":true,"href":"https:\/\/gpl-love.com\/fr\/wp-json\/wp\/v2\/comments?post=128943"}],"wp:featuredmedia":[{"embeddable":true,"href":"https:\/\/gpl-love.com\/fr\/wp-json\/wp\/v2\/media\/146501"}],"wp:attachment":[{"href":"https:\/\/gpl-love.com\/fr\/wp-json\/wp\/v2\/media?parent=128943"}],"wp:term":[{"taxonomy":"product_brand","embeddable":true,"href":"https:\/\/gpl-love.com\/fr\/wp-json\/wp\/v2\/product_brand?post=128943"},{"taxonomy":"product_cat","embeddable":true,"href":"https:\/\/gpl-love.com\/fr\/wp-json\/wp\/v2\/product_cat?post=128943"},{"taxonomy":"product_tag","embeddable":true,"href":"https:\/\/gpl-love.com\/fr\/wp-json\/wp\/v2\/product_tag?post=128943"}],"curies":[{"name":"wp","href":"https:\/\/api.w.org\/{rel}","templated":true}]}}