{"id":128759,"date":"2026-01-04T00:00:00","date_gmt":"2026-01-03T23:00:00","guid":{"rendered":"https:\/\/gpl-love.com\/fr\/produit\/top-bar-pour-woocommerce\/"},"modified":"2026-03-20T23:55:05","modified_gmt":"2026-03-20T22:55:05","slug":"top-bar-pour-woocommerce","status":"publish","type":"product","link":"https:\/\/gpl-love.com\/fr\/produit\/top-bar-pour-woocommerce\/","title":{"rendered":"Top Bar pour WooCommerce 1.5.2"},"content":{"rendered":"<h3>Top Bar pour WooCommerce Traits<\/h3>\n<p>La barre sup\u00e9rieure pour le plugin WooCommerce est un outil incroyablement efficace qui am\u00e9liore votre magasin WooCommerce en incorporant une barre sup\u00e9rieure. Cette fonction de barre sup\u00e9rieure vous permet de communiquer efficacement des messages vitaux, de promouvoir des offres sp\u00e9ciales, de faire des annonces importantes, et bien plus encore \u00e0 votre client\u00e8le estim\u00e9e. Un aspect remarquable de la barre sup\u00e9rieure pour le plugin WooCommerce est son niveau de personnalisation remarquable, vous permettant d&rsquo;adapter l&rsquo;apparence de la barre en termes de couleur, de texte, de police et de position. De plus, vous avez la possibilit\u00e9 de planifier des messages pour appara\u00eetre pendant des d\u00e9lais sp\u00e9cifiques, vous accordant un niveau de contr\u00f4le accru sur la strat\u00e9gie de communication de votre magasin. Il convient de souligner que ce plugin poss\u00e8de une interface conviviale, ce qui le rend sans effort accessible pour ceux qui sans aucune expertise de codage. Que votre objectif soit d&rsquo;informer les clients concernant un produit nouvellement lanc\u00e9, une vente en cours ou une date limite d&rsquo;exp\u00e9dition \u00e0 venir, la barre sup\u00e9rieure pour le plugin WooCommerce est sp\u00e9cialement con\u00e7ue pour captiver leur attention et, finalement, augmenter vos chiffres de vente. Embarquez dans un voyage pour am\u00e9liorer l&rsquo;engagement et la satisfaction de votre client en essayant ce plugin exceptionnel aujourd&rsquo;hui.<\/p>\n<ul>\n<li>Ajoute une barre sup\u00e9rieure personnalisable \u00e0 votre boutique WooCommerce<\/li>\n<li>Permet une communication facile avec les clients via des annonces ou des notifications<\/li>\n<li>Option pour inclure un bouton d&rsquo;appel \u00e0 l&rsquo;action pour promouvoir les ventes ou les promotions<\/li>\n<li>Int\u00e8gre de mani\u00e8re transparente avec votre th\u00e8me WooCommerce<\/li>\n<li>La conception r\u00e9active mobile garantit que les clients peuvent afficher la barre sup\u00e9rieure sur n&rsquo;importe quel appareil<\/li>\n<li>Arri\u00e8re-plans personnalisables, couleurs de texte et styles de police pour correspondre \u00e0 l&rsquo;esth\u00e9tique de votre marque<\/li>\n<li>Options pour afficher la barre sup\u00e9rieure sur des pages sp\u00e9cifiques ou \u00e0 l&rsquo;\u00e9chelle du site<\/li>\n<li>Facile \u00e0 installer et \u00e0 configurer sans aucune connaissance de codage requise<\/li>\n<li>Augmente l&rsquo;engagement des clients et peut stimuler les ventes en faisant la promotion d&rsquo;offres ou de nouveaux produits<\/li>\n<li>Am\u00e9liore l&rsquo;exp\u00e9rience utilisateur en fournissant des informations importantes en haut de la page.<\/li>\n<\/ul>\n","protected":false},"excerpt":{"rendered":"<p>L&rsquo;entr\u00e9e: la barre sup\u00e9rieure pour WooCommerce est un plugin incroyablement utile sp\u00e9cialement cr\u00e9\u00e9 pour am\u00e9liorer l&rsquo;exp\u00e9rience de navigation des clients des d\u00e9taillants en ligne. Ce plugin y parvient en offrant une barre de notification hautement personnalisable qui est strat\u00e9giquement positionn\u00e9e en haut de leur magasin WooCommerce. En tirant parti des capacit\u00e9s de ce plugin, les d\u00e9taillants sont autoris\u00e9s \u00e0 promouvoir sans effort leurs offres et remises les plus r\u00e9centes et les plus attrayantes, faire des annonces sur de nouveaux produits passionnants, ainsi que de communiquer efficacement des mises \u00e0 jour importantes de leurs pr\u00e9cieux clients. En outre, les d\u00e9taillants ont la possibilit\u00e9 d&rsquo;inclure divers liens dans la barre sup\u00e9rieure, leur permettant de diriger leurs clients vers des pages cl\u00e9s telles que la page d&rsquo;accueil, la page de contact ou toute autre destination souhait\u00e9e sur leur site Web. En capitalisant sur les fonctionnalit\u00e9s remarquables fournies par la traction: la barre sup\u00e9rieure pour WooCommerce, les d\u00e9taillants peuvent r\u00e9ussir \u00e0 am\u00e9liorer l&rsquo;engagement des clients et \u00e0 amplifier consid\u00e9rablement les chiffres de vente.<\/p>\n","protected":false},"featured_media":146507,"comment_status":"open","ping_status":"open","template":"","meta":[],"product_brand":[2440],"product_cat":[1182,1223,1181],"product_tag":[1398],"class_list":{"0":"post-128759","1":"product","2":"type-product","3":"status-publish","4":"has-post-thumbnail","6":"product_brand-woocommerce","7":"product_cat-commerce-electronique-plugins","8":"product_cat-personnalisation-commerce-electronique-plugins","9":"product_cat-plugins","10":"product_tag-woocommerce","11":"member-discount","12":"discount-restricted","14":"first","15":"instock","16":"sale","17":"downloadable","18":"virtual","19":"sold-individually","20":"purchasable","21":"product-type-simple"},"_links":{"self":[{"href":"https:\/\/gpl-love.com\/fr\/wp-json\/wp\/v2\/product\/128759","targetHints":{"allow":["GET"]}}],"collection":[{"href":"https:\/\/gpl-love.com\/fr\/wp-json\/wp\/v2\/product"}],"about":[{"href":"https:\/\/gpl-love.com\/fr\/wp-json\/wp\/v2\/types\/product"}],"replies":[{"embeddable":true,"href":"https:\/\/gpl-love.com\/fr\/wp-json\/wp\/v2\/comments?post=128759"}],"wp:featuredmedia":[{"embeddable":true,"href":"https:\/\/gpl-love.com\/fr\/wp-json\/wp\/v2\/media\/146507"}],"wp:attachment":[{"href":"https:\/\/gpl-love.com\/fr\/wp-json\/wp\/v2\/media?parent=128759"}],"wp:term":[{"taxonomy":"product_brand","embeddable":true,"href":"https:\/\/gpl-love.com\/fr\/wp-json\/wp\/v2\/product_brand?post=128759"},{"taxonomy":"product_cat","embeddable":true,"href":"https:\/\/gpl-love.com\/fr\/wp-json\/wp\/v2\/product_cat?post=128759"},{"taxonomy":"product_tag","embeddable":true,"href":"https:\/\/gpl-love.com\/fr\/wp-json\/wp\/v2\/product_tag?post=128759"}],"curies":[{"name":"wp","href":"https:\/\/api.w.org\/{rel}","templated":true}]}}