{"id":128757,"date":"2026-03-20T00:00:00","date_gmt":"2026-03-19T23:00:00","guid":{"rendered":"https:\/\/gpl-love.com\/fr\/produit\/import-shopify-to-woocommerce\/"},"modified":"2026-03-20T23:55:04","modified_gmt":"2026-03-20T22:55:04","slug":"import-shopify-to-woocommerce","status":"publish","type":"product","link":"https:\/\/gpl-love.com\/fr\/produit\/import-shopify-to-woocommerce\/","title":{"rendered":"Import Shopify to WooCommerce 1.4.5"},"content":{"rendered":"<h3>Import Shopify to WooCommerce Traits<\/h3>\n<p>Le plugin d&rsquo;importation Shopify sur WooCommerce est un outil incroyablement puissant qui vous offre la capacit\u00e9 transparente de transf\u00e9rer votre boutique en ligne Shopify vers WooCommerce avec la plus grande facilit\u00e9. En vous engageant simplement dans quelques clics, vous pouvez migrer sans effort tous vos produits, commandes, clients et autres donn\u00e9es vitales de votre magasin Shopify pr\u00e9existant vers votre nouveau magasin WooCommerce. Ce plugin remarquable garantit une pr\u00e9cision m\u00e9ticuleuse dans l&rsquo;importation de toutes vos donn\u00e9es, vous permettant ainsi de r\u00e9pondre de mani\u00e8re transparente \u00e0 vos clients estim\u00e9s sans aucune forme de perturbation. Par cons\u00e9quent, le plugin Import Shopify dans WooCommerce s&rsquo;av\u00e8re \u00eatre une solution tr\u00e8s avantageuse pour les entreprises cherchant \u00e0 passer \u00e0 WooCommerce ou \u00e0 celles qui aspirent \u00e0 augmenter leur pr\u00e9sence en ligne. Rassurez-vous, ce plugin convivial et tr\u00e8s efficace se manifeste comme un investissement vraiment remarquable pour tout propri\u00e9taire de magasin en ligne exigeant.<\/p>\n<ul>\n<li>Transf\u00e8re les produits, les clients et les commandes de Shopify \u00e0 WooCommerce<\/li>\n<li>Synchroniser les niveaux d&rsquo;inventaire entre les deux plateformes<\/li>\n<li>Importe des images et descriptions de produits<\/li>\n<li>Conserve l&rsquo;historique des commandes et les donn\u00e9es clients<\/li>\n<li>Prend en charge plusieurs devises et langues<\/li>\n<li>Met \u00e0 jour automatiquement les niveaux de stock en temps r\u00e9el<\/li>\n<li>Maintient les URL et redirige une int\u00e9gration transparente<\/li>\n<li>Facile \u00e0 utiliser sans aucune connaissance de codage requise<\/li>\n<li>Gave le temps et am\u00e9liore l&rsquo;efficacit\u00e9 des marchands de boutiques en ligne<\/li>\n<\/ul>\n","protected":false},"excerpt":{"rendered":"<p>Notre importateur Shopify vers WooCommerce vous permet d&rsquo;importer sans effort vos produits, clients et commandes, \u00e9liminant le besoin de transfert de donn\u00e9es manuel \u00e0 forte intensit\u00e9 de main-d&rsquo;\u0153uvre. Cet outil avanc\u00e9 garantit une cartographie et une migration pr\u00e9cises de toutes vos donn\u00e9es, facilitant une transition transparente. Offrez des adieux au processus fastidieux et adoptez l&rsquo;efficacit\u00e9 de notre importateur, passant de Shopify \u00e0 WooCommerce une exp\u00e9rience sans tracas.<\/p>\n","protected":false},"featured_media":146506,"comment_status":"open","ping_status":"open","template":"","meta":[],"product_brand":[2435],"product_cat":[1183,1182,1181],"product_tag":[1231],"class_list":{"0":"post-128757","1":"product","2":"type-product","3":"status-publish","4":"has-post-thumbnail","6":"product_brand-codecanyon","7":"product_cat-administration","8":"product_cat-commerce-electronique-plugins","9":"product_cat-plugins","10":"product_tag-codecanyon","11":"member-discount","12":"discount-restricted","14":"first","15":"instock","16":"sale","17":"downloadable","18":"virtual","19":"sold-individually","20":"purchasable","21":"product-type-simple"},"_links":{"self":[{"href":"https:\/\/gpl-love.com\/fr\/wp-json\/wp\/v2\/product\/128757","targetHints":{"allow":["GET"]}}],"collection":[{"href":"https:\/\/gpl-love.com\/fr\/wp-json\/wp\/v2\/product"}],"about":[{"href":"https:\/\/gpl-love.com\/fr\/wp-json\/wp\/v2\/types\/product"}],"replies":[{"embeddable":true,"href":"https:\/\/gpl-love.com\/fr\/wp-json\/wp\/v2\/comments?post=128757"}],"wp:featuredmedia":[{"embeddable":true,"href":"https:\/\/gpl-love.com\/fr\/wp-json\/wp\/v2\/media\/146506"}],"wp:attachment":[{"href":"https:\/\/gpl-love.com\/fr\/wp-json\/wp\/v2\/media?parent=128757"}],"wp:term":[{"taxonomy":"product_brand","embeddable":true,"href":"https:\/\/gpl-love.com\/fr\/wp-json\/wp\/v2\/product_brand?post=128757"},{"taxonomy":"product_cat","embeddable":true,"href":"https:\/\/gpl-love.com\/fr\/wp-json\/wp\/v2\/product_cat?post=128757"},{"taxonomy":"product_tag","embeddable":true,"href":"https:\/\/gpl-love.com\/fr\/wp-json\/wp\/v2\/product_tag?post=128757"}],"curies":[{"name":"wp","href":"https:\/\/api.w.org\/{rel}","templated":true}]}}