{"id":128756,"date":"2024-03-13T00:00:00","date_gmt":"2024-03-12T23:00:00","guid":{"rendered":"https:\/\/gpl-love.com\/fr\/produit\/divi-switch\/"},"modified":"2026-03-20T23:55:04","modified_gmt":"2026-03-20T22:55:04","slug":"divi-switch","status":"publish","type":"product","link":"https:\/\/gpl-love.com\/fr\/produit\/divi-switch\/","title":{"rendered":"Divi Switch 4.0.19"},"content":{"rendered":"<h3>Divi Switch Traits<\/h3>\n<p>Divi Switch, un plugin incroyablement robuste, autorise les propri\u00e9taires de sites Web et les concepteurs, leur permettant de personnaliser sans effort leur th\u00e8me Divi sans aucune expertise de codage. Son \u00e9ventail impressionnant de fonctionnalit\u00e9s permet aux utilisateurs de basculer sans effort entre activer et d\u00e9sactiver diverses fonctionnalit\u00e9s, modifier et affiner des \u00e9l\u00e9ments de conception, et affiner m\u00e9ticuleusement tous les aspects de leur site Web \u00e0 leurs pr\u00e9f\u00e9rences exactes. Que vous aspirez \u00e0 modifier la palette de couleurs, \u00e0 int\u00e9grer des animations captivantes ou \u00e0 modifier m\u00e9ticuleusement la typographie, Divi Switch est la solution ultime. Avec son interface remarquablement conviviale et son cadre intuitivement con\u00e7u, la transition de mani\u00e8re transparente entre diff\u00e9rentes options et les modifications de pr\u00e9visualisation en temps r\u00e9el devient une brise absolue. Que vous soyez un novice ou un designer chevronn\u00e9, Divi Switch devient essentiellement un outil indispensable, servant d&rsquo;aide par excellence pour quiconque aspire \u00e0 cr\u00e9er un site Web impressionnant avec le th\u00e8me Divi.<\/p>\n<ul>\n<li>Un plugin puissant pour le th\u00e8me Divi qui permet aux utilisateurs de faire rapidement et facilement les personnalisations et les modifications de leur site Web<\/li>\n<li>Offre une large gamme d&rsquo;options et de param\u00e8tres de personnalisation, y compris la possibilit\u00e9 d&rsquo;ajuster les styles de texte, de modifier les options de mise en page et d&rsquo;ajouter CSS personnalis\u00e9<\/li>\n<li>Rend la simple modification des param\u00e8tres de divi par d\u00e9faut en quelques clics, en faisant gagner du temps et des tracas des utilisateurs<\/li>\n<li>Permet aux utilisateurs d&rsquo;apporter des modifications sans avoir \u00e0 embaucher un d\u00e9veloppeur ou \u00e0 avoir une connaissance approfondie du codage<\/li>\n<li>Livr\u00e9 avec une vari\u00e9t\u00e9 de modules et de mod\u00e8les pr\u00e9d\u00e9finis pour aider les utilisateurs \u00e0 personnaliser leur site Web Divi rapidement et facilement<\/li>\n<li>Offre des options de conception r\u00e9actives et des param\u00e8tres sp\u00e9cifiques au mobile pour optimiser les performances du site Web pour diff\u00e9rents appareils<\/li>\n<li>Fournit des fonctionnalit\u00e9s d&rsquo;analyse et de suivi des donn\u00e9es utiles pour aider les utilisateurs \u00e0 analyser le comportement des visiteurs du site Web et \u00e0 am\u00e9liorer les performances globales de leur site Web<\/li>\n<li>Offre un excellent support client et des ressources pour aider les utilisateurs \u00e0 tirer le meilleur parti du plugin et \u00e0 r\u00e9soudre les probl\u00e8mes rapidement et facilement<\/li>\n<\/ul>\n","protected":false},"excerpt":{"rendered":"<p>Divi Switch est un plugin extr\u00eamement puissant qui vous offre la capacit\u00e9 remarquable de personnaliser sans effort votre site Web WordPress divis\u00e9r\u00e9, \u00e9liminant la n\u00e9cessit\u00e9 de tout codage. B\u00e9n\u00e9ficiant d&rsquo;un vaste \u00e9ventail de plus de 50 bascules distinctes qui vous accordent la capacit\u00e9 d&rsquo;activer ou de d\u00e9sactiver sans effort, vous pouvez instantan\u00e9ment pr\u00e9senter ou \u00e9liminer un \u00e9ventail de fonctionnalit\u00e9s, de styles et de fonctionnalit\u00e9s, transformant ainsi le paysage de votre site Web. De la personnalisation transparente de votre en-t\u00eate et de votre pied de page \u00e0 l&rsquo;alt\u00e9ration sans effort des couleurs de bouton et des options de disposition, Divi Switch offre une avenue incroyablement intuitive et conviviale \u00e0 travers laquelle vous pouvez modifier sans effort tout aspect de la conception de votre site Web. Que vous soyez un d\u00e9veloppeur Web professionnel accompli ou simplement une personne cherchant \u00e0 personnaliser votre site Web en quelques clics, Divi Switch \u00e9merge incontestablement comme l&rsquo;outil par excellence pour optimiser votre site Web Divi au plus haut degr\u00e9.<\/p>\n","protected":false},"featured_media":146505,"comment_status":"open","ping_status":"open","template":"","meta":[],"product_brand":[2634],"product_cat":[1189,1181,1186],"product_tag":[2326],"class_list":{"0":"post-128756","1":"product","2":"type-product","3":"status-publish","4":"has-post-thumbnail","6":"product_brand-wp-zone","7":"product_cat-personnalisation","8":"product_cat-plugins","9":"product_cat-wordpress-plugins","10":"product_tag-wp-zone","11":"member-discount","12":"discount-restricted","14":"first","15":"instock","16":"sale","17":"downloadable","18":"virtual","19":"sold-individually","20":"purchasable","21":"product-type-simple"},"_links":{"self":[{"href":"https:\/\/gpl-love.com\/fr\/wp-json\/wp\/v2\/product\/128756","targetHints":{"allow":["GET"]}}],"collection":[{"href":"https:\/\/gpl-love.com\/fr\/wp-json\/wp\/v2\/product"}],"about":[{"href":"https:\/\/gpl-love.com\/fr\/wp-json\/wp\/v2\/types\/product"}],"replies":[{"embeddable":true,"href":"https:\/\/gpl-love.com\/fr\/wp-json\/wp\/v2\/comments?post=128756"}],"wp:featuredmedia":[{"embeddable":true,"href":"https:\/\/gpl-love.com\/fr\/wp-json\/wp\/v2\/media\/146505"}],"wp:attachment":[{"href":"https:\/\/gpl-love.com\/fr\/wp-json\/wp\/v2\/media?parent=128756"}],"wp:term":[{"taxonomy":"product_brand","embeddable":true,"href":"https:\/\/gpl-love.com\/fr\/wp-json\/wp\/v2\/product_brand?post=128756"},{"taxonomy":"product_cat","embeddable":true,"href":"https:\/\/gpl-love.com\/fr\/wp-json\/wp\/v2\/product_cat?post=128756"},{"taxonomy":"product_tag","embeddable":true,"href":"https:\/\/gpl-love.com\/fr\/wp-json\/wp\/v2\/product_tag?post=128756"}],"curies":[{"name":"wp","href":"https:\/\/api.w.org\/{rel}","templated":true}]}}