{"id":128755,"date":"2025-10-14T00:00:00","date_gmt":"2025-10-13T22:00:00","guid":{"rendered":"https:\/\/gpl-love.com\/fr\/produit\/divi-shop-builder\/"},"modified":"2026-03-20T23:55:03","modified_gmt":"2026-03-20T22:55:03","slug":"divi-shop-builder","status":"publish","type":"product","link":"https:\/\/gpl-love.com\/fr\/produit\/divi-shop-builder\/","title":{"rendered":"Divi Shop Builder 2.0.24"},"content":{"rendered":"<h3>Divi Shop Builder Traits<\/h3>\n<p>Divi Shop Builder, un plugin WordPress innovant et convivial, a \u00e9t\u00e9 attentivement con\u00e7u pour fournir aux utilisateurs des moyens sans effort de cr\u00e9er et de personnaliser leur propre magasin de commerce \u00e9lectronique. \u00c9quip\u00e9e d&rsquo;une vaste gamme de fonctionnalit\u00e9s puissantes et d&rsquo;une fonctionnalit\u00e9 de glisser-d\u00e9poser de con\u00e7ue intuitivement, Divi Shop Builder permet aux utilisateurs de g\u00e9n\u00e9rer et de superviser les divers \u00e9l\u00e9ments de leur boutique en ligne, allant des pages de produits esth\u00e9tiquement agr\u00e9ables aux caddages pratiques, ainsi comme la gestion efficace des commandes et des stocks. De plus, ce plugin propose une s\u00e9lection impressionnante de mod\u00e8les et de dispositions pr\u00e9fabriqu\u00e9s, qui sont tous compl\u00e9t\u00e9s par des options de personnalisation avanc\u00e9es, facilitant ainsi la cr\u00e9ation rapide d&rsquo;une boutique en ligne distinctive et professionnelle qui peut \u00eatre adapt\u00e9e pour r\u00e9pondre aux exigences sp\u00e9cifiques de ses exigences de ses exigences sp\u00e9cifiques de ses besoins propri\u00e9taires. En utilisant Divi Shop Builder, les utilisateurs peuvent optimiser sans effort leur flux de travail de commerce \u00e9lectronique, ce qui permet de gagner du temps pr\u00e9cieux et finalement favoriser la croissance de leur entreprise.<\/p>\n<ul>\n<li>Vous permet de concevoir facilement une boutique en ligne enti\u00e8rement fonctionnelle<\/li>\n<li>Livr\u00e9 avec des mod\u00e8les et des dispositions pr\u00e9-con\u00e7us pour diff\u00e9rents types de produits<\/li>\n<li>La conception r\u00e9active mobile garantit que votre magasin a fi\u00e8re allure sur n&rsquo;importe quel appareil<\/li>\n<li>Les options de personnalisation vous permettent d&rsquo;adapter le magasin \u00e0 votre marque et \u00e0 vos produits<\/li>\n<li>Les fonctionnalit\u00e9s de r\u00e9f\u00e9rencement int\u00e9gr\u00e9es vous aident \u00e0 vous classer plus haut dans les moteurs de recherche<\/li>\n<li>L&rsquo;int\u00e9gration avec les principales passerelles de paiement assure des transactions s\u00e9curis\u00e9es<\/li>\n<li>Les options de calculs d&rsquo;exp\u00e9dition et d&rsquo;imp\u00f4t sont incluses<\/li>\n<li>Les analyses d\u00e9taill\u00e9es vous donnent un aper\u00e7u des performances de votre magasin<\/li>\n<li>Mises \u00e0 jour r\u00e9guli\u00e8res et soutien de l&rsquo;\u00e9quipe Divi pour que votre magasin fonctionne bien<\/li>\n<\/ul>\n","protected":false},"excerpt":{"rendered":"<p>Le Divi Shop Builder, un outil exceptionnellement robuste, simplifie effectivement le processus complexe d&rsquo;\u00e9tablissement d&rsquo;une boutique en ligne. Son interface remarquablement conviviale facilite la manipulation et la disposition sans effort de divers \u00e9l\u00e9ments, permettant aux utilisateurs de fa\u00e7onner m\u00e9ticuleusement un design impeccable adapt\u00e9 \u00e0 leurs produits sp\u00e9cifiques. Le constructeur Divi Shop affiche fi\u00e8rement un large \u00e9ventail d&rsquo;options de personnalisation, englobant des alternatives de mise en page polyvalentes, des capacit\u00e9s de gestion des produits sans effort et des m\u00e9canismes de paiement en ligne rapides. Ainsi, il peut \u00eatre affirm\u00e9 sans \u00e9quivoque que cet outil remarquable est la solution par excellence pour les entreprises cherchant \u00e0 construire un emporium en ligne visuellement captivant et hautement productif, dans lequel ils peuvent montrer magnifiquement leur gamme de produits diversifi\u00e9s.<\/p>\n","protected":false},"featured_media":146504,"comment_status":"open","ping_status":"open","template":"","meta":[],"product_brand":[2634],"product_cat":[1182,1223,1181],"product_tag":[2326],"class_list":{"0":"post-128755","1":"product","2":"type-product","3":"status-publish","4":"has-post-thumbnail","6":"product_brand-wp-zone","7":"product_cat-commerce-electronique-plugins","8":"product_cat-personnalisation-commerce-electronique-plugins","9":"product_cat-plugins","10":"product_tag-wp-zone","11":"member-discount","12":"discount-restricted","14":"first","15":"instock","16":"sale","17":"downloadable","18":"virtual","19":"sold-individually","20":"purchasable","21":"product-type-simple"},"_links":{"self":[{"href":"https:\/\/gpl-love.com\/fr\/wp-json\/wp\/v2\/product\/128755","targetHints":{"allow":["GET"]}}],"collection":[{"href":"https:\/\/gpl-love.com\/fr\/wp-json\/wp\/v2\/product"}],"about":[{"href":"https:\/\/gpl-love.com\/fr\/wp-json\/wp\/v2\/types\/product"}],"replies":[{"embeddable":true,"href":"https:\/\/gpl-love.com\/fr\/wp-json\/wp\/v2\/comments?post=128755"}],"wp:featuredmedia":[{"embeddable":true,"href":"https:\/\/gpl-love.com\/fr\/wp-json\/wp\/v2\/media\/146504"}],"wp:attachment":[{"href":"https:\/\/gpl-love.com\/fr\/wp-json\/wp\/v2\/media?parent=128755"}],"wp:term":[{"taxonomy":"product_brand","embeddable":true,"href":"https:\/\/gpl-love.com\/fr\/wp-json\/wp\/v2\/product_brand?post=128755"},{"taxonomy":"product_cat","embeddable":true,"href":"https:\/\/gpl-love.com\/fr\/wp-json\/wp\/v2\/product_cat?post=128755"},{"taxonomy":"product_tag","embeddable":true,"href":"https:\/\/gpl-love.com\/fr\/wp-json\/wp\/v2\/product_tag?post=128755"}],"curies":[{"name":"wp","href":"https:\/\/api.w.org\/{rel}","templated":true}]}}