{"id":128754,"date":"2026-04-29T00:00:00","date_gmt":"2026-04-28T22:00:00","guid":{"rendered":"https:\/\/gpl-love.com\/fr\/produit\/database-cleaner-pro\/"},"modified":"2026-04-29T12:31:18","modified_gmt":"2026-04-29T10:31:18","slug":"database-cleaner-pro","status":"publish","type":"product","link":"https:\/\/gpl-love.com\/fr\/produit\/database-cleaner-pro\/","title":{"rendered":"Database Cleaner Pro 1.3.6"},"content":{"rendered":"<h3>Database Cleaner Pro Traits<\/h3>\n<p>Database Cleaner Pro est une application logicielle extr\u00eamement robuste et technologiquement avanc\u00e9e qui a \u00e9t\u00e9 sp\u00e9cifiquement con\u00e7ue pour optimiser et nettoyer m\u00e9ticuleusement les bases de donn\u00e9es, am\u00e9liorant ainsi consid\u00e9rablement leurs performances et leur efficacit\u00e9 globales. Ce logiciel exceptionnel poss\u00e8de des algorithmes de pointe et une interface utilisateur con\u00e7ue intuitivement, en le permettant d&rsquo;\u00e9radiquer sans effort et efficacement les instances des entr\u00e9es en double, de rectifier toutes les donn\u00e9es corrompues et d&rsquo;\u00e9liminer m\u00e9ticuleusement tout enregistrement non pertinent ou obsol\u00e8te. En cons\u00e9quence, cet outil inestimable contribue sans aucun doute \u00e0 l&rsquo;am\u00e9lioration substantielle de la vitesse de la base de donn\u00e9es, \u00e0 la r\u00e9duction des exigences de stockage et \u00e0 la minimisation notable de tout risque potentiel concernant les erreurs ou les accidents du syst\u00e8me. Peu importe que vous obteniez la gestion d&rsquo;une base de donn\u00e9es relativement modeste et mise \u00e0 l&rsquo;\u00e9chelle ou d&rsquo;un syst\u00e8me d&rsquo;entreprise extr\u00eamement expansif et de mani\u00e8re complexe, assur\u00e9 que les capacit\u00e9s ph\u00e9nom\u00e9nales de Database Cleaner Pro permettra sans aucun doute de rationaliser de mani\u00e8re transparente toutes vos donn\u00e9es de gestion des donn\u00e9es de mani\u00e8re transparente toute votre gestion des donn\u00e9es de la gestion des donn\u00e9es ne vous permettra sans aucun doute que toute votre gestion de donn\u00e9es de mani\u00e8re transparente toute votre gestion des donn\u00e9es, des processus, finalement, vous permettant ainsi d&rsquo;\u00e9conomiser une immense quantit\u00e9 de temps pr\u00e9cieux et de ressources inestimables.<\/p>\n<ul>\n<li>Nettoie et optimise efficacement les bases de donn\u00e9es pour am\u00e9liorer les performances<\/li>\n<li>\u00c9limine les entr\u00e9es en double et les informations obsol\u00e8tes<\/li>\n<li>Identifie et corrige automatiquement les erreurs de mise en forme des donn\u00e9es<\/li>\n<li>Rationalise les t\u00e2ches de maintenance de la base de donn\u00e9es avec de puissantes op\u00e9rations par lots<\/li>\n<li>Supprime en toute s\u00e9curit\u00e9 des donn\u00e9es sensibles ou inutiles pour prot\u00e9ger la confidentialit\u00e9 et la conformit\u00e9<\/li>\n<li>Prend en charge une large gamme de plates-formes de base de donn\u00e9es populaires, notamment MySQL, Oracle et SQL Server<\/li>\n<li>Interface conviviale avec des options intuitives et des commentaires en direct<\/li>\n<li>V\u00e9rification et rapport d&rsquo;erreur compl\u00e8te pour garantir des r\u00e9sultats pr\u00e9cis<\/li>\n<li>R\u00e9duit les co\u00fbts d&rsquo;arr\u00eat de la base de donn\u00e9es et de maintenance en minimisant les erreurs et en rationalisant les workflows<\/li>\n<li>\u00c9conomise du temps et des ressources, permettant aux \u00e9quipes informatiques de se concentrer sur d&rsquo;autres t\u00e2ches critiques.<\/li>\n<\/ul>\n","protected":false},"excerpt":{"rendered":"<p>Database Cleaner Pro est une solution logicielle hautement sophistiqu\u00e9e m\u00e9ticuleusement con\u00e7ue pour nettoyer et optimiser efficacement les bases de donn\u00e9es de diff\u00e9rentes tailles. B\u00e9n\u00e9ficiant d&rsquo;algorithmes formidables et d&rsquo;une interface intuitive, cet outil discerne et \u00e9radent des enregistrements redondants, harmonise la structure de la base de donn\u00e9es et am\u00e9liore les performances globales. En tant que tel, il r\u00e9pond non aux besoins des entreprises et des organisations aspirant \u00e0 affiner la qualit\u00e9 des donn\u00e9es, \u00e0 diminuer les erreurs et \u00e0 maintenir un respect strict des r\u00e9f\u00e9rences de l&rsquo;industrie. Que vous vous trouviez aux prises avec des bases de donn\u00e9es colossales au niveau de l&rsquo;entreprise ou des entreprises plus modestes, assurez-vous que le nettoyant de donn\u00e9es Cleaner Pro appara\u00eet comme la solution consomm\u00e9e pour vous assurer que vos donn\u00e9es restent impeccables et impeccablement organis\u00e9es.<\/p>\n","protected":false},"featured_media":146503,"comment_status":"open","ping_status":"open","template":"","meta":[],"product_brand":[2583],"product_cat":[1187,1181,1186],"product_tag":[1617],"class_list":{"0":"post-128754","1":"product","2":"type-product","3":"status-publish","4":"has-post-thumbnail","6":"product_brand-meow-apps","7":"product_cat-administration-wordpress-plugins","8":"product_cat-plugins","9":"product_cat-wordpress-plugins","10":"product_tag-meow-apps","11":"member-discount","12":"discount-restricted","14":"first","15":"instock","16":"sale","17":"downloadable","18":"virtual","19":"sold-individually","20":"purchasable","21":"product-type-simple"},"_links":{"self":[{"href":"https:\/\/gpl-love.com\/fr\/wp-json\/wp\/v2\/product\/128754","targetHints":{"allow":["GET"]}}],"collection":[{"href":"https:\/\/gpl-love.com\/fr\/wp-json\/wp\/v2\/product"}],"about":[{"href":"https:\/\/gpl-love.com\/fr\/wp-json\/wp\/v2\/types\/product"}],"replies":[{"embeddable":true,"href":"https:\/\/gpl-love.com\/fr\/wp-json\/wp\/v2\/comments?post=128754"}],"wp:featuredmedia":[{"embeddable":true,"href":"https:\/\/gpl-love.com\/fr\/wp-json\/wp\/v2\/media\/146503"}],"wp:attachment":[{"href":"https:\/\/gpl-love.com\/fr\/wp-json\/wp\/v2\/media?parent=128754"}],"wp:term":[{"taxonomy":"product_brand","embeddable":true,"href":"https:\/\/gpl-love.com\/fr\/wp-json\/wp\/v2\/product_brand?post=128754"},{"taxonomy":"product_cat","embeddable":true,"href":"https:\/\/gpl-love.com\/fr\/wp-json\/wp\/v2\/product_cat?post=128754"},{"taxonomy":"product_tag","embeddable":true,"href":"https:\/\/gpl-love.com\/fr\/wp-json\/wp\/v2\/product_tag?post=128754"}],"curies":[{"name":"wp","href":"https:\/\/api.w.org\/{rel}","templated":true}]}}