{"id":128753,"date":"2023-02-23T00:00:00","date_gmt":"2023-02-22T23:00:00","guid":{"rendered":"https:\/\/gpl-love.com\/fr\/produit\/testify\/"},"modified":"2026-03-20T23:55:00","modified_gmt":"2026-03-20T22:55:00","slug":"testify","status":"publish","type":"product","link":"https:\/\/gpl-love.com\/fr\/produit\/testify\/","title":{"rendered":"Testify 2.1.11"},"content":{"rendered":"<h3>Testify Traits<\/h3>\n<p>Testify, un outil robuste et influent, aide effectivement les organisations \u00e0 acqu\u00e9rir des informations pr\u00e9cieuses concernant les commentaires des clients. \u00c9quip\u00e9 de capacit\u00e9s d&rsquo;analyse avanc\u00e9es, t\u00e9moignez les entreprises pour rassembler rapidement et examiner les commentaires des clients, ce qui leur permet de prendre des d\u00e9cisions bien inform\u00e9es et d&rsquo;am\u00e9liorer la satisfaction globale du client. Notamment, la plate-forme est conviviale et peut \u00eatre adapt\u00e9e pour r\u00e9pondre aux exigences sp\u00e9cifiques de toute organisation. Que l&rsquo;objectif soit d&rsquo;analyser le sentiment des clients, d&rsquo;identifier des probl\u00e8mes ou des opportunit\u00e9s potentiels ou de suivre les mod\u00e8les de comportement des clients, Testify propose une solution compl\u00e8te qui permet aux entreprises d&rsquo;optimiser leur exp\u00e9rience client. En exploitant le pouvoir de t\u00e9moigner, les entreprises peuvent d\u00e9passer sans effort leurs concurrents et stimuler la croissance gr\u00e2ce \u00e0 la livraison d&rsquo;exp\u00e9riences client exceptionnelles.<\/p>\n<ul>\n<li>Outil d&rsquo;\u00e9valuation et de suivi pour la performance et le d\u00e9veloppement des employ\u00e9s<\/li>\n<li>Interface conviviale pour une impl\u00e9mentation et une gestion faciles<\/li>\n<li>Crit\u00e8res d&rsquo;\u00e9valuation personnalisables et \u00e9chelles de notation pour r\u00e9pondre aux besoins sp\u00e9cifiques \u00e0 l&rsquo;entreprise<\/li>\n<li>Planification automatis\u00e9e et rappels pour les \u00e9valuations en temps opportun<\/li>\n<li>Rapports d&rsquo;\u00e9valuation d\u00e9taill\u00e9s pour les employ\u00e9s et les \u00e9quipes individuels<\/li>\n<li>Fonctionnalit\u00e9s d&rsquo;objectif et de suivi des progr\u00e8s des plans de d\u00e9veloppement des employ\u00e9s<\/li>\n<li>Int\u00e9gration avec les syst\u00e8mes RH et Payroll pour la gestion des employ\u00e9s rationalis\u00e9s<\/li>\n<li>Contr\u00f4les de stockage et d&rsquo;acc\u00e8s aux donn\u00e9es s\u00e9curis\u00e9es et confidentielles<\/li>\n<li>Conformit\u00e9 \u00e0 jour avec les normes et r\u00e9glementations de l&rsquo;industrie<\/li>\n<li>Support client exceptionnel et ressources de formation disponibles.<\/li>\n<\/ul>\n","protected":false},"excerpt":{"rendered":"<p>Tesify, une application logicielle de pointe, pr\u00e9sente une solution exquise pour les personnes visant \u00e0 convertir leurs expressions orales en texte \u00e9crit, avec un ensemble impressionnant de fonctionnalit\u00e9s. Ce produit remarquable se r\u00e9v\u00e8le \u00eatre un atout inestimable pour ceux qui cherchent \u00e0 transcrire des entretiens, des discours ou des conf\u00e9rences \u00e0 des fins de r\u00e9f\u00e9rence simplifi\u00e9e et d&rsquo;analyse m\u00e9ticuleuse. En utilisant des algorithmes sophistiqu\u00e9s, le t\u00e9moignage garantit un processus de transcription remarquablement pr\u00e9cis, convertissant efficacement les mots parl\u00e9s en un format \u00e9crit complet. De plus, la sortie r\u00e9sultante peut \u00eatre manipul\u00e9e et format\u00e9e sans effort pour r\u00e9pondre aux pr\u00e9f\u00e9rences et aux exigences individuelles. Avec le t\u00e9moignage \u00e0 port\u00e9e de main, les utilisateurs peuvent rationaliser leur flux de travail, ce qui permet d&rsquo;\u00e9conomiser des quantit\u00e9s substantielles de temps et d&rsquo;\u00e9nergie, tout en garantissant une pr\u00e9cision de transcription in\u00e9gal\u00e9e.<\/p>\n","protected":false},"featured_media":146502,"comment_status":"open","ping_status":"open","template":"","meta":[],"product_brand":[2634],"product_cat":[1207,1181,1186],"product_tag":[2326],"class_list":{"0":"post-128753","1":"product","2":"type-product","3":"status-publish","4":"has-post-thumbnail","6":"product_brand-wp-zone","7":"product_cat-commercialisation-wordpress-plugins","8":"product_cat-plugins","9":"product_cat-wordpress-plugins","10":"product_tag-wp-zone","11":"member-discount","12":"discount-restricted","14":"first","15":"instock","16":"sale","17":"downloadable","18":"virtual","19":"sold-individually","20":"purchasable","21":"product-type-simple"},"_links":{"self":[{"href":"https:\/\/gpl-love.com\/fr\/wp-json\/wp\/v2\/product\/128753","targetHints":{"allow":["GET"]}}],"collection":[{"href":"https:\/\/gpl-love.com\/fr\/wp-json\/wp\/v2\/product"}],"about":[{"href":"https:\/\/gpl-love.com\/fr\/wp-json\/wp\/v2\/types\/product"}],"replies":[{"embeddable":true,"href":"https:\/\/gpl-love.com\/fr\/wp-json\/wp\/v2\/comments?post=128753"}],"wp:featuredmedia":[{"embeddable":true,"href":"https:\/\/gpl-love.com\/fr\/wp-json\/wp\/v2\/media\/146502"}],"wp:attachment":[{"href":"https:\/\/gpl-love.com\/fr\/wp-json\/wp\/v2\/media?parent=128753"}],"wp:term":[{"taxonomy":"product_brand","embeddable":true,"href":"https:\/\/gpl-love.com\/fr\/wp-json\/wp\/v2\/product_brand?post=128753"},{"taxonomy":"product_cat","embeddable":true,"href":"https:\/\/gpl-love.com\/fr\/wp-json\/wp\/v2\/product_cat?post=128753"},{"taxonomy":"product_tag","embeddable":true,"href":"https:\/\/gpl-love.com\/fr\/wp-json\/wp\/v2\/product_tag?post=128753"}],"curies":[{"name":"wp","href":"https:\/\/api.w.org\/{rel}","templated":true}]}}