{"id":128752,"date":"2026-01-24T00:00:00","date_gmt":"2026-01-23T23:00:00","guid":{"rendered":"https:\/\/gpl-love.com\/fr\/produit\/export-order-items-pro\/"},"modified":"2026-03-20T23:54:59","modified_gmt":"2026-03-20T22:54:59","slug":"export-order-items-pro","status":"publish","type":"product","link":"https:\/\/gpl-love.com\/fr\/produit\/export-order-items-pro\/","title":{"rendered":"Export Order Items Pro 2.1.37"},"content":{"rendered":"<h3>Export Order Items Pro Traits<\/h3>\n<p>Les \u00e9l\u00e9ments de commande d&rsquo;exportation Pro sont un outil exceptionnellement robuste et sophistiqu\u00e9 qui a \u00e9t\u00e9 m\u00e9ticuleusement con\u00e7u pour am\u00e9liorer et optimiser consid\u00e9rablement vos op\u00e9rations commerciales en rationalisant et en simplifiant sans effort le processus d&rsquo;exportation des \u00e9l\u00e9ments de commande. Ce logiciel remarquable vous permet de la capacit\u00e9 remarquable d&rsquo;exporter sans effort et de mani\u00e8re transparente les \u00e9l\u00e9ments de commande d&rsquo;une large gamme de plateformes, y compris votre boutique en ligne, votre march\u00e9 ou votre syst\u00e8me ERP, \u00e0 un \u00e9ventail de formats divers et tr\u00e8s polyvalents tels que CSV, Excel et Xml. L&rsquo;une des fonctionnalit\u00e9s les plus impressionnantes de ce logiciel est sa flexibilit\u00e9 et son adaptabilit\u00e9 impeccables, vous permettant de personnaliser et d&rsquo;adapter de mani\u00e8re intime le processus d&rsquo;exportation pour vous aligner impeccablement avec vos besoins uniques et sp\u00e9cifiques, vous donnant ainsi \u00e0 vous doter un contr\u00f4le et une ma\u00eetrise in\u00e9branlables sur vos donn\u00e9es inestimables. Que vous soyez un entrepreneur \u00e0 \u00e9chelle modeste d\u00e9sireux de vous lancer dans le parcours d&rsquo;exportation des commandes ou d&rsquo;une entreprise colossale aux prises avec un ensemble complexe et multiforme d&rsquo;exigences d&rsquo;exportation, les \u00e9l\u00e9ments des commandes d&rsquo;exportation sont sans \u00e9quivoque la solution ultime et quintessentielle qui est sp\u00e9cialement con\u00e7ue pour Rencontrez et d\u00e9passez vos attentes et aspirations \u00e9lev\u00e9es.<\/p>\n<ul>\n<li>Exporter efficacement les articles de commande de votre boutique en ligne vers plusieurs formats de fichiers<\/li>\n<li>Capable d&rsquo;exporter des donn\u00e9es dans CSV, Excel, XML, et plus<\/li>\n<li>Permet aux utilisateurs de personnaliser les param\u00e8tres d&rsquo;exportation pour r\u00e9pondre \u00e0 leurs besoins sp\u00e9cifiques<\/li>\n<li>Fonctionne avec une vari\u00e9t\u00e9 de plateformes de commerce \u00e9lectronique populaires, notamment WooCommerce et Shopify<\/li>\n<li>Gagnez du temps en automatisant le processus d&rsquo;exportation et en \u00e9liminant le besoin de saisie manuelle<\/li>\n<li>Aide les entreprises \u00e0 g\u00e9rer leurs commandes et leurs stocks plus efficacement<\/li>\n<li>Fournit un moyen fiable et pr\u00e9cis d&rsquo;exporter des donn\u00e9es, entra\u00eenant moins d&rsquo;erreurs et moins de frustration pour les utilisateurs<\/li>\n<li>A une interface utilisateur intuitive facile \u00e0 utiliser, m\u00eame pour les utilisateurs non techniques<\/li>\n<li>Offre un excellent support technique et ressources pour les utilisateurs qui ont besoin d&rsquo;aide ou de conseils dans l&rsquo;utilisation du produit.<\/li>\n<\/ul>\n","protected":false},"excerpt":{"rendered":"<p>Exportation des \u00e9l\u00e9ments de commande Pro est une application tr\u00e8s robuste et puissante m\u00e9ticuleusement cr\u00e9\u00e9e pour aider les utilisateurs \u00e0 extraire et \u00e0 exporter leurs \u00e9l\u00e9ments de commande \u00e0 partir d&rsquo;un large \u00e9ventail de plateformes de commerce \u00e9lectronique. En utilisant ce logiciel de pointe, les individus peuvent acqu\u00e9rir sans effort leurs donn\u00e9es de commande dans une pl\u00e9thore de formats de fichiers, comprenant Excel, CSV et XML, tout en ayant la possibilit\u00e9 de personnaliser leurs exportations en d\u00e9terminant s\u00e9lectivement quels champs devraient \u00eatre inclus. En cons\u00e9quence, cet outil inestimable s&rsquo;av\u00e8re \u00eatre totalement indispensable aux entreprises qui s&rsquo;efforcent de g\u00e9rer efficacement et efficacement leurs donn\u00e9es de commande. Que vous vous trouviez le propri\u00e9taire d&rsquo;une entreprise modeste ou d&rsquo;une soci\u00e9t\u00e9 colossale, les \u00e9l\u00e9ments de commande d&rsquo;exportation Pro ont la capacit\u00e9 de rationaliser vos proc\u00e9dures de traitement des commandes et d&rsquo;augmenter vos niveaux de productivit\u00e9 globale.<\/p>\n","protected":false},"featured_media":146500,"comment_status":"open","ping_status":"open","template":"","meta":[],"product_brand":[2634],"product_cat":[1183,1182,1181],"product_tag":[2326],"class_list":{"0":"post-128752","1":"product","2":"type-product","3":"status-publish","4":"has-post-thumbnail","6":"product_brand-wp-zone","7":"product_cat-administration","8":"product_cat-commerce-electronique-plugins","9":"product_cat-plugins","10":"product_tag-wp-zone","11":"member-discount","12":"discount-restricted","14":"first","15":"instock","16":"sale","17":"downloadable","18":"virtual","19":"sold-individually","20":"purchasable","21":"product-type-simple"},"_links":{"self":[{"href":"https:\/\/gpl-love.com\/fr\/wp-json\/wp\/v2\/product\/128752","targetHints":{"allow":["GET"]}}],"collection":[{"href":"https:\/\/gpl-love.com\/fr\/wp-json\/wp\/v2\/product"}],"about":[{"href":"https:\/\/gpl-love.com\/fr\/wp-json\/wp\/v2\/types\/product"}],"replies":[{"embeddable":true,"href":"https:\/\/gpl-love.com\/fr\/wp-json\/wp\/v2\/comments?post=128752"}],"wp:featuredmedia":[{"embeddable":true,"href":"https:\/\/gpl-love.com\/fr\/wp-json\/wp\/v2\/media\/146500"}],"wp:attachment":[{"href":"https:\/\/gpl-love.com\/fr\/wp-json\/wp\/v2\/media?parent=128752"}],"wp:term":[{"taxonomy":"product_brand","embeddable":true,"href":"https:\/\/gpl-love.com\/fr\/wp-json\/wp\/v2\/product_brand?post=128752"},{"taxonomy":"product_cat","embeddable":true,"href":"https:\/\/gpl-love.com\/fr\/wp-json\/wp\/v2\/product_cat?post=128752"},{"taxonomy":"product_tag","embeddable":true,"href":"https:\/\/gpl-love.com\/fr\/wp-json\/wp\/v2\/product_tag?post=128752"}],"curies":[{"name":"wp","href":"https:\/\/api.w.org\/{rel}","templated":true}]}}