{"id":128751,"date":"2022-11-29T00:00:00","date_gmt":"2022-11-28T23:00:00","guid":{"rendered":"https:\/\/gpl-love.com\/fr\/produit\/advanced-wc-analytics-pro\/"},"modified":"2026-03-20T23:54:58","modified_gmt":"2026-03-20T22:54:58","slug":"advanced-wc-analytics-pro","status":"publish","type":"product","link":"https:\/\/gpl-love.com\/fr\/produit\/advanced-wc-analytics-pro\/","title":{"rendered":"Advanced WC Analytics Pro 3.2.0"},"content":{"rendered":"<h3>Advanced WC Analytics Pro Traits<\/h3>\n<p>Advanced WC Analytics Pro est un outil logiciel r\u00e9volutionnaire qui offre une gamme compl\u00e8te de connaissances sur les performances des magasins en ligne construits sur la plate-forme WooCommerce. Ce logiciel exceptionnellement puissant poss\u00e8de un large \u00e9ventail de fonctionnalit\u00e9s avanc\u00e9es qui aident les utilisateurs \u00e0 acqu\u00e9rir une profonde compr\u00e9hension des performances de leur magasin, englobant non seulement des rapports d\u00e9taill\u00e9s mais aussi des analyses complexes sur divers aspects cruciaux tels que les ventes, le comportement des clients et le trafic de site Web. En utilisant Advanced WC Analytics Pro, les utilisateurs sont en mesure de surveiller et d&rsquo;analyser sans effort les mesures cl\u00e9s, y compris les revenus, les taux de conversion et la valeur moyenne de la commande, leur permettant ainsi de prendre des d\u00e9cisions \u00e9clair\u00e9es et bas\u00e9es sur les donn\u00e9es qui optimisent finalement les performances globales de leur magasin. En outre, ce logiciel extraordinaire englobe la fourniture d&rsquo;alertes et de notifications en temps r\u00e9el, qui aident efficacement les propri\u00e9taires de magasins \u00e0 identifier rapidement les probl\u00e8mes potentiels qui peuvent survenir, ainsi qu&rsquo;\u00e0 identifier des opportunit\u00e9s lucratives de croissance. En r\u00e9sum\u00e9, Advanced WC Analytics Pro repr\u00e9sente indiscutablement un outil indispensable pour tout propri\u00e9taire de magasin WooCommerce, car il sert de catalyseur \u00e0 la conduite sans pr\u00e9c\u00e9dent et \u00e0 maximiser le retour sur investissement.<\/p>\n<ul>\n<li>Fournit des analyses d\u00e9taill\u00e9es sur les visiteurs du site Web et le comportement des utilisateurs<\/li>\n<li>Suit les voyages des utilisateurs et les visualisations en entonnoir pour aider \u00e0 optimiser les performances du site Web<\/li>\n<li>Utilise des algorithmes d&rsquo;apprentissage automatique pour offrir des recommandations et des informations personnalis\u00e9es<\/li>\n<li>S&rsquo;int\u00e8gre \u00e0 plusieurs plates-formes et outils pour l&rsquo;agr\u00e9gation et l&rsquo;analyse de donn\u00e9es transparentes<\/li>\n<li>Offre des tableaux de bord et des rapports personnalisables pour r\u00e9pondre \u00e0 des besoins et des objectifs commerciaux sp\u00e9cifiques<\/li>\n<li>Fournit une surveillance en temps r\u00e9el pour l&rsquo;action imm\u00e9diate et la prise de d\u00e9cision<\/li>\n<li>Offre des capacit\u00e9s de segmentation avanc\u00e9es pour plonger plus profond\u00e9ment dans la d\u00e9mographie des utilisateurs et les mod\u00e8les de comportement<\/li>\n<li>Fournit des marques de chaleur et cliquez sur les cartes pour visualiser les interactions utilisateur avec les \u00e9l\u00e9ments du site Web<\/li>\n<li>Offre des fonctionnalit\u00e9s de tests et d&rsquo;exp\u00e9rimentation A \/ B pour tester les modifications et am\u00e9liorations du site Web<\/li>\n<li>Fournit des visualisations de donn\u00e9es d\u00e9taill\u00e9es et des exportations de donn\u00e9es pour une analyse plus approfondie et le partage avec les parties prenantes.<\/li>\n<\/ul>\n","protected":false},"excerpt":{"rendered":"<p>Advanced WC Analytics Pro, d\u00e9velopp\u00e9 par entr\u00e9e, est un outil d&rsquo;analyse de donn\u00e9es exceptionnel sur mesure pour les sites Web WordPress, sp\u00e9cialement cr\u00e9\u00e9 pour r\u00e9pondre aux besoins uniques des propri\u00e9taires de sites Web et des gestionnaires. Cet outil de pointe offre une pl\u00e9thore d&rsquo;id\u00e9es et de mesures robustes, permettant aux utilisateurs d&rsquo;acqu\u00e9rir une compr\u00e9hension approfondie du trafic du site Web et du comportement des utilisateurs, ce qui les permet en fin de compte de prendre des d\u00e9cisions \u00e9clair\u00e9es et strat\u00e9giques qui peuvent efficacement am\u00e9liorer leur pr\u00e9sence en ligne. Avec sa fonctionnalit\u00e9 remarquable des rapports personnalisables et des tableaux de bord conviviaux, Advanced WC Analytics Pro aide les utilisateurs sans effort \u00e0 comprendre et \u00e0 optimiser les performances de leur site Web, leur permettant de garder une longueur d&rsquo;avance sur leurs concurrents. Embrassez les capacit\u00e9s avanc\u00e9es de Advanced WC Analytics Pro et d\u00e9verrouillez le v\u00e9ritable potentiel de votre site Web WordPress.<\/p>\n","protected":false},"featured_media":146499,"comment_status":"open","ping_status":"open","template":"","meta":[],"product_brand":[2754],"product_cat":[1183,1182,1181],"product_tag":[2328],"class_list":{"0":"post-128751","1":"product","2":"type-product","3":"status-publish","4":"has-post-thumbnail","6":"product_brand-passionate-brains","7":"product_cat-administration","8":"product_cat-commerce-electronique-plugins","9":"product_cat-plugins","10":"product_tag-passionate-brains","11":"member-discount","12":"discount-restricted","14":"first","15":"instock","16":"sale","17":"downloadable","18":"virtual","19":"sold-individually","20":"purchasable","21":"product-type-simple"},"_links":{"self":[{"href":"https:\/\/gpl-love.com\/fr\/wp-json\/wp\/v2\/product\/128751","targetHints":{"allow":["GET"]}}],"collection":[{"href":"https:\/\/gpl-love.com\/fr\/wp-json\/wp\/v2\/product"}],"about":[{"href":"https:\/\/gpl-love.com\/fr\/wp-json\/wp\/v2\/types\/product"}],"replies":[{"embeddable":true,"href":"https:\/\/gpl-love.com\/fr\/wp-json\/wp\/v2\/comments?post=128751"}],"wp:featuredmedia":[{"embeddable":true,"href":"https:\/\/gpl-love.com\/fr\/wp-json\/wp\/v2\/media\/146499"}],"wp:attachment":[{"href":"https:\/\/gpl-love.com\/fr\/wp-json\/wp\/v2\/media?parent=128751"}],"wp:term":[{"taxonomy":"product_brand","embeddable":true,"href":"https:\/\/gpl-love.com\/fr\/wp-json\/wp\/v2\/product_brand?post=128751"},{"taxonomy":"product_cat","embeddable":true,"href":"https:\/\/gpl-love.com\/fr\/wp-json\/wp\/v2\/product_cat?post=128751"},{"taxonomy":"product_tag","embeddable":true,"href":"https:\/\/gpl-love.com\/fr\/wp-json\/wp\/v2\/product_tag?post=128751"}],"curies":[{"name":"wp","href":"https:\/\/api.w.org\/{rel}","templated":true}]}}