{"id":128749,"date":"2025-10-13T00:00:00","date_gmt":"2025-10-12T22:00:00","guid":{"rendered":"https:\/\/gpl-love.com\/fr\/produit\/cart-upsell-pour-woocommerce\/"},"modified":"2026-03-30T18:30:54","modified_gmt":"2026-03-30T16:30:54","slug":"cart-upsell-pour-woocommerce","status":"publish","type":"product","link":"https:\/\/gpl-love.com\/fr\/produit\/cart-upsell-pour-woocommerce\/","title":{"rendered":"Cart Upsell pour WooCommerce 1.1.1"},"content":{"rendered":"<h3>Cart Upsell pour WooCommerce Traits<\/h3>\n<p>La vense \u00e0 la hausse de CART pour le plugin WooCommerce est un outil incroyablement robuste qui vous permet d&rsquo;amplifier consid\u00e9rablement vos ventes et vos flux de revenus en pr\u00e9sentant les clients de mani\u00e8re transparente des recommandations de produits personnalis\u00e9es et pertinentes pendant la phase de d\u00e9part cruciale. Gr\u00e2ce \u00e0 l&rsquo;utilisation de ce plugin de pointe, vous poss\u00e9dez la capacit\u00e9 de g\u00e9n\u00e9rer des offres de vente ascendant sur mesure strat\u00e9giquement qui sont soigneusement organis\u00e9es conform\u00e9ment aux produits sp\u00e9cifiques qui ont \u00e9t\u00e9 ajout\u00e9s au panier d&rsquo;achat d&rsquo;un client, \u00e0 leurs mod\u00e8les d&rsquo;achat historiques et \u00e0 une multitude d&rsquo;autres facteurs influents. Remarquablement, ce plugin vous offre m\u00eame l&rsquo;occasion d&rsquo;exercer vos prouesses cr\u00e9atives en fabriquant vos propres offres de vense usulaires uniques et attrayantes via une interface de glisser-d\u00e9poser intuitivement navigable. De plus, vous pouvez planifier m\u00e9ticuleusement l&rsquo;apparence pr\u00e9cise de vos offres, que ce soit \u00e0 des intervalles de temps d\u00e9sign\u00e9s ou sp\u00e9cifiquement cibl\u00e9s vers des clients particuliers. En capitalisant sur l&rsquo;immense potentiel offerte par la vense \u00e0 la hausse de CART pour le plugin WooCommerce, vous pouvez ind\u00e9niablement saisir toutes les opportunit\u00e9s de vente disponibles et ainsi \u00e9lever consid\u00e9rablement votre valeur de commande moyenne.<\/p>\n<ul>\n<li>Processus d&rsquo;installation et de configuration facile<\/li>\n<li>Possibilit\u00e9 d&rsquo;ajouter des articles \u00e0 la vendure directement au panier<\/li>\n<li>Options personnalisables pour les produits de vente ascendant<\/li>\n<li>Affichage automatique des produits de vente ascendant bas\u00e9s sur des r\u00e8gles d\u00e9finies<\/li>\n<li>Option pour exclure certains produits de la vente ascendante<\/li>\n<li>Analyse d\u00e9taill\u00e9e et rapport sur les performances de vente ascendant<\/li>\n<li>Conception conviviale pour une visualisation optimale sur tous les appareils<\/li>\n<li>Compatibilit\u00e9 avec une large gamme de th\u00e8mes et plugins WooCommerce<\/li>\n<li>Support client exceptionnel et mises \u00e0 jour r\u00e9guli\u00e8res pour assurer la compatibilit\u00e9 et les fonctionnalit\u00e9s.<\/li>\n<\/ul>\n","protected":false},"excerpt":{"rendered":"<p>CART UPSELL POUR WOOCOMMERCE est un outil incroyablement efficace et puissant qui sert \u00e0 aider les propri\u00e9taires de magasins en ligne dans leur qu\u00eate pour am\u00e9liorer les ventes en fournissant aux clients des suggestions de produits compl\u00e9mentaires directement \u00e0 la caisse. En utilisant les capacit\u00e9s remarquables de la vente ascendante de chariot, vous pourrez sans effort g\u00e9n\u00e9rer et proposer des promotions m\u00e9ticuleusement adapt\u00e9es qui incitent habilement vos clients estim\u00e9s \u00e0 int\u00e9grer de mani\u00e8re transparente des articles suppl\u00e9mentaires dans leurs caddages d\u00e9j\u00e0 en fl\u00e8che. Ce plugin remarquable est dot\u00e9 d&rsquo;une interface enti\u00e8rement personnalisable, vous permettant ainsi de cr\u00e9er m\u00e9ticuleusement des offres sp\u00e9cifiquement organis\u00e9es pour s&rsquo;aligner sur le comportement du client, ou m\u00eame s&rsquo;adapter \u00e0 la fusion de certaines combinaisons de produits. Avec son interface utilisateur extr\u00eamement conviviale et intuitive, en conjonction avec ses fonctionnalit\u00e9s incroyablement robustes et polyvalentes, CART Upsell repr\u00e9sente l&rsquo;ajout parfait et par excellence \u00e0 votre magasin WooCommerce qui ne va pas g\u00e9n\u00e9rer des revenus accrus et augmenter la satisfaction du client \u00e0 des hauteurs sans pr\u00e9c\u00e9dent.<\/p>\n","protected":false},"featured_media":146498,"comment_status":"open","ping_status":"open","template":"","meta":[],"product_brand":[2440],"product_cat":[1182,1223,1181],"product_tag":[1398],"class_list":{"0":"post-128749","1":"product","2":"type-product","3":"status-publish","4":"has-post-thumbnail","6":"product_brand-woocommerce","7":"product_cat-commerce-electronique-plugins","8":"product_cat-personnalisation-commerce-electronique-plugins","9":"product_cat-plugins","10":"product_tag-woocommerce","11":"member-discount","12":"discount-restricted","14":"first","15":"instock","16":"sale","17":"downloadable","18":"virtual","19":"sold-individually","20":"purchasable","21":"product-type-simple"},"_links":{"self":[{"href":"https:\/\/gpl-love.com\/fr\/wp-json\/wp\/v2\/product\/128749","targetHints":{"allow":["GET"]}}],"collection":[{"href":"https:\/\/gpl-love.com\/fr\/wp-json\/wp\/v2\/product"}],"about":[{"href":"https:\/\/gpl-love.com\/fr\/wp-json\/wp\/v2\/types\/product"}],"replies":[{"embeddable":true,"href":"https:\/\/gpl-love.com\/fr\/wp-json\/wp\/v2\/comments?post=128749"}],"wp:featuredmedia":[{"embeddable":true,"href":"https:\/\/gpl-love.com\/fr\/wp-json\/wp\/v2\/media\/146498"}],"wp:attachment":[{"href":"https:\/\/gpl-love.com\/fr\/wp-json\/wp\/v2\/media?parent=128749"}],"wp:term":[{"taxonomy":"product_brand","embeddable":true,"href":"https:\/\/gpl-love.com\/fr\/wp-json\/wp\/v2\/product_brand?post=128749"},{"taxonomy":"product_cat","embeddable":true,"href":"https:\/\/gpl-love.com\/fr\/wp-json\/wp\/v2\/product_cat?post=128749"},{"taxonomy":"product_tag","embeddable":true,"href":"https:\/\/gpl-love.com\/fr\/wp-json\/wp\/v2\/product_tag?post=128749"}],"curies":[{"name":"wp","href":"https:\/\/api.w.org\/{rel}","templated":true}]}}