{"id":128698,"date":"2023-02-03T00:00:00","date_gmt":"2023-02-02T23:00:00","guid":{"rendered":"https:\/\/gpl-love.com\/fr\/produit\/one-click-switch-pour-woocommerce\/"},"modified":"2026-03-20T23:54:56","modified_gmt":"2026-03-20T22:54:56","slug":"one-click-switch-pour-woocommerce","status":"publish","type":"product","link":"https:\/\/gpl-love.com\/fr\/produit\/one-click-switch-pour-woocommerce\/","title":{"rendered":"One-click Switch pour WooCommerce 2.1.0"},"content":{"rendered":"<h3>One-click Switch pour WooCommerce Traits<\/h3>\n<p>Pr\u00e9sentation du commutateur en un clic r\u00e9volutionnaire et tr\u00e8s recherch\u00e9 pour WooCommerce, une solution compl\u00e8te et globale adapt\u00e9e sp\u00e9cifiquement aux propri\u00e9taires de magasins en ligne qui recherchent une approche rationalis\u00e9e et sans effort pour migrer leur magasin WooCommerce. Par un simple clic sur un bouton, les utilisateurs peuvent passer de mani\u00e8re transparente entre de nombreux fournisseurs d&rsquo;h\u00e9bergement ou environnements de serveurs sans la g\u00eane de la perte de donn\u00e9es ou la perturbation de la fonctionnalit\u00e9 de leur boutique en ligne. Cet outil robuste et dynamique garantit une exp\u00e9rience de migration sans friction et sans probl\u00e8me, rendant ainsi l&rsquo;ensemble du processus remarquablement efficace et d\u00e9pourvu de toute complexit\u00e9. Que l&rsquo;objectif soit de migrer vers un serveur plus rapide et plus efficace ou de passer \u00e0 un autre fournisseur d&rsquo;h\u00e9bergement qui offre un support sup\u00e9rieur, un commutateur en un clic pour WooCommerce r\u00e9pond sans effort \u00e0 ces besoins et exigences. Offrez des adieux aux maux de t\u00eate exasp\u00e9rants et \u00e0 de nombreuses heures g\u00e9n\u00e9ralement affili\u00e9es \u00e0 la migration d&rsquo;une boutique en ligne et \u00e0 adopter le d\u00e9but d&rsquo;une transition sans effort et sans couture avec un commutateur en un clic pour WooCommerce.<\/p>\n<ul>\n<li>Modifier automatiquement l&rsquo;\u00e9tat de la visibilit\u00e9 du produit en un seul clic<\/li>\n<li>Gagnez du temps en modifiant rapidement la visibilit\u00e9 du produit \u00e0 partir de la page d&rsquo;\u00e9dition du produit<\/li>\n<li>Simplifiez la gestion de la visibilit\u00e9 des produits pour les propri\u00e9taires de magasins en ligne<\/li>\n<li>Compatible avec la derni\u00e8re version de WooCommerce<\/li>\n<li>Facile \u00e0 installer et \u00e0 configurer, aucun codage requis<\/li>\n<li>Interface utilisateur minimaliste pour une exp\u00e9rience fluide<\/li>\n<li>Outil utile pour les entreprises avec de grands catalogues de produits<\/li>\n<li>Pas besoin de naviguer dans les menus des param\u00e8tres pour modifier la visibilit\u00e9 du produit<\/li>\n<li>Permet des mises \u00e0 jour plus rapides des informations sur la visibilit\u00e9 du produit<\/li>\n<li>Augmente la productivit\u00e9 en r\u00e9duisant le nombre de clics n\u00e9cessaires pour effectuer une t\u00e2che commune.<\/li>\n<\/ul>\n","protected":false},"excerpt":{"rendered":"<p>Entr\u00e9e: l&rsquo;entr\u00e9e: l&rsquo;interrupteur en un clic pour WooCommerce est un outil incroyablement puissant qui offre une approche simplifi\u00e9e pour transiter sans effort votre boutique WooCommerce de sa plate-forme actuelle \u00e0 une nouvelle. Ce plugin remarquablement pratique dispose de la possibilit\u00e9 de changer de mani\u00e8re transparente des plates-formes en un seul clic, tout en prot\u00e9geant l&rsquo;int\u00e9grit\u00e9 de vos donn\u00e9es et informations inestimables. En exploitant les capacit\u00e9s de contribution: commutateur en un clic pour WooCommerce, vous avez l&rsquo;occasion unique d&rsquo;optimiser l&rsquo;efficacit\u00e9 et de minimiser l&rsquo;effort, tout en assurant la stabilit\u00e9 et les fonctionnalit\u00e9s in\u00e9branlables de votre boutique en ligne. Que vous vous trouviez en train de migrer de Shopify \u00e0 WooCommerce ou de Magento \u00e0 WooCommerce, ce plugin offre une exp\u00e9rience sans effort et sans stress. N&rsquo;h\u00e9sitez pas \u00e0 essayer et \u00e0 assister \u00e0 l&rsquo;impact transformateur qu&rsquo;il peut avoir sur le succ\u00e8s de votre boutique en ligne!<\/p>\n","protected":false},"featured_media":146497,"comment_status":"open","ping_status":"open","template":"","meta":[],"product_brand":[2440],"product_cat":[1182,1223,1181],"product_tag":[1398],"class_list":{"0":"post-128698","1":"product","2":"type-product","3":"status-publish","4":"has-post-thumbnail","6":"product_brand-woocommerce","7":"product_cat-commerce-electronique-plugins","8":"product_cat-personnalisation-commerce-electronique-plugins","9":"product_cat-plugins","10":"product_tag-woocommerce","11":"member-discount","12":"discount-restricted","14":"first","15":"instock","16":"sale","17":"downloadable","18":"virtual","19":"sold-individually","20":"purchasable","21":"product-type-simple"},"_links":{"self":[{"href":"https:\/\/gpl-love.com\/fr\/wp-json\/wp\/v2\/product\/128698","targetHints":{"allow":["GET"]}}],"collection":[{"href":"https:\/\/gpl-love.com\/fr\/wp-json\/wp\/v2\/product"}],"about":[{"href":"https:\/\/gpl-love.com\/fr\/wp-json\/wp\/v2\/types\/product"}],"replies":[{"embeddable":true,"href":"https:\/\/gpl-love.com\/fr\/wp-json\/wp\/v2\/comments?post=128698"}],"wp:featuredmedia":[{"embeddable":true,"href":"https:\/\/gpl-love.com\/fr\/wp-json\/wp\/v2\/media\/146497"}],"wp:attachment":[{"href":"https:\/\/gpl-love.com\/fr\/wp-json\/wp\/v2\/media?parent=128698"}],"wp:term":[{"taxonomy":"product_brand","embeddable":true,"href":"https:\/\/gpl-love.com\/fr\/wp-json\/wp\/v2\/product_brand?post=128698"},{"taxonomy":"product_cat","embeddable":true,"href":"https:\/\/gpl-love.com\/fr\/wp-json\/wp\/v2\/product_cat?post=128698"},{"taxonomy":"product_tag","embeddable":true,"href":"https:\/\/gpl-love.com\/fr\/wp-json\/wp\/v2\/product_tag?post=128698"}],"curies":[{"name":"wp","href":"https:\/\/api.w.org\/{rel}","templated":true}]}}