{"id":128696,"date":"2025-09-12T00:00:00","date_gmt":"2025-09-11T22:00:00","guid":{"rendered":"https:\/\/gpl-love.com\/fr\/produit\/auto-update-cart-pour-woocommerce\/"},"modified":"2026-03-20T23:54:56","modified_gmt":"2026-03-20T22:54:56","slug":"auto-update-cart-pour-woocommerce","status":"publish","type":"product","link":"https:\/\/gpl-love.com\/fr\/produit\/auto-update-cart-pour-woocommerce\/","title":{"rendered":"Auto Update Cart pour WooCommerce 1.4.6"},"content":{"rendered":"<h3>Auto Update Cart pour WooCommerce Traits<\/h3>\n<p>Le panier de mise \u00e0 jour automatique de WooCommerce est un outil incroyablement robuste qui rationalise efficacement l&rsquo;exp\u00e9rience d&rsquo;achat globale des clients en mettant automatiquement \u00e0 jour leur panier. En mettant en \u0153uvre ce plugin, les d\u00e9taillants en ligne peuvent \u00e9liminer la vexation qui peut survenir lorsque les clients ajoutent des produits \u00e0 leur panier, pour d\u00e9couvrir plus tard que les articles ne sont plus en stock ou que les prix ont \u00e9t\u00e9 modifi\u00e9s. Avec l&rsquo;utilisation du panier de mise \u00e0 jour automobile pour WooCommerce, les clients sont en mesure de magasiner en toute confiance et sans effort, entra\u00eenant des ventes accrues et une satisfaction accrue des clients. Il est imp\u00e9ratif sans \u00e9quivoque pour toute boutique en ligne qui cherche \u00e0 \u00e9lever leur exp\u00e9rience client et \u00e0 amplifier les conversions pour incorporer ce plugin indispensable.<\/p>\n<ul>\n<li>Processus d&rsquo;installation et d&rsquo;activation simple<\/li>\n<li>Mises \u00e0 jour automatiques du contenu du panier sans rafra\u00eechissement de page<\/li>\n<li>Am\u00e9lioration de l&rsquo;exp\u00e9rience utilisateur avec les mises \u00e0 jour de panier en temps r\u00e9el<\/li>\n<li>Compatible avec toutes les versions WooCommerce<\/li>\n<li>Param\u00e8tres personnalisables pour r\u00e9pondre aux besoins de votre boutique en ligne<\/li>\n<li>Augmentation des taux de conversion car les clients peuvent consid\u00e9rer rapidement et facilement leur contenu de panier mis \u00e0 jour<\/li>\n<li>\u00c9conomise du temps et des efforts pour les clients et les propri\u00e9taires de magasins en \u00e9liminant le besoin de mises \u00e0 jour manuelles<\/li>\n<li>Fournit un processus de paiement plus transparent et efficace pour les clients.<\/li>\n<\/ul>\n","protected":false},"excerpt":{"rendered":"<p>Le panier de mise \u00e0 jour automatique pour WooCommerce est une extension intelligente et avanc\u00e9e qui met \u00e0 jour sans effort le panier du client en temps r\u00e9el chaque fois qu&rsquo;il ajoute ou supprime les articles. En s&rsquo;adaptant de mani\u00e8re transparente aux actions du client, cette extension garantit une exp\u00e9rience d&rsquo;achat fluide et pratique, minimisant efficacement l&rsquo;abandon de CART et amplifiant consid\u00e9rablement la satisfaction du client. De plus, les param\u00e8tres back-end de cette extension offrent la plus grande commodit\u00e9 aux propri\u00e9taires de magasin, leur permettant de personnaliser et de basculer sans effort la fonction en fonction de leurs pr\u00e9f\u00e9rences. Embrassez cette extension indispensable aujourd&rsquo;hui et assistez \u00e0 la transformation remarquable qu&rsquo;elle apporte au processus de paiement sur votre boutique en ligne estim\u00e9e.<\/p>\n","protected":false},"featured_media":146496,"comment_status":"open","ping_status":"open","template":"","meta":[],"product_brand":[2440],"product_cat":[1182,1223,1181],"product_tag":[1398],"class_list":{"0":"post-128696","1":"product","2":"type-product","3":"status-publish","4":"has-post-thumbnail","6":"product_brand-woocommerce","7":"product_cat-commerce-electronique-plugins","8":"product_cat-personnalisation-commerce-electronique-plugins","9":"product_cat-plugins","10":"product_tag-woocommerce","11":"member-discount","12":"discount-restricted","14":"first","15":"instock","16":"sale","17":"downloadable","18":"virtual","19":"sold-individually","20":"purchasable","21":"product-type-simple"},"_links":{"self":[{"href":"https:\/\/gpl-love.com\/fr\/wp-json\/wp\/v2\/product\/128696","targetHints":{"allow":["GET"]}}],"collection":[{"href":"https:\/\/gpl-love.com\/fr\/wp-json\/wp\/v2\/product"}],"about":[{"href":"https:\/\/gpl-love.com\/fr\/wp-json\/wp\/v2\/types\/product"}],"replies":[{"embeddable":true,"href":"https:\/\/gpl-love.com\/fr\/wp-json\/wp\/v2\/comments?post=128696"}],"wp:featuredmedia":[{"embeddable":true,"href":"https:\/\/gpl-love.com\/fr\/wp-json\/wp\/v2\/media\/146496"}],"wp:attachment":[{"href":"https:\/\/gpl-love.com\/fr\/wp-json\/wp\/v2\/media?parent=128696"}],"wp:term":[{"taxonomy":"product_brand","embeddable":true,"href":"https:\/\/gpl-love.com\/fr\/wp-json\/wp\/v2\/product_brand?post=128696"},{"taxonomy":"product_cat","embeddable":true,"href":"https:\/\/gpl-love.com\/fr\/wp-json\/wp\/v2\/product_cat?post=128696"},{"taxonomy":"product_tag","embeddable":true,"href":"https:\/\/gpl-love.com\/fr\/wp-json\/wp\/v2\/product_tag?post=128696"}],"curies":[{"name":"wp","href":"https:\/\/api.w.org\/{rel}","templated":true}]}}