{"id":125675,"date":"2026-03-23T00:00:00","date_gmt":"2026-03-22T23:00:00","guid":{"rendered":"https:\/\/gpl-love.com\/fr\/produit\/supportcandy-canned-reply\/"},"modified":"2026-04-10T18:41:47","modified_gmt":"2026-04-10T16:41:47","slug":"supportcandy-canned-reply","status":"publish","type":"product","link":"https:\/\/gpl-love.com\/fr\/produit\/supportcandy-canned-reply\/","title":{"rendered":"SupportCandy Canned Reply 3.1.4"},"content":{"rendered":"<h3>SupportCandy Canned Reply Traits<\/h3>\n<p>SupportCandy Canned Reply, un outil de productivit\u00e9 tr\u00e8s efficace, a \u00e9t\u00e9 m\u00e9ticuleusement con\u00e7u pour aider \u00e0 l&rsquo;optimisation des t\u00e2ches de support client. En offrant la capacit\u00e9 de g\u00e9n\u00e9rer des r\u00e9ponses pr\u00e9-\u00e9crites \u00e0 des demandes de clients fr\u00e9quemment rencontr\u00e9es, ce logiciel permet aux \u00e9quipes de soutien aux \u00e9quipes de les acc\u00e9der sans effort et de les utiliser chaque fois que cela est n\u00e9cessaire. Gr\u00e2ce \u00e0 l&rsquo;utilisation de la r\u00e9ponse en conserve de supportCandy, les agents du support client sont en mesure non seulement d&rsquo;acc\u00e9l\u00e9rer leurs temps de r\u00e9ponse et de conserver un temps pr\u00e9cieux, mais aussi de maintenir un niveau \u00e9lev\u00e9 d&rsquo;uniformit\u00e9 et de pr\u00e9cision dans leur messagerie. Cet outil exceptionnellement robuste est particuli\u00e8rement bien adapt\u00e9 aux entreprises visant \u00e0 am\u00e9liorer leurs op\u00e9rations de support et \u00e0 fournir un service client in\u00e9gal\u00e9.<\/p>\n<ul>\n<li>Une fonctionnalit\u00e9 dans le plugin SupportCandy qui permet aux r\u00e9ponses en conserve d&rsquo;\u00eatre facilement accessibles et utilis\u00e9es dans les r\u00e9ponses des billets de support<\/li>\n<li>Fournit une biblioth\u00e8que de r\u00e9ponses pr\u00e9-\u00e9crites pour des questions ou des probl\u00e8mes communs<\/li>\n<li>\u00c9conomise du temps et des efforts pour les agents de soutien en \u00e9liminant la n\u00e9cessit\u00e9 d&rsquo;\u00e9crire manuellement les m\u00eames r\u00e9ponses \u00e0 plusieurs reprises<\/li>\n<li>Personnalisable avec la possibilit\u00e9 de cr\u00e9er et d&rsquo;\u00e9diter des r\u00e9ponses en conserve si n\u00e9cessaire<\/li>\n<li>Am\u00e9liore la coh\u00e9rence et la pr\u00e9cision des r\u00e9ponses de soutien \u00e0 plusieurs membres de l&rsquo;\u00e9quipe<\/li>\n<li>Peut \u00eatre adapt\u00e9 \u00e0 des besoins ou des pr\u00e9f\u00e9rences sp\u00e9cifiques des clients avec la possibilit\u00e9 de cat\u00e9goriser les r\u00e9ponses en conserve et d&rsquo;appliquer des filtres<\/li>\n<li>Augmente l&rsquo;efficacit\u00e9 et la productivit\u00e9 au sein de l&rsquo;\u00e9quipe de soutien<\/li>\n<li>R\u00e9duit les taux d&rsquo;erreur et am\u00e9liore la satisfaction des clients avec les r\u00e9ponses rapides et pr\u00e9cises aux demandes.<\/li>\n<\/ul>\n","protected":false},"excerpt":{"rendered":"<p>Nous sommes ravis de pr\u00e9senter une r\u00e9ponse en conserve de supportCandy, une solution exceptionnelle sp\u00e9cifiquement adapt\u00e9e pour r\u00e9pondre aux besoins des \u00e9quipes de soutien occup\u00e9es. L&rsquo;introduction de notre fonctionnalit\u00e9 de r\u00e9ponse en conserve de pointe vous offre la possibilit\u00e9 de r\u00e9pondre rapidement et sans effort fr\u00e9quemment rencontr\u00e9 les demandes de clients en s\u00e9lectionnant simplement quelques options. Offrez des adieux \u00e0 la t\u00e2che ardue de taper des r\u00e9ponses r\u00e9p\u00e9titives et de bienvenue chaleureusement une nouvelle \u00e8re de service client rapide et efficace. Nos r\u00e9ponses en conserve enti\u00e8rement personnalisables ont \u00e9t\u00e9 m\u00e9ticuleusement con\u00e7ues pour non seulement vous faire gagner un temps pr\u00e9cieux, mais aussi am\u00e9liorer la productivit\u00e9 globale de votre \u00e9quipe estim\u00e9e, vous permettant de vous concentrer sur la fourniture d&rsquo;un soutien in\u00e9gal\u00e9 \u00e0 votre client\u00e8le tr\u00e8s estim\u00e9e. Faites le saut aujourd&rsquo;hui et exp\u00e9rimentez la puissance transformatrice de la r\u00e9ponse en conserve de support car il r\u00e9volutionne votre approche pour g\u00e9rer les demandes des clients!<\/p>\n","protected":false},"featured_media":145428,"comment_status":"open","ping_status":"open","template":"","meta":[],"product_brand":[2666],"product_cat":[1187,1181,1186],"product_tag":[1855],"class_list":{"0":"post-125675","1":"product","2":"type-product","3":"status-publish","4":"has-post-thumbnail","6":"product_brand-supportcandy","7":"product_cat-administration-wordpress-plugins","8":"product_cat-plugins","9":"product_cat-wordpress-plugins","10":"product_tag-supportcandy","11":"member-discount","12":"discount-restricted","14":"first","15":"instock","16":"sale","17":"downloadable","18":"virtual","19":"sold-individually","20":"purchasable","21":"product-type-simple"},"_links":{"self":[{"href":"https:\/\/gpl-love.com\/fr\/wp-json\/wp\/v2\/product\/125675","targetHints":{"allow":["GET"]}}],"collection":[{"href":"https:\/\/gpl-love.com\/fr\/wp-json\/wp\/v2\/product"}],"about":[{"href":"https:\/\/gpl-love.com\/fr\/wp-json\/wp\/v2\/types\/product"}],"replies":[{"embeddable":true,"href":"https:\/\/gpl-love.com\/fr\/wp-json\/wp\/v2\/comments?post=125675"}],"wp:featuredmedia":[{"embeddable":true,"href":"https:\/\/gpl-love.com\/fr\/wp-json\/wp\/v2\/media\/145428"}],"wp:attachment":[{"href":"https:\/\/gpl-love.com\/fr\/wp-json\/wp\/v2\/media?parent=125675"}],"wp:term":[{"taxonomy":"product_brand","embeddable":true,"href":"https:\/\/gpl-love.com\/fr\/wp-json\/wp\/v2\/product_brand?post=125675"},{"taxonomy":"product_cat","embeddable":true,"href":"https:\/\/gpl-love.com\/fr\/wp-json\/wp\/v2\/product_cat?post=125675"},{"taxonomy":"product_tag","embeddable":true,"href":"https:\/\/gpl-love.com\/fr\/wp-json\/wp\/v2\/product_tag?post=125675"}],"curies":[{"name":"wp","href":"https:\/\/api.w.org\/{rel}","templated":true}]}}