{"id":125674,"date":"2026-03-25T00:00:00","date_gmt":"2026-03-24T23:00:00","guid":{"rendered":"https:\/\/gpl-love.com\/fr\/produit\/supportcandy-automatic-close-ticket\/"},"modified":"2026-04-10T18:41:46","modified_gmt":"2026-04-10T16:41:46","slug":"supportcandy-automatic-close-ticket","status":"publish","type":"product","link":"https:\/\/gpl-love.com\/fr\/produit\/supportcandy-automatic-close-ticket\/","title":{"rendered":"SupportCandy Automatic Close Ticket 3.1.1"},"content":{"rendered":"<h3>SupportCandy Automatic Close Ticket Traits<\/h3>\n<p>Le ticket Automatic Close de SupportCandy est un outil incroyablement utile et efficace qui offre une aide immense pour g\u00e9rer efficacement les billets de support. Cette fonctionnalit\u00e9 remarquable prend en charge la fermeture automatique des billets qui ont d\u00e9j\u00e0 atteint une r\u00e9solution, lib\u00e9rant ainsi un temps pr\u00e9cieux pour votre \u00e9quipe de soutien estim\u00e9e, leur permettant de d\u00e9tourner leur attention vers la gestion des billets nouveaux et entrants. L&rsquo;\u00e9clat du ticket de fermeture automatique de SupportCandy r\u00e9side dans sa flexibilit\u00e9, car il vous permet de personnaliser le d\u00e9lai dans lequel un billet doit \u00eatre ferm\u00e9, garantissant que vos clients ch\u00e9ris re\u00e7oivent des commentaires proches et opportuns. De plus, cette fonctionnalit\u00e9 exceptionnelle contribue de mani\u00e8re significative \u00e0 am\u00e9liorer l&rsquo;exp\u00e9rience globale de vos clients estim\u00e9s, car il garantit que leurs demandes sont rapidement prises en charge et abord\u00e9es. En incorporant et en tirant parti de la puissance du ticket de fermeture automatique de SupportCandy, vous pouvez rationaliser sans effort votre processus de support, conduisant finalement \u00e0 une am\u00e9lioration substantielle de la qualit\u00e9 du service client que vous fournissez.<\/p>\n<ul>\n<li>Rationalise la gestion des billets en fermant automatiquement les billets r\u00e9solus<\/li>\n<li>Gave le temps et les efforts en \u00e9liminant la n\u00e9cessit\u00e9 de fermer manuellement les billets<\/li>\n<li>Augmente l&rsquo;efficacit\u00e9 en lib\u00e9rant des agents de soutien pour r\u00e9pondre aux pr\u00e9occupations des autres clients<\/li>\n<li>Am\u00e9liore la satisfaction des clients en fournissant une r\u00e9solution opportune et pr\u00e9cise de leurs probl\u00e8mes<\/li>\n<li>Les param\u00e8tres configurables permettent la personnalisation du processus de fermeture automatique des billets<\/li>\n<li>Int\u00e9gration avec des plateformes de service d&rsquo;assistance populaires pour une impl\u00e9mentation transparente<\/li>\n<li>G\u00e9n\u00e8re des rapports d\u00e9taill\u00e9s et des informations sur les tendances de fermeture des billets et les performances de l&rsquo;agent<\/li>\n<li>Interface simple et conviviale pour la facilit\u00e9 d&rsquo;utilisation par les agents de support<\/li>\n<li>\u00c9conomise les frais g\u00e9n\u00e9raux en r\u00e9duisant la charge de travail sur le personnel de soutien et en augmentant la productivit\u00e9.<\/li>\n<\/ul>\n","protected":false},"excerpt":{"rendered":"<p>La fonction de ticket de cl\u00f4ture automatique SupportCandy fournit une solution pratique pour rationaliser le processus de gestion des billets au sein de votre organisation. En fermant automatiquement les billets qui ont \u00e9t\u00e9 r\u00e9solus avec succ\u00e8s, cette fonctionnalit\u00e9 r\u00e9duit consid\u00e9rablement la quantit\u00e9 de travail manuel requise de votre \u00e9quipe. Par cons\u00e9quent, les membres de votre \u00e9quipe peuvent allouer leur temps et leurs efforts plus efficacement vers d&rsquo;autres t\u00e2ches importantes, am\u00e9liorant finalement l&rsquo;efficacit\u00e9 globale dans la gestion des demandes des clients. De plus, la flexibilit\u00e9 pour personnaliser le d\u00e9lai de fermeture des billets garantit que tous les billets qui ont atteint une r\u00e9solution sont rapidement ferm\u00e9s, contribuant ainsi \u00e0 une meilleure satisfaction du client. De plus, cette fonctionnalit\u00e9 sert \u00e9galement \u00e0 d\u00e9sencombrer votre syst\u00e8me de support, cr\u00e9ant un environnement plus organis\u00e9 et rationalis\u00e9. Pour ressentir les avantages de premi\u00e8re main, nous vous encourageons \u00e0 essayer la fonctionnalit\u00e9 de billets de fermeture automatique de support Close et assister \u00e0 l&rsquo;impact positif que cela peut avoir sur votre processus de gestion des billets.<\/p>\n","protected":false},"featured_media":145427,"comment_status":"open","ping_status":"open","template":"","meta":[],"product_brand":[2666],"product_cat":[1187,1181,1186],"product_tag":[1855],"class_list":{"0":"post-125674","1":"product","2":"type-product","3":"status-publish","4":"has-post-thumbnail","6":"product_brand-supportcandy","7":"product_cat-administration-wordpress-plugins","8":"product_cat-plugins","9":"product_cat-wordpress-plugins","10":"product_tag-supportcandy","11":"member-discount","12":"discount-restricted","14":"first","15":"instock","16":"sale","17":"downloadable","18":"virtual","19":"sold-individually","20":"purchasable","21":"product-type-simple"},"_links":{"self":[{"href":"https:\/\/gpl-love.com\/fr\/wp-json\/wp\/v2\/product\/125674","targetHints":{"allow":["GET"]}}],"collection":[{"href":"https:\/\/gpl-love.com\/fr\/wp-json\/wp\/v2\/product"}],"about":[{"href":"https:\/\/gpl-love.com\/fr\/wp-json\/wp\/v2\/types\/product"}],"replies":[{"embeddable":true,"href":"https:\/\/gpl-love.com\/fr\/wp-json\/wp\/v2\/comments?post=125674"}],"wp:featuredmedia":[{"embeddable":true,"href":"https:\/\/gpl-love.com\/fr\/wp-json\/wp\/v2\/media\/145427"}],"wp:attachment":[{"href":"https:\/\/gpl-love.com\/fr\/wp-json\/wp\/v2\/media?parent=125674"}],"wp:term":[{"taxonomy":"product_brand","embeddable":true,"href":"https:\/\/gpl-love.com\/fr\/wp-json\/wp\/v2\/product_brand?post=125674"},{"taxonomy":"product_cat","embeddable":true,"href":"https:\/\/gpl-love.com\/fr\/wp-json\/wp\/v2\/product_cat?post=125674"},{"taxonomy":"product_tag","embeddable":true,"href":"https:\/\/gpl-love.com\/fr\/wp-json\/wp\/v2\/product_tag?post=125674"}],"curies":[{"name":"wp","href":"https:\/\/api.w.org\/{rel}","templated":true}]}}