{"id":125673,"date":"2026-03-23T00:00:00","date_gmt":"2026-03-22T23:00:00","guid":{"rendered":"https:\/\/gpl-love.com\/fr\/produit\/supportcandy-private-credentials\/"},"modified":"2026-04-10T18:41:52","modified_gmt":"2026-04-10T16:41:52","slug":"supportcandy-private-credentials","status":"publish","type":"product","link":"https:\/\/gpl-love.com\/fr\/produit\/supportcandy-private-credentials\/","title":{"rendered":"SupportCandy Private Credentials 3.1.2"},"content":{"rendered":"<h3>SupportCandy Private Credentials Traits<\/h3>\n<p>SupportCandy Private Credentials est un outil exceptionnellement fiable et hautement s\u00e9curis\u00e9 qui sert \u00e0 g\u00e9rer de mani\u00e8re transparente les activit\u00e9s de support client pour les entreprises. Cette solution incroyablement robuste offre aux entreprises la possibilit\u00e9 de stocker en toute s\u00e9curit\u00e9 et de g\u00e9rer efficacement leurs pr\u00e9cieuses donn\u00e9es clients, leur accordant la flexibilit\u00e9 d&rsquo;y acc\u00e9der \u00e0 tout moment et \u00e0 partir de n&rsquo;importe quel endroit. En tirant parti des capacit\u00e9s des informations d&rsquo;identification priv\u00e9es de supportCandy, les clients sont en mesure de se connecter sans effort \u00e0 leurs comptes et de r\u00e9cup\u00e9rer sans effort leurs demandes de soutien pertinentes, tandis que les entreprises sont autoris\u00e9es \u00e0 fournir un soutien personnalis\u00e9 \u00e0 chaque client. Notamment, cet outil remarquable poss\u00e8de un niveau in\u00e9gal\u00e9 de convivialit\u00e9, compl\u00e9t\u00e9 par un vaste r\u00e9pertoire de fonctionnalit\u00e9s personnalisables m\u00e9ticuleusement con\u00e7ues pour r\u00e9pondre aux exigences uniques de diverses entreprises. En outre, il est imp\u00e9ratif de souligner que Soutenir les informations d&rsquo;identification priv\u00e9es de soutien a \u00e9t\u00e9 m\u00e9ticuleusement con\u00e7ue pour garantir le plus haut niveau de s\u00e9curit\u00e9, prot\u00e9geant avec diligence les informations sensibles aux clients contre les intentions n\u00e9fastes des pirates et la menace imminente des cybermenaces. Pour r\u00e9sumer, il est sans \u00e9quivoque \u00e9vident que les informations d&rsquo;identification priv\u00e9es de soutien \u00e0 la Soutien repr\u00e9sentent la solution ultime pour les entreprises qui cherchent \u00e0 \u00e9lever leurs capacit\u00e9s de support client et \u00e0 s&rsquo;\u00e9tablir en tant que fournisseurs de services \u00e0 la client\u00e8le exceptionnels.<\/p>\n<ul>\n<li>Acc\u00e8s aux informations d&rsquo;identification priv\u00e9es pour SupportCandy Software System<\/li>\n<li>S\u00e9curit\u00e9 et contr\u00f4le am\u00e9lior\u00e9s sur les donn\u00e9es des utilisateurs<\/li>\n<li>Capacit\u00e9 \u00e0 restreindre l&rsquo;acc\u00e8s aux informations confidentielles<\/li>\n<li>Autorisations utilisateur personnalisables pour l&rsquo;acc\u00e8s aux donn\u00e9es<\/li>\n<li>Am\u00e9lioration des mesures de conformit\u00e9 r\u00e9glementaire<\/li>\n<li>Risque r\u00e9duit de violations de donn\u00e9es ou d&rsquo;acc\u00e8s non autoris\u00e9<\/li>\n<li>Gestion des utilisateurs rationalis\u00e9s pour les administrateurs<\/li>\n<li>Acc\u00e8s des donn\u00e9es pratique et fiable pour les utilisateurs autoris\u00e9s.<\/li>\n<\/ul>\n","protected":false},"excerpt":{"rendered":"<p>SupportCandy prend le plus grand soin pour assurer la s\u00e9curit\u00e9 et la confidentialit\u00e9 de vos donn\u00e9es personnelles dans son syst\u00e8me en fournissant les informations d&rsquo;identification priv\u00e9es de supportCandy. Ces informations d&rsquo;identification, qui offrent un acc\u00e8s s\u00e9curis\u00e9 et chiffr\u00e9 \u00e0 vos donn\u00e9es, vous permettent de g\u00e9rer sans effort vos billets, de parcourir les informations des clients et de r\u00e9cup\u00e9rer des notes ou des conversations priv\u00e9es tout en att\u00e9nuant les risques potentiels associ\u00e9s \u00e0 un acc\u00e8s non autoris\u00e9. Rassurez-vous, SupportCandy priorise la protection de vos donn\u00e9es, vous accordant la tranquillit\u00e9 d&rsquo;esprit que vous m\u00e9ritez.<\/p>\n","protected":false},"featured_media":145435,"comment_status":"open","ping_status":"open","template":"","meta":[],"product_brand":[2666],"product_cat":[1187,1181,1186],"product_tag":[1855],"class_list":{"0":"post-125673","1":"product","2":"type-product","3":"status-publish","4":"has-post-thumbnail","6":"product_brand-supportcandy","7":"product_cat-administration-wordpress-plugins","8":"product_cat-plugins","9":"product_cat-wordpress-plugins","10":"product_tag-supportcandy","11":"member-discount","12":"discount-restricted","14":"first","15":"instock","16":"sale","17":"downloadable","18":"virtual","19":"sold-individually","20":"purchasable","21":"product-type-simple"},"_links":{"self":[{"href":"https:\/\/gpl-love.com\/fr\/wp-json\/wp\/v2\/product\/125673","targetHints":{"allow":["GET"]}}],"collection":[{"href":"https:\/\/gpl-love.com\/fr\/wp-json\/wp\/v2\/product"}],"about":[{"href":"https:\/\/gpl-love.com\/fr\/wp-json\/wp\/v2\/types\/product"}],"replies":[{"embeddable":true,"href":"https:\/\/gpl-love.com\/fr\/wp-json\/wp\/v2\/comments?post=125673"}],"wp:featuredmedia":[{"embeddable":true,"href":"https:\/\/gpl-love.com\/fr\/wp-json\/wp\/v2\/media\/145435"}],"wp:attachment":[{"href":"https:\/\/gpl-love.com\/fr\/wp-json\/wp\/v2\/media?parent=125673"}],"wp:term":[{"taxonomy":"product_brand","embeddable":true,"href":"https:\/\/gpl-love.com\/fr\/wp-json\/wp\/v2\/product_brand?post=125673"},{"taxonomy":"product_cat","embeddable":true,"href":"https:\/\/gpl-love.com\/fr\/wp-json\/wp\/v2\/product_cat?post=125673"},{"taxonomy":"product_tag","embeddable":true,"href":"https:\/\/gpl-love.com\/fr\/wp-json\/wp\/v2\/product_tag?post=125673"}],"curies":[{"name":"wp","href":"https:\/\/api.w.org\/{rel}","templated":true}]}}