{"id":125672,"date":"2026-03-25T00:00:00","date_gmt":"2026-03-24T23:00:00","guid":{"rendered":"https:\/\/gpl-love.com\/fr\/produit\/supportcandy-print-tickets\/"},"modified":"2026-04-10T18:41:51","modified_gmt":"2026-04-10T16:41:51","slug":"supportcandy-print-tickets","status":"publish","type":"product","link":"https:\/\/gpl-love.com\/fr\/produit\/supportcandy-print-tickets\/","title":{"rendered":"SupportCandy Print Tickets 3.1.6"},"content":{"rendered":"<h3>SupportCandy Print Tickets Traits<\/h3>\n<p>La fonctionnalit\u00e9 d&rsquo;impression de SupportCandy, une fonctionnalit\u00e9 tr\u00e8s avantageuse, offre aux agents du support client la commodit\u00e9 de g\u00e9n\u00e9rer sans effort des billets tangibles \u00e0 des fins d&rsquo;archivage physique ou pour l&rsquo;utilisation comme copies papier. De plus, cette caract\u00e9ristique remarquable sert de m\u00e9canisme fiable pour garantir l&rsquo;enregistrement et la pr\u00e9servation m\u00e9ticuleux de conversations et de demandes importantes, permettant par la suite aux entreprises de les r\u00e9cup\u00e9rer et de les r\u00e9f\u00e9rencer sans effort \u00e0 l&rsquo;avenir. Par cons\u00e9quent, en int\u00e9grant les billets d&rsquo;impression de SupportCandy, les entreprises peuvent optimiser de mani\u00e8re transparente leurs op\u00e9rations de support client, facilitant ainsi une rencontre de support rationalis\u00e9e et tr\u00e8s productive pour leur pr\u00e9cieuse client\u00e8le.<\/p>\n<ul>\n<li>Syst\u00e8me d&rsquo;impression de billets efficace<\/li>\n<li>Aide \u00e0 rationaliser le processus de support client<\/li>\n<li>Apporte l&rsquo;organisation au syst\u00e8me de billetterie<\/li>\n<li>Options d&rsquo;impression de billets personnalisables<\/li>\n<li>Interface facile \u00e0 utiliser<\/li>\n<li>Peut \u00eatre int\u00e9gr\u00e9 \u00e0 d&rsquo;autres fonctionnalit\u00e9s de supportCandy<\/li>\n<li>Augmente la productivit\u00e9 et le temps de r\u00e9ponse<\/li>\n<li>\u00c9conomise du temps et des ressources<\/li>\n<li>Am\u00e9liore le professionnalisme du service client<\/li>\n<li>Compatible avec la plupart des imprimantes.<\/li>\n<\/ul>\n","protected":false},"excerpt":{"rendered":"<p>En utilisant la fonctionnalit\u00e9 remarquable des billets d&rsquo;impression de SupportCandy, vous pourrez g\u00e9n\u00e9rer sans effort et imprimer les billets en r\u00e9ponse aux demandes de renseignements et aux demandes de support des clients. Cet outil inestimable sert \u00e0 faciliter le suivi des probl\u00e8mes m\u00e9ticuleux, garantissant qu&rsquo;aucune pr\u00e9occupation ne passe inaper\u00e7ue ou non r\u00e9solue. De plus, la possibilit\u00e9 de personnaliser l&rsquo;attrait esth\u00e9tique de ces billets pour s&rsquo;aligner parfaitement avec votre identit\u00e9 de marque permet une touche vraiment personnalis\u00e9e. Que vous optiez pour des copies physiques ou une distribution num\u00e9rique via PDFS, soyez assur\u00e9 que les billets d&rsquo;impression de SupportCandy rationaliseront sans aucun doute votre processus de support client.<\/p>\n","protected":false},"featured_media":145434,"comment_status":"open","ping_status":"open","template":"","meta":[],"product_brand":[2666],"product_cat":[1187,1181,1186],"product_tag":[1855],"class_list":{"0":"post-125672","1":"product","2":"type-product","3":"status-publish","4":"has-post-thumbnail","6":"product_brand-supportcandy","7":"product_cat-administration-wordpress-plugins","8":"product_cat-plugins","9":"product_cat-wordpress-plugins","10":"product_tag-supportcandy","11":"member-discount","12":"discount-restricted","14":"first","15":"instock","16":"sale","17":"downloadable","18":"virtual","19":"sold-individually","20":"purchasable","21":"product-type-simple"},"_links":{"self":[{"href":"https:\/\/gpl-love.com\/fr\/wp-json\/wp\/v2\/product\/125672","targetHints":{"allow":["GET"]}}],"collection":[{"href":"https:\/\/gpl-love.com\/fr\/wp-json\/wp\/v2\/product"}],"about":[{"href":"https:\/\/gpl-love.com\/fr\/wp-json\/wp\/v2\/types\/product"}],"replies":[{"embeddable":true,"href":"https:\/\/gpl-love.com\/fr\/wp-json\/wp\/v2\/comments?post=125672"}],"wp:featuredmedia":[{"embeddable":true,"href":"https:\/\/gpl-love.com\/fr\/wp-json\/wp\/v2\/media\/145434"}],"wp:attachment":[{"href":"https:\/\/gpl-love.com\/fr\/wp-json\/wp\/v2\/media?parent=125672"}],"wp:term":[{"taxonomy":"product_brand","embeddable":true,"href":"https:\/\/gpl-love.com\/fr\/wp-json\/wp\/v2\/product_brand?post=125672"},{"taxonomy":"product_cat","embeddable":true,"href":"https:\/\/gpl-love.com\/fr\/wp-json\/wp\/v2\/product_cat?post=125672"},{"taxonomy":"product_tag","embeddable":true,"href":"https:\/\/gpl-love.com\/fr\/wp-json\/wp\/v2\/product_tag?post=125672"}],"curies":[{"name":"wp","href":"https:\/\/api.w.org\/{rel}","templated":true}]}}