{"id":125670,"date":"2026-03-23T00:00:00","date_gmt":"2026-03-22T23:00:00","guid":{"rendered":"https:\/\/gpl-love.com\/fr\/produit\/supportcandy-faq-integration\/"},"modified":"2026-04-10T18:41:49","modified_gmt":"2026-04-10T16:41:49","slug":"supportcandy-faq-integration","status":"publish","type":"product","link":"https:\/\/gpl-love.com\/fr\/produit\/supportcandy-faq-integration\/","title":{"rendered":"SupportCandy FAQ Integration 3.1.0"},"content":{"rendered":"<h3>SupportCandy FAQ Integration Traits<\/h3>\n<p>L&rsquo;int\u00e9gration de la FAQ de SupportCandy est une solution incroyablement robuste et dynamique qui offre un soutien immense aux entreprises pour rationaliser son processus de support client. En incorporant cette int\u00e9gration, les entreprises sont en mesure de g\u00e9rer sans effort leurs questions fr\u00e9quemment pos\u00e9es (FAQ) et de livrer des r\u00e9ponses rapides et pr\u00e9cises \u00e0 leurs pr\u00e9cieux clients. Cette int\u00e9gration permet aux entreprises d&rsquo;\u00e9tablir un centre centralis\u00e9 de FAQ, accessible aux clients via divers canaux de communication tels que les e-mails, le chat et les plateformes de m\u00e9dias sociaux. Les avantages tir\u00e9s de cette int\u00e9gration ne se limitent pas \u00e0 \u00e9conomiser du temps et des efforts pour les entreprises, mais s&rsquo;\u00e9tendent \u00e0 l&rsquo;am\u00e9lioration de l&rsquo;exp\u00e9rience client globale. L&rsquo;int\u00e9gration de la FAQ de SupportCandy est con\u00e7ue pour \u00eatre conviviale et adaptable, garantissant qu&rsquo;il peut s&rsquo;aligner parfaitement sur les exigences uniques de toute entreprise. En tant que tel, il s&rsquo;av\u00e8re \u00eatre un atout inestimable pour les entreprises qui cherchent \u00e0 \u00e9lever leurs capacit\u00e9s de support client et \u00e0 fournir un service client efficace et efficace.<\/p>\n<ul>\n<li>Int\u00e9gration transparente de la fonctionnalit\u00e9 FAQ dans la plate-forme SupportCandy<\/li>\n<li>Permet aux clients de trouver et de r\u00e9soudre facilement leurs propres probl\u00e8mes sans avoir besoin de contacter le personnel d&rsquo;assistance<\/li>\n<li>R\u00e9duit le nombre de billets de soutien n\u00e9cessaires, lib\u00e9rant du temps pour le personnel pour des probl\u00e8mes plus complexes<\/li>\n<li>Conception de page FAQ personnalisable pour correspondre \u00e0 l&rsquo;apparence de votre site Web ou de votre marque<\/li>\n<li>Panneau d&rsquo;administration simple et intuitif pour g\u00e9rer les FAQ et les cat\u00e9gories<\/li>\n<li>Prend en charge plusieurs langues, permettant une utilisation globale<\/li>\n<li>Peut \u00eatre int\u00e9gr\u00e9 \u00e0 des outils de base de connaissances populaires tels que Zendesk, Intercom et Salesforce<\/li>\n<\/ul>\n","protected":false},"excerpt":{"rendered":"<p>L&rsquo;int\u00e9gration de FAQ de SupportCandy pr\u00e9sente un outil remarquablement robuste et tr\u00e8s efficace, permettant une int\u00e9gration transparente de vos questions fr\u00e9quemment pos\u00e9es dans votre syst\u00e8me de support client. Gr\u00e2ce \u00e0 l&rsquo;utilisation de cette int\u00e9gration, vos clients estim\u00e9s se voient accorder une accessibilit\u00e9 sans effort \u00e0 une pl\u00e9thore de r\u00e9ponses compl\u00e8tes aux requ\u00eates couramment sur\u00e9lev\u00e9es. En outre, dans le cas o\u00f9 une aide suppl\u00e9mentaire est n\u00e9cessaire, ils ont rapidement la possibilit\u00e9 de contacter votre estimation de votre \u00e9quipe de soutien. Cette solution remarquablement efficace et opportun sert non seulement \u00e0 conserver une grande quantit\u00e9 de temps pr\u00e9cieux pour vous-m\u00eame et vos clients ch\u00e9ris, mais augmente \u00e9galement efficacement la satisfaction globale du client et engendre par la suite une augmentation notable de la productivit\u00e9.<\/p>\n","protected":false},"featured_media":145431,"comment_status":"open","ping_status":"open","template":"","meta":[],"product_brand":[2666],"product_cat":[1187,1181,1186],"product_tag":[1855],"class_list":{"0":"post-125670","1":"product","2":"type-product","3":"status-publish","4":"has-post-thumbnail","6":"product_brand-supportcandy","7":"product_cat-administration-wordpress-plugins","8":"product_cat-plugins","9":"product_cat-wordpress-plugins","10":"product_tag-supportcandy","11":"member-discount","12":"discount-restricted","14":"first","15":"instock","16":"sale","17":"downloadable","18":"virtual","19":"sold-individually","20":"purchasable","21":"product-type-simple"},"_links":{"self":[{"href":"https:\/\/gpl-love.com\/fr\/wp-json\/wp\/v2\/product\/125670","targetHints":{"allow":["GET"]}}],"collection":[{"href":"https:\/\/gpl-love.com\/fr\/wp-json\/wp\/v2\/product"}],"about":[{"href":"https:\/\/gpl-love.com\/fr\/wp-json\/wp\/v2\/types\/product"}],"replies":[{"embeddable":true,"href":"https:\/\/gpl-love.com\/fr\/wp-json\/wp\/v2\/comments?post=125670"}],"wp:featuredmedia":[{"embeddable":true,"href":"https:\/\/gpl-love.com\/fr\/wp-json\/wp\/v2\/media\/145431"}],"wp:attachment":[{"href":"https:\/\/gpl-love.com\/fr\/wp-json\/wp\/v2\/media?parent=125670"}],"wp:term":[{"taxonomy":"product_brand","embeddable":true,"href":"https:\/\/gpl-love.com\/fr\/wp-json\/wp\/v2\/product_brand?post=125670"},{"taxonomy":"product_cat","embeddable":true,"href":"https:\/\/gpl-love.com\/fr\/wp-json\/wp\/v2\/product_cat?post=125670"},{"taxonomy":"product_tag","embeddable":true,"href":"https:\/\/gpl-love.com\/fr\/wp-json\/wp\/v2\/product_tag?post=125670"}],"curies":[{"name":"wp","href":"https:\/\/api.w.org\/{rel}","templated":true}]}}