{"id":125669,"date":"2026-03-23T00:00:00","date_gmt":"2026-03-22T23:00:00","guid":{"rendered":"https:\/\/gpl-love.com\/fr\/produit\/supportcandy-export-ticket\/"},"modified":"2026-04-10T18:41:49","modified_gmt":"2026-04-10T16:41:49","slug":"supportcandy-export-ticket","status":"publish","type":"product","link":"https:\/\/gpl-love.com\/fr\/produit\/supportcandy-export-ticket\/","title":{"rendered":"SupportCandy Export Ticket 3.1.6"},"content":{"rendered":"<h3>SupportCandy Export Ticket Traits<\/h3>\n<p>SupportCandy Export Ticket est un outil exceptionnel et tr\u00e8s sophistiqu\u00e9 qui permet aux utilisateurs d&rsquo;extraire sans effort et efficacement les donn\u00e9es de billets de leur syst\u00e8me d&rsquo;assistance SupportCandy. Cet outil remarquable offre un large \u00e9ventail de fonctionnalit\u00e9s, ce qui rend le processus d&rsquo;exportation des donn\u00e9es de billets transparents et efficaces. Les utilisateurs ont la capacit\u00e9 remarquable d&rsquo;exporter des donn\u00e9es de billets dans une vari\u00e9t\u00e9 de formats, y compris le CSV universellement compatible, l&rsquo;Excel polyvalent et le JSON dynamique. La conception ing\u00e9nieuse de l&rsquo;outil est m\u00e9ticuleusement con\u00e7ue pour rationaliser le processus autrement fastidieux d&rsquo;exportation de donn\u00e9es sur les billets, accordant ainsi aux utilisateurs la capacit\u00e9 in\u00e9gal\u00e9e \u00e0 effectuer une analyse compl\u00e8te des donn\u00e9es, \u00e0 g\u00e9n\u00e9rer des rapports perspicaces et \u00e0 diffuser sans effort des informations aux membres estim\u00e9s de l&rsquo;\u00e9quipe. De plus, l&rsquo;interface conviviale du ticket d&rsquo;exportation d&rsquo;assistance est soigneusement con\u00e7ue pour assurer une navigation transparente, am\u00e9liorant davantage l&rsquo;exp\u00e9rience utilisateur globale. De plus, cet outil ing\u00e9nieux offre \u00e9galement aux utilisateurs la flexibilit\u00e9 inestimable pour personnaliser leurs exportations de donn\u00e9es conform\u00e9ment \u00e0 leurs exigences uniques et sp\u00e9cifiques, solidifiant davantage sa position de ressource indispensable et indispensable pour les entreprises qui d\u00e9pendent fortement de SupportCandy pour leur support d&rsquo;aide estim\u00e9.<\/p>\n<ul>\n<li>Exportation facile de billets de SupportCandy<\/li>\n<li>Transfert rapide des donn\u00e9es des billets vers d&rsquo;autres syst\u00e8mes ou programmes<\/li>\n<li>Compatible avec une large gamme de plates-formes logicielles<\/li>\n<li>Pr\u00e9serve toutes les informations pertinentes sur les billets pendant le processus d&rsquo;exportation<\/li>\n<li>\u00c9conomise du temps et des efforts en automatisant le processus d&rsquo;exportation<\/li>\n<li>Utile pour transf\u00e9rer des donn\u00e9es \u00e0 d&rsquo;autres syst\u00e8mes ou programmes de support client<\/li>\n<li>Peut aider \u00e0 rationaliser le flux de travail et \u00e0 am\u00e9liorer les processus de gestion des donn\u00e9es<\/li>\n<li>Am\u00e9liore l&rsquo;efficacit\u00e9 en simplifiant le processus d&rsquo;exportation des billets<\/li>\n<li>R\u00e9duit le risque d&rsquo;erreurs ou de perte de donn\u00e9es pendant le processus d&rsquo;exportation<\/li>\n<li>Peut \u00eatre int\u00e9gr\u00e9 \u00e0 d&rsquo;autres outils et applications pour une fonctionnalit\u00e9 am\u00e9lior\u00e9e.<\/li>\n<\/ul>\n","protected":false},"excerpt":{"rendered":"<p>La fonctionnalit\u00e9 des billets d&rsquo;exportation fournie par SupportCandy offre aux utilisateurs la commodit\u00e9 d&rsquo;exporter leurs billets d&rsquo;assistance \u00e0 divers formats de fichiers, y compris CSV ou Excel, facilitant ainsi la gestion et l&rsquo;analyse des donn\u00e9es plus efficaces. En cliquant simplement \u00e0 plusieurs reprises, les utilisateurs peuvent g\u00e9n\u00e9rer sans effort g\u00e9n\u00e9rer des rapports complets, leur permettant d&rsquo;acqu\u00e9rir des informations inestimables sur l&rsquo;activit\u00e9 du support client. Cet outil incroyablement puissant sert \u00e0 rationaliser le flux de travail des activit\u00e9s de soutien, ce qui a finalement permis de gagner du temps et une efficacit\u00e9 am\u00e9lior\u00e9e pour les entreprises de diff\u00e9rentes \u00e9chelles et tailles.<\/p>\n","protected":false},"featured_media":145430,"comment_status":"open","ping_status":"open","template":"","meta":[],"product_brand":[2666],"product_cat":[1187,1181,1186],"product_tag":[1855],"class_list":{"0":"post-125669","1":"product","2":"type-product","3":"status-publish","4":"has-post-thumbnail","6":"product_brand-supportcandy","7":"product_cat-administration-wordpress-plugins","8":"product_cat-plugins","9":"product_cat-wordpress-plugins","10":"product_tag-supportcandy","11":"member-discount","12":"discount-restricted","14":"first","15":"instock","16":"sale","17":"downloadable","18":"virtual","19":"sold-individually","20":"purchasable","21":"product-type-simple"},"_links":{"self":[{"href":"https:\/\/gpl-love.com\/fr\/wp-json\/wp\/v2\/product\/125669","targetHints":{"allow":["GET"]}}],"collection":[{"href":"https:\/\/gpl-love.com\/fr\/wp-json\/wp\/v2\/product"}],"about":[{"href":"https:\/\/gpl-love.com\/fr\/wp-json\/wp\/v2\/types\/product"}],"replies":[{"embeddable":true,"href":"https:\/\/gpl-love.com\/fr\/wp-json\/wp\/v2\/comments?post=125669"}],"wp:featuredmedia":[{"embeddable":true,"href":"https:\/\/gpl-love.com\/fr\/wp-json\/wp\/v2\/media\/145430"}],"wp:attachment":[{"href":"https:\/\/gpl-love.com\/fr\/wp-json\/wp\/v2\/media?parent=125669"}],"wp:term":[{"taxonomy":"product_brand","embeddable":true,"href":"https:\/\/gpl-love.com\/fr\/wp-json\/wp\/v2\/product_brand?post=125669"},{"taxonomy":"product_cat","embeddable":true,"href":"https:\/\/gpl-love.com\/fr\/wp-json\/wp\/v2\/product_cat?post=125669"},{"taxonomy":"product_tag","embeddable":true,"href":"https:\/\/gpl-love.com\/fr\/wp-json\/wp\/v2\/product_tag?post=125669"}],"curies":[{"name":"wp","href":"https:\/\/api.w.org\/{rel}","templated":true}]}}