{"id":125668,"date":"2026-03-23T00:00:00","date_gmt":"2026-03-22T23:00:00","guid":{"rendered":"https:\/\/gpl-love.com\/fr\/produit\/supportcandy-email-piping\/"},"modified":"2026-04-10T18:41:48","modified_gmt":"2026-04-10T16:41:48","slug":"supportcandy-email-piping","status":"publish","type":"product","link":"https:\/\/gpl-love.com\/fr\/produit\/supportcandy-email-piping\/","title":{"rendered":"SupportCandy Email Piping 3.3.5"},"content":{"rendered":"<h3>SupportCandy Email Piping Traits<\/h3>\n<p>SupportCandy Email Piping, un outil tr\u00e8s robuste, sert \u00e0 rationaliser les processus de support client au sein des entreprises via la redirection automatique des e-mails clients vers l&rsquo;agent de support ou l&rsquo;\u00e9quipe appropri\u00e9. Cette solution facilite efficacement la gestion d&rsquo;un afflux substantiel d&rsquo;e-mails clients, garantissant la r\u00e9solution rapide et efficace de chaque requ\u00eate client. L&rsquo;int\u00e9gration transparente de la tuyauterie d&rsquo;e-mail de supportCandy avec des services de messagerie r\u00e9pandus garantit la synchronisation et la pr\u00e9cision en temps r\u00e9el de toutes les communications. De plus, les entreprises ont la capacit\u00e9 d&rsquo;adapter leurs r\u00e8gles de routage des e-mails conform\u00e9ment \u00e0 leurs exigences distinctes, optimisant ainsi l&rsquo;efficacit\u00e9 et la productivit\u00e9 dans toute la mesure. En r\u00e9sum\u00e9, SupportCandy Email Piping est un actif indispensable pour les entreprises qui cherchent \u00e0 renforcer leurs op\u00e9rations de support client et \u00e0 fournir un service exceptionnel \u00e0 leur client\u00e8le estim\u00e9e.<\/p>\n<ul>\n<li>Int\u00e9gration transparente avec votre syst\u00e8me de messagerie existant<\/li>\n<li>Automate le processus de conversion des e-mails en billets pour une gestion plus facile<\/li>\n<li>Vous permet de r\u00e9pondre directement aux e-mails \u00e0 partir de votre syst\u00e8me de support<\/li>\n<li>\u00c9limine la n\u00e9cessit\u00e9 de basculer entre votre e-mail et votre syst\u00e8me de support<\/li>\n<li>Vous donne un contr\u00f4le total sur les e-mails qui sont achemin\u00e9s vers votre \u00e9quipe d&rsquo;assistance<\/li>\n<li>Fournit un syst\u00e8me uniforme pour suivre et r\u00e9pondre aux demandes des clients<\/li>\n<li>Gave le temps et r\u00e9duit le risque de messages manqu\u00e9s ou de r\u00e9ponses en double<\/li>\n<li>Compatible avec une gamme de fournisseurs de courriels populaires, y compris Gmail, Outlook et Yahoo Mail<\/li>\n<li>Facile \u00e0 configurer et \u00e0 configurer avec des instructions et une documentation claires<\/li>\n<li>Offre des fonctionnalit\u00e9s de s\u00e9curit\u00e9 am\u00e9lior\u00e9es pour prot\u00e9ger les donn\u00e9es et la confidentialit\u00e9 de vos clients.<\/li>\n<\/ul>\n","protected":false},"excerpt":{"rendered":"<p>En utilisant la fonctionnalit\u00e9 remarquable de la tuyauterie de courrier \u00e9lectronique de supportCandy, les utilisateurs peuvent fusionner sans effort leurs demandes de messagerie avec le supportCandy HelpDesk, transformant automatiquement automatiquement les e-mails entrants en billets qui peuvent \u00eatre g\u00e9r\u00e9s via le Helpdesk, comme toute autre demande. Cette fonctionnalit\u00e9 inestimable optimise non seulement l&rsquo;allocation du temps, mais simplifie \u00e9galement l&rsquo;ensemble du syst\u00e8me de soutien, conduisant finalement \u00e0 une satisfaction accrue du client et \u00e0 une efficacit\u00e9 de flux de travail accrue.<\/p>\n","protected":false},"featured_media":145429,"comment_status":"open","ping_status":"open","template":"","meta":[],"product_brand":[2666],"product_cat":[1187,1181,1186],"product_tag":[1855],"class_list":{"0":"post-125668","1":"product","2":"type-product","3":"status-publish","4":"has-post-thumbnail","6":"product_brand-supportcandy","7":"product_cat-administration-wordpress-plugins","8":"product_cat-plugins","9":"product_cat-wordpress-plugins","10":"product_tag-supportcandy","11":"member-discount","12":"discount-restricted","14":"first","15":"instock","16":"sale","17":"downloadable","18":"virtual","19":"sold-individually","20":"purchasable","21":"product-type-simple"},"_links":{"self":[{"href":"https:\/\/gpl-love.com\/fr\/wp-json\/wp\/v2\/product\/125668","targetHints":{"allow":["GET"]}}],"collection":[{"href":"https:\/\/gpl-love.com\/fr\/wp-json\/wp\/v2\/product"}],"about":[{"href":"https:\/\/gpl-love.com\/fr\/wp-json\/wp\/v2\/types\/product"}],"replies":[{"embeddable":true,"href":"https:\/\/gpl-love.com\/fr\/wp-json\/wp\/v2\/comments?post=125668"}],"wp:featuredmedia":[{"embeddable":true,"href":"https:\/\/gpl-love.com\/fr\/wp-json\/wp\/v2\/media\/145429"}],"wp:attachment":[{"href":"https:\/\/gpl-love.com\/fr\/wp-json\/wp\/v2\/media?parent=125668"}],"wp:term":[{"taxonomy":"product_brand","embeddable":true,"href":"https:\/\/gpl-love.com\/fr\/wp-json\/wp\/v2\/product_brand?post=125668"},{"taxonomy":"product_cat","embeddable":true,"href":"https:\/\/gpl-love.com\/fr\/wp-json\/wp\/v2\/product_cat?post=125668"},{"taxonomy":"product_tag","embeddable":true,"href":"https:\/\/gpl-love.com\/fr\/wp-json\/wp\/v2\/product_tag?post=125668"}],"curies":[{"name":"wp","href":"https:\/\/api.w.org\/{rel}","templated":true}]}}