{"id":125589,"date":"2026-04-10T00:00:00","date_gmt":"2026-04-09T22:00:00","guid":{"rendered":"https:\/\/gpl-love.com\/fr\/produit\/object-cache-pro\/"},"modified":"2026-04-10T18:34:56","modified_gmt":"2026-04-10T16:34:56","slug":"object-cache-pro","status":"publish","type":"product","link":"https:\/\/gpl-love.com\/fr\/produit\/object-cache-pro\/","title":{"rendered":"Object Cache Pro 1.25.3"},"content":{"rendered":"<h3>Object Cache Pro Traits<\/h3>\n<p>Object Cache Pro est un plugin de mise en cache tr\u00e8s robuste et puissant qui a \u00e9t\u00e9 m\u00e9ticuleusement con\u00e7u pour accro\u00eetre les performances et l&rsquo;exc\u00e9dent de votre site Web. Il englobe les algorithmes de mise en cache de pointe et int\u00e8gre des fonctionnalit\u00e9s de mise en cache dynamique, lui permettant ainsi de diminuer consid\u00e9rablement le temps de chargement du serveur et de r\u00e9duire les dur\u00e9es de chargement de la page. L&rsquo;installation et la configuration de ce plugin sont remarquablement sans effort, s&rsquo;int\u00e9grant de mani\u00e8re transparente \u00e0 votre configuration WordPress pr\u00e9existante. De plus, Object Cache Pro pr\u00e9sente une compatibilit\u00e9 exceptionnelle avec les plugins WordPress renomm\u00e9s, ce qui le rend un choix par excellence pour les d\u00e9veloppeurs et les propri\u00e9taires de sites aspirant \u00e0 optimiser leurs plateformes pour des performances optimales. Que vous g\u00e9rez un blog diminutif ou un site de commerce \u00e9lectronique tentaculaire, Object Cache Pro est pr\u00eat \u00e0 vous aider \u00e0 amplifier la vitesse et l&rsquo;efficacit\u00e9 de votre site Web, aboutissant finalement \u00e0 une exp\u00e9rience utilisateur am\u00e9lior\u00e9e et \u00e0 des classements de moteur de recherche augment\u00e9s.<\/p>\n<ul>\n<li>Acc\u00e9l\u00e8re les temps de chargement de la page en mettant en cache des objets couramment utilis\u00e9s<\/li>\n<li>R\u00e9duit les requ\u00eates de base de donn\u00e9es et le chargement du serveur<\/li>\n<li>Am\u00e9liore les performances globales du site et l&rsquo;exp\u00e9rience utilisateur<\/li>\n<li>Compatible avec les plugins de mise en cache populaires comme WP Rocket et W3 Total Cache<\/li>\n<li>Prend en charge les r\u00e8gles de mise en cache personnalis\u00e9es pour une flexibilit\u00e9 maximale<\/li>\n<li>Facile \u00e0 utiliser et \u00e0 configurer avec une interface intuitive<\/li>\n<li>Effiche automatiquement le cache pour le contenu mis \u00e0 jour<\/li>\n<li>Fournit des statistiques de cache d\u00e9taill\u00e9es et des rapports d&rsquo;utilisation<\/li>\n<li>Solution de mise en cache fiable et robuste pour les sites Web \u00e0 haut trafic<\/li>\n<li>R\u00e9guli\u00e8rement mis \u00e0 jour et soutenu par des d\u00e9veloppeurs exp\u00e9riment\u00e9s.<\/li>\n<\/ul>\n","protected":false},"excerpt":{"rendered":"<p>Object Cache Pro, une solution logicielle tr\u00e8s efficace, se sp\u00e9cialise dans l&rsquo;am\u00e9lioration de la vitesse et des performances globales des sites Web gr\u00e2ce \u00e0 son approche innovante de stockage d&rsquo;objets fr\u00e9quemment accessibles dans un cache efficace. L&rsquo;objectif principal de cet outil remarquable est de diminuer les temps de chargement, de renforcer la r\u00e9activit\u00e9 du site Web et d&rsquo;\u00e9lever l&rsquo;exp\u00e9rience utilisateur globale. En tirant parti des capacit\u00e9s polyvalentes de l&rsquo;objet Cache Pro, des propri\u00e9taires de sites Web et des d\u00e9veloppeurs obtiennent un contr\u00f4le et une gestion transparents sur la mise en cache de divers objets, englobant des images, des scripts, des fichiers CSS et d&rsquo;autres composants cruciaux de site Web. Par cons\u00e9quent, cette solution compl\u00e8te contribue \u00e0 des temps de chargement remarquablement acc\u00e9l\u00e9r\u00e9s et \u00e0 des performances de site Web consid\u00e9rablement am\u00e9lior\u00e9es.<\/p>\n","protected":false},"featured_media":144834,"comment_status":"open","ping_status":"open","template":"","meta":[],"product_brand":[2608],"product_cat":[1203,1181,1186],"product_tag":[2325],"class_list":{"0":"post-125589","1":"product","2":"type-product","3":"status-publish","4":"has-post-thumbnail","6":"product_brand-objectcache","7":"product_cat-performance","8":"product_cat-plugins","9":"product_cat-wordpress-plugins","10":"product_tag-objectcache","11":"member-discount","12":"discount-restricted","14":"first","15":"instock","16":"sale","17":"downloadable","18":"virtual","19":"sold-individually","20":"purchasable","21":"product-type-simple"},"_links":{"self":[{"href":"https:\/\/gpl-love.com\/fr\/wp-json\/wp\/v2\/product\/125589","targetHints":{"allow":["GET"]}}],"collection":[{"href":"https:\/\/gpl-love.com\/fr\/wp-json\/wp\/v2\/product"}],"about":[{"href":"https:\/\/gpl-love.com\/fr\/wp-json\/wp\/v2\/types\/product"}],"replies":[{"embeddable":true,"href":"https:\/\/gpl-love.com\/fr\/wp-json\/wp\/v2\/comments?post=125589"}],"wp:featuredmedia":[{"embeddable":true,"href":"https:\/\/gpl-love.com\/fr\/wp-json\/wp\/v2\/media\/144834"}],"wp:attachment":[{"href":"https:\/\/gpl-love.com\/fr\/wp-json\/wp\/v2\/media?parent=125589"}],"wp:term":[{"taxonomy":"product_brand","embeddable":true,"href":"https:\/\/gpl-love.com\/fr\/wp-json\/wp\/v2\/product_brand?post=125589"},{"taxonomy":"product_cat","embeddable":true,"href":"https:\/\/gpl-love.com\/fr\/wp-json\/wp\/v2\/product_cat?post=125589"},{"taxonomy":"product_tag","embeddable":true,"href":"https:\/\/gpl-love.com\/fr\/wp-json\/wp\/v2\/product_tag?post=125589"}],"curies":[{"name":"wp","href":"https:\/\/api.w.org\/{rel}","templated":true}]}}