{"id":125572,"date":"2024-02-27T00:00:00","date_gmt":"2024-02-26T23:00:00","guid":{"rendered":"https:\/\/gpl-love.com\/fr\/produit\/floral-theme\/"},"modified":"2026-03-20T23:06:04","modified_gmt":"2026-03-20T22:06:04","slug":"floral-theme","status":"publish","type":"product","link":"https:\/\/gpl-love.com\/fr\/produit\/floral-theme\/","title":{"rendered":"Floral Theme 1.2.7"},"content":{"rendered":"<h3>Floral Theme Traits<\/h3>\n<p>Le produit \u00e0 th\u00e8me floral, avec son design \u00e9tonnant et \u00e9l\u00e9gant, poss\u00e8de la capacit\u00e9 d&rsquo;infuser tout projet avec une touche de nature et de beaut\u00e9. Il pr\u00e9sente un \u00e9ventail impressionnant de fleurs et de feuillage vibrants qui ont \u00e9t\u00e9 m\u00e9ticuleusement dispos\u00e9s pour former un design harmonieux et visuellement captivant. La production qui en r\u00e9sulte de ce produit s&rsquo;av\u00e8re id\u00e9al pour une gamme diversifi\u00e9e d&rsquo;applications, allant des arri\u00e8re-plans du site Web aux conceptions de cartes de voeux et aux mat\u00e9riaux imprim\u00e9s. Gr\u00e2ce \u00e0 ses images de qualit\u00e9 impeccables et \u00e0 son attention m\u00e9ticuleuse aux d\u00e9tails, le th\u00e8me floral appara\u00eet comme une option exceptionnelle pour les personnes cherchant \u00e0 impr\u00e9gner leurs efforts cr\u00e9atifs avec un soup\u00e7on de splendeur naturelle.<\/p>\n<ul>\n<li>Designs floraux vibrants et accrocheurs pour une gamme de produits<\/li>\n<li>Des imprim\u00e9s de haute qualit\u00e9 qui capturent la beaut\u00e9 et les d\u00e9tails de chaque fleur<\/li>\n<li>Id\u00e9al pour ajouter une touche de nature et d&rsquo;\u00e9l\u00e9gance \u00e0 n&rsquo;importe quel espace<\/li>\n<li>Convient pour une utilisation sur une vari\u00e9t\u00e9 de produits, des v\u00eatements \u00e0 la d\u00e9coration int\u00e9rieure<\/li>\n<li>Disponible dans une gamme de mod\u00e8les floraux diff\u00e9rents, chacun avec son propre charme unique<\/li>\n<li>Parfait pour cr\u00e9er une atmosph\u00e8re fra\u00eeche et anim\u00e9e dans n&rsquo;importe quelle pi\u00e8ce<\/li>\n<li>Fabriqu\u00e9 avec des mat\u00e9riaux premium pour assurer la durabilit\u00e9 et la long\u00e9vit\u00e9<\/li>\n<li>Facile \u00e0 installer ou \u00e0 appliquer, avec des instructions claires fournies<\/li>\n<li>Con\u00e7u pour compl\u00e9ter une grande vari\u00e9t\u00e9 de sch\u00e9mas de couleurs et de styles<\/li>\n<li>Une excellente id\u00e9e cadeau pour tous ceux qui aiment les fleurs et la nature.<\/li>\n<\/ul>\n","protected":false},"excerpt":{"rendered":"<p>Nous sommes ravis de vous pr\u00e9senter notre produit exceptionnel au th\u00e8me floral captivant, con\u00e7u sp\u00e9cialement pour celles et ceux qui aiment int\u00e9grer une touche de nature \u00e0 leur quotidien. Avec une gamme de superbes motifs floraux haut de gamme, r\u00e9alis\u00e9s avec minutie, notre collection est id\u00e9ale pour celles et ceux qui souhaitent impr\u00e9gner leurs espaces de vie ou de travail d&rsquo;une beaut\u00e9 envo\u00fbtante et d&rsquo;une sophistication raffin\u00e9e. Que votre objectif soit d&#8217;embellir vos murs, d&rsquo;apporter une touche d&rsquo;\u00e9l\u00e9gance \u00e0 votre bureau ou simplement de vous offrir un moment de d\u00e9tente, nos produits floraux, confectionn\u00e9s avec soin, vous garantissent une stimulation cr\u00e9ative et un bien-\u00eatre \u00e9motionnel. N&rsquo;attendez plus\u00a0! Explorez notre vaste gamme de produits floraux et laissez la nature s&rsquo;inviter dans votre vie\u00a0!<\/p>\n","protected":false},"featured_media":143883,"comment_status":"open","ping_status":"open","template":"","meta":[],"product_brand":[2528],"product_cat":[1220,1212,1213],"product_tag":[1281],"class_list":{"0":"post-125572","1":"product","2":"type-product","3":"status-publish","4":"has-post-thumbnail","6":"product_brand-greta-themes","7":"product_cat-blog-magazine","8":"product_cat-themes","9":"product_cat-wordpress-themes","10":"product_tag-greta-themes","11":"member-discount","12":"discount-restricted","14":"first","15":"instock","16":"sale","17":"downloadable","18":"virtual","19":"sold-individually","20":"purchasable","21":"product-type-simple"},"_links":{"self":[{"href":"https:\/\/gpl-love.com\/fr\/wp-json\/wp\/v2\/product\/125572","targetHints":{"allow":["GET"]}}],"collection":[{"href":"https:\/\/gpl-love.com\/fr\/wp-json\/wp\/v2\/product"}],"about":[{"href":"https:\/\/gpl-love.com\/fr\/wp-json\/wp\/v2\/types\/product"}],"replies":[{"embeddable":true,"href":"https:\/\/gpl-love.com\/fr\/wp-json\/wp\/v2\/comments?post=125572"}],"wp:featuredmedia":[{"embeddable":true,"href":"https:\/\/gpl-love.com\/fr\/wp-json\/wp\/v2\/media\/143883"}],"wp:attachment":[{"href":"https:\/\/gpl-love.com\/fr\/wp-json\/wp\/v2\/media?parent=125572"}],"wp:term":[{"taxonomy":"product_brand","embeddable":true,"href":"https:\/\/gpl-love.com\/fr\/wp-json\/wp\/v2\/product_brand?post=125572"},{"taxonomy":"product_cat","embeddable":true,"href":"https:\/\/gpl-love.com\/fr\/wp-json\/wp\/v2\/product_cat?post=125572"},{"taxonomy":"product_tag","embeddable":true,"href":"https:\/\/gpl-love.com\/fr\/wp-json\/wp\/v2\/product_tag?post=125572"}],"curies":[{"name":"wp","href":"https:\/\/api.w.org\/{rel}","templated":true}]}}