{"id":125570,"date":"2022-10-10T00:00:00","date_gmt":"2022-10-09T22:00:00","guid":{"rendered":"https:\/\/gpl-love.com\/fr\/produit\/memory-theme\/"},"modified":"2026-03-20T23:24:49","modified_gmt":"2026-03-20T22:24:49","slug":"memory-theme","status":"publish","type":"product","link":"https:\/\/gpl-love.com\/fr\/produit\/memory-theme\/","title":{"rendered":"Memory Theme 2.1.4"},"content":{"rendered":"<h3>Memory Theme Traits<\/h3>\n<p>Le th\u00e8me de la m\u00e9moire, un outil incroyablement puissant et adaptable, poss\u00e8de la capacit\u00e9 d&rsquo;augmenter consid\u00e9rablement sa m\u00e9moire et d&rsquo;amplifier leurs capacit\u00e9s d&rsquo;apprentissage. En utilisant une pl\u00e9thore de techniques et d&rsquo;exercices, ce produit r\u00e9volutionnaire renforce efficacement la capacit\u00e9 du cerveau \u00e0 se souvenir et \u00e0 pr\u00e9server les informations. Avec son interface intuitive et ses options personnalisables, le th\u00e8me de la m\u00e9moire s&rsquo;av\u00e8re adapt\u00e9 aux individus de tout \u00e2ge ou arri\u00e8re-plan. Que vous soyez un \u00e9tudiant diligent qui s&rsquo;efforce d&rsquo;am\u00e9liorer vos r\u00e9sultats scolaires ou un aspirant professionnel chevronn\u00e9 pour affiner vos capacit\u00e9s cognitives, le th\u00e8me de la m\u00e9moire est pr\u00eat \u00e0 aider \u00e0 r\u00e9aliser vos aspirations. Alors, pourquoi tergiverser? Saisissez l&rsquo;opportunit\u00e9 d&rsquo;investir dans le th\u00e8me de la m\u00e9moire aujourd&rsquo;hui et commencez le d\u00e9verrouillage du potentiel sans limites de votre cerveau!<\/p>\n<ul>\n<li>Un jeu tr\u00e8s attrayant qui remet en question votre m\u00e9moire et stimule vos capacit\u00e9s cognitives<\/li>\n<li>Emball\u00e9 avec plusieurs niveaux et param\u00e8tres de difficult\u00e9 pour vous divertir pendant des heures<\/li>\n<li>Propose une vari\u00e9t\u00e9 de th\u00e8mes et de graphiques sympas pour ajouter du plaisir et de la personnalit\u00e9 \u00e0 votre exp\u00e9rience<\/li>\n<li>Un jeu scientifiquement con\u00e7u qui aide \u00e0 promouvoir l&rsquo;am\u00e9lioration de la r\u00e9tention de la m\u00e9moire, du rappel et de la vigilance mentale g\u00e9n\u00e9rale<\/li>\n<li>Un jeu amusant et \u00e9ducatif parfait pour tous les \u00e2ges, gr\u00e2ce \u00e0 sa m\u00e9canique simple et ses contr\u00f4les intuitifs<\/li>\n<li>Construit vos muscles c\u00e9r\u00e9braux et vous aide \u00e0 rester vif \u00e0 mesure que vous vieillissez ou que vous vous remettez d&rsquo;une blessure ou d&rsquo;une maladie<\/li>\n<li>Un outil parfait pour les enseignants ou les parents qui cherchent \u00e0 aider leurs enfants \u00e0 am\u00e9liorer leurs comp\u00e9tences d&rsquo;apprentissage et de r\u00e9flexion tout en s&rsquo;amusant<\/li>\n<li>Offre un excellent moyen d&rsquo;\u00e9teindre et de se d\u00e9tendre tout en gardant votre cerveau actif et sain<\/li>\n<li>Compatible avec tous les appareils et plateformes modernes, y compris les smartphones, les tablettes, les PC et les consoles de jeux<\/li>\n<\/ul>\n","protected":false},"excerpt":{"rendered":"<p>Le th\u00e8me de la m\u00e9moire, un outil incroyablement puissant m\u00e9ticuleusement con\u00e7u dans le but explicite d&rsquo;am\u00e9liorer et d&rsquo;augmenter vos capacit\u00e9s et de facult\u00e9s de m\u00e9moire, poss\u00e8de une capacit\u00e9 in\u00e9gal\u00e9e \u00e0 stimuler vos prouesses cognitives et \u00e0 augmenter votre capacit\u00e9 \u00e0 rappeler sans effort des informations cruciales telles que les noms, les dates et autres et d&rsquo;autres donn\u00e9es vitales. Ce programme r\u00e9volutionnaire et innovant est fier de son approche unique de la formation \u00e0 la m\u00e9moire, en utilisant un \u00e9ventail diversifi\u00e9 d&rsquo;exercices captivants qui remettent sans effort les limites m\u00eames de votre m\u00e9moire, facilitant ainsi le d\u00e9veloppement et la culture de nouvelles techniques et strat\u00e9gies pour conserver et absorber efficacement des quantit\u00e9s abondantes efficacement d&rsquo;information. Que vous soyez un \u00e9tudiant qui cherche \u00e0 exceller acad\u00e9miquement, un professionnel visant \u00e0 am\u00e9liorer votre productivit\u00e9 en milieu de travail, ou simplement un d\u00e9sir individuel d&rsquo;am\u00e9liorer vos fonctions de m\u00e9moire, le th\u00e8me de la m\u00e9moire offre une solution id\u00e9ale et sur mesure qui est m\u00e9ticuleusement con\u00e7ue pour s&rsquo;adresser \u00e0 vos besoins et aspirations sp\u00e9cifiques. Commencez votre voyage vers le d\u00e9verrouillage de votre potentiel vrai et inexploit\u00e9 en se lan\u00e7ant dans la t\u00e2che ardue mais gratifiante de former votre m\u00e9moire avec le th\u00e8me de m\u00e9moire exceptionnel et in\u00e9gal\u00e9.<\/p>\n","protected":false},"featured_media":144527,"comment_status":"open","ping_status":"open","template":"","meta":[],"product_brand":[2528],"product_cat":[1220,1212,1213],"product_tag":[1281],"class_list":{"0":"post-125570","1":"product","2":"type-product","3":"status-publish","4":"has-post-thumbnail","6":"product_brand-greta-themes","7":"product_cat-blog-magazine","8":"product_cat-themes","9":"product_cat-wordpress-themes","10":"product_tag-greta-themes","11":"member-discount","12":"discount-restricted","14":"first","15":"instock","16":"sale","17":"downloadable","18":"virtual","19":"sold-individually","20":"purchasable","21":"product-type-simple"},"_links":{"self":[{"href":"https:\/\/gpl-love.com\/fr\/wp-json\/wp\/v2\/product\/125570","targetHints":{"allow":["GET"]}}],"collection":[{"href":"https:\/\/gpl-love.com\/fr\/wp-json\/wp\/v2\/product"}],"about":[{"href":"https:\/\/gpl-love.com\/fr\/wp-json\/wp\/v2\/types\/product"}],"replies":[{"embeddable":true,"href":"https:\/\/gpl-love.com\/fr\/wp-json\/wp\/v2\/comments?post=125570"}],"wp:featuredmedia":[{"embeddable":true,"href":"https:\/\/gpl-love.com\/fr\/wp-json\/wp\/v2\/media\/144527"}],"wp:attachment":[{"href":"https:\/\/gpl-love.com\/fr\/wp-json\/wp\/v2\/media?parent=125570"}],"wp:term":[{"taxonomy":"product_brand","embeddable":true,"href":"https:\/\/gpl-love.com\/fr\/wp-json\/wp\/v2\/product_brand?post=125570"},{"taxonomy":"product_cat","embeddable":true,"href":"https:\/\/gpl-love.com\/fr\/wp-json\/wp\/v2\/product_cat?post=125570"},{"taxonomy":"product_tag","embeddable":true,"href":"https:\/\/gpl-love.com\/fr\/wp-json\/wp\/v2\/product_tag?post=125570"}],"curies":[{"name":"wp","href":"https:\/\/api.w.org\/{rel}","templated":true}]}}