{"id":125568,"date":"2024-02-27T00:00:00","date_gmt":"2024-02-26T23:00:00","guid":{"rendered":"https:\/\/gpl-love.com\/fr\/produit\/yosemite-theme\/"},"modified":"2026-03-20T23:54:19","modified_gmt":"2026-03-20T22:54:19","slug":"yosemite-theme","status":"publish","type":"product","link":"https:\/\/gpl-love.com\/fr\/produit\/yosemite-theme\/","title":{"rendered":"Yosemite Theme 1.5.6"},"content":{"rendered":"<h3>Yosemite Theme Traits<\/h3>\n<p>Le th\u00e8me Yosemite, un th\u00e8me extr\u00eamement captivant et extr\u00eamement op\u00e9rationnel, a \u00e9t\u00e9 m\u00e9ticuleusement fa\u00e7onn\u00e9 pour r\u00e9pondre \u00e0 un \u00e9ventail d&rsquo;appareils \u00e9lectroniques. S&rsquo;inspirant de la grandeur impressionnante de l&rsquo;un des parcs nationaux les plus resplendissants de la plan\u00e8te, ce th\u00e8me d\u00e9gage une esth\u00e9tique transparente et de pointe. Caract\u00e9ris\u00e9e par ses \u00e9l\u00e9ments de conception sophistiqu\u00e9s et un \u00e9ventail de sch\u00e9mas de couleurs doux et harmonieux, le th\u00e8me Yosemite facilite une exp\u00e9rience utilisateur tranquille et agr\u00e9able. En outre, ce th\u00e8me polyvalent s&rsquo;int\u00e8gre de mani\u00e8re transparente \u00e0 une multitude de syst\u00e8mes d&rsquo;exploitation et peut \u00eatre personnalis\u00e9 sans effort, ce qui le rend un choix impeccable pour les individus souhaitant impr\u00e9gner leurs appareils avec un sentiment d&rsquo;individualit\u00e9 in\u00e9gal\u00e9. Que l&rsquo;on utilise ce th\u00e8me sur son smartphone, sa tablette ou son ordinateur, l&rsquo;impact profond et transformateur du th\u00e8me Yosemite sur le domaine num\u00e9rique d&rsquo;un individu est certain qu&rsquo;il est sans \u00e9quivoque.<\/p>\n<ul>\n<li>Un th\u00e8me visuellement magnifique inspir\u00e9 de la beaut\u00e9 naturelle du parc national de Yosemite<\/li>\n<li>Des \u00e9l\u00e9ments de conception de haute qualit\u00e9 qui \u00e9l\u00e8vent l&rsquo;apparence de votre appareil<\/li>\n<li>Ic\u00f4nes et widgets personnalis\u00e9s qui s&rsquo;int\u00e8grent parfaitement dans le th\u00e8me<\/li>\n<li>Une vari\u00e9t\u00e9 d&rsquo;options de fond et de papier peint qui refl\u00e8tent les divers paysages et saisons du parc<\/li>\n<li>Installation et compatibilit\u00e9 faciles avec une gamme d&rsquo;appareils et de syst\u00e8mes d&rsquo;exploitation<\/li>\n<li>Une exp\u00e9rience unique et personnalis\u00e9e qui distingue votre appareil des th\u00e8mes standard<\/li>\n<li>Support et mises \u00e0 jour continues pour assurer une compatibilit\u00e9 et une fonctionnalit\u00e9 continues<\/li>\n<li>Une occasion de montrer votre appr\u00e9ciation pour l&rsquo;une des merveilles naturelles les plus embl\u00e9matiques d&rsquo;Am\u00e9rique \u00e0 travers l&rsquo;apparence de votre appareil<\/li>\n<\/ul>\n","protected":false},"excerpt":{"rendered":"<p>Le th\u00e8me de Yosemite, un actif num\u00e9rique remarquable, poss\u00e8de la capacit\u00e9 d&rsquo;inculquer un sentiment de raffinement et de sophistication \u00e0 l&rsquo;interface de votre appareil. M\u00e9ticuleusement con\u00e7u avec une plus grande pr\u00e9cision et une attention aigu\u00eb aux d\u00e9tails infimes, ce th\u00e8me pr\u00e9sente des graphiques visuellement fascinants qui s&rsquo;inspirent du paysage Yosemite impressionnant, aux c\u00f4t\u00e9s d&rsquo;ic\u00f4nes \u00e9l\u00e9gantes qui accordent votre appareil avec une essence enti\u00e8rement nouvelle. Que ce soit \u00e0 des fins personnelles ou professionnelles, le th\u00e8me Yosemite appara\u00eet comme une n\u00e9cessit\u00e9 indispensable pour les individus aspirant \u00e0 \u00e9lever leurs rencontres num\u00e9riques. Embarquez dans ce voyage transformateur aujourd&rsquo;hui et permettez-vous de succomber \u00e0 l&rsquo;enchantement de sa conception \u00e0 couper le souffle et de sa fonctionnalit\u00e9 sans effort!<\/p>\n","protected":false},"featured_media":146456,"comment_status":"open","ping_status":"open","template":"","meta":[],"product_brand":[2528],"product_cat":[1220,1212,1213],"product_tag":[1281],"class_list":{"0":"post-125568","1":"product","2":"type-product","3":"status-publish","4":"has-post-thumbnail","6":"product_brand-greta-themes","7":"product_cat-blog-magazine","8":"product_cat-themes","9":"product_cat-wordpress-themes","10":"product_tag-greta-themes","11":"member-discount","12":"discount-restricted","14":"first","15":"instock","16":"sale","17":"downloadable","18":"virtual","19":"sold-individually","20":"purchasable","21":"product-type-simple"},"_links":{"self":[{"href":"https:\/\/gpl-love.com\/fr\/wp-json\/wp\/v2\/product\/125568","targetHints":{"allow":["GET"]}}],"collection":[{"href":"https:\/\/gpl-love.com\/fr\/wp-json\/wp\/v2\/product"}],"about":[{"href":"https:\/\/gpl-love.com\/fr\/wp-json\/wp\/v2\/types\/product"}],"replies":[{"embeddable":true,"href":"https:\/\/gpl-love.com\/fr\/wp-json\/wp\/v2\/comments?post=125568"}],"wp:featuredmedia":[{"embeddable":true,"href":"https:\/\/gpl-love.com\/fr\/wp-json\/wp\/v2\/media\/146456"}],"wp:attachment":[{"href":"https:\/\/gpl-love.com\/fr\/wp-json\/wp\/v2\/media?parent=125568"}],"wp:term":[{"taxonomy":"product_brand","embeddable":true,"href":"https:\/\/gpl-love.com\/fr\/wp-json\/wp\/v2\/product_brand?post=125568"},{"taxonomy":"product_cat","embeddable":true,"href":"https:\/\/gpl-love.com\/fr\/wp-json\/wp\/v2\/product_cat?post=125568"},{"taxonomy":"product_tag","embeddable":true,"href":"https:\/\/gpl-love.com\/fr\/wp-json\/wp\/v2\/product_tag?post=125568"}],"curies":[{"name":"wp","href":"https:\/\/api.w.org\/{rel}","templated":true}]}}