{"id":125564,"date":"2022-10-10T00:00:00","date_gmt":"2022-10-09T22:00:00","guid":{"rendered":"https:\/\/gpl-love.com\/fr\/produit\/mythemeshop-wp-tab-widget-pro\/"},"modified":"2026-03-20T23:27:33","modified_gmt":"2026-03-20T22:27:33","slug":"mythemeshop-wp-tab-widget-pro","status":"publish","type":"product","link":"https:\/\/gpl-love.com\/fr\/produit\/mythemeshop-wp-tab-widget-pro\/","title":{"rendered":"MyThemeShop WP Tab Widget Pro 1.0.8"},"content":{"rendered":"<h3>MyThemeShop WP Tab Widget Pro Traits<\/h3>\n<p>MytheMeshop WP Tab Widget Pro est un plugin premium exceptionnel sp\u00e9cialement con\u00e7u pour WordPress, accordant aux propri\u00e9taires de sites Web la possibilit\u00e9 d&rsquo;incorporer des onglets tr\u00e8s polyvalents et personnalisables sur leur site Web. Cet outil exceptionnel et robuste permet aux utilisateurs de pr\u00e9senter du contenu de mani\u00e8re compl\u00e8te et conviviale organis\u00e9e et conviviale, facilitant finalement une exp\u00e9rience de navigation transparente pour les visiteurs parcourant le site Web. WP Tab Tab Widget Pro sert de solution in\u00e9gal\u00e9e car il accorde aux utilisateurs la capacit\u00e9 de g\u00e9n\u00e9rer un nombre illimit\u00e9 d&rsquo;onglets, tout en offrant simultan\u00e9ment une vaste gamme d&rsquo;options de personnalisation telles que la s\u00e9lection des sch\u00e9mas de couleurs, des polices et des dispositions. En outre, les utilisateurs re\u00e7oivent une s\u00e9lection impressionnante de types de contenu, y compris des publications, des pages, des types de publication personnalis\u00e9s, etc. Ce plugin est sans \u00e9quivoque id\u00e9al pour une vaste gamme d&rsquo;individus, allant des blogueurs enthousiastes aux entreprises \u00e9tablies, car sa mise en \u0153uvre \u00e9l\u00e8ve sans effort la fonctionnalit\u00e9 et l&rsquo;esth\u00e9tique du site Web. Servant de t\u00e9moignage de son excellence, le processus d&rsquo;installation de ce plugin est rafra\u00eechissant, garantissant une exp\u00e9rience pratique et sans tracas pour les utilisateurs. De plus, MyTheMeshop WP Tab Widget Pro est accompagn\u00e9 d&rsquo;un syst\u00e8me de support client exemplaire, garantissant une assistance et une satisfaction rapides.<\/p>\n<ul>\n<li>Plugin de widget d&rsquo;onglet puissant pour les sites Web WordPress<\/li>\n<li>Vous permet de pr\u00e9senter plusieurs types de contenu dans une interface \u00e9l\u00e9gante<\/li>\n<li>Conception enti\u00e8rement personnalisable avec plusieurs styles pr\u00e9d\u00e9finis au choix<\/li>\n<li>Prend en charge les dispositions d&rsquo;onglet verticales et horizontales<\/li>\n<li>Interface de glisser-d\u00e9poser facile \u00e0 utiliser pour l&rsquo;organisation des onglets et du contenu<\/li>\n<li>Option pour afficher des onglets bas\u00e9s sur des cat\u00e9gories ou des balises sp\u00e9cifiques<\/li>\n<li>Prend en charge les types de messages personnalis\u00e9s et les taxonomies personnalis\u00e9es<\/li>\n<li>Design enti\u00e8rement r\u00e9actif et convivial<\/li>\n<li>Cache int\u00e9gr\u00e9e pour am\u00e9liorer les performances<\/li>\n<li>Mises \u00e0 jour r\u00e9guli\u00e8res et soutien amical de l&rsquo;\u00e9quipe MyTheMeshop<\/li>\n<\/ul>\n","protected":false},"excerpt":{"rendered":"<p>MytheMeshop WP Tab Widget Pro, un plugin WordPress tr\u00e8s efficace et riche en fonctionnalit\u00e9s, offre la possibilit\u00e9 de montrer votre contenu \u00e9l\u00e9gamment et de mani\u00e8re personnalisable via des onglets de votre site Web. Sa nature conviviale vous permet d&rsquo;organiser et de pr\u00e9senter sans effort vos publications, pages et types de publication personnalis\u00e9s, offrant \u00e0 vos visiteurs une exp\u00e9rience de navigation d\u00e9licieuse et transparente. Ce plugin extraordinaire comprend une gamme de fonctionnalit\u00e9s avanc\u00e9es, comprenant divers styles d&rsquo;onglet, sch\u00e9mas de couleurs, alternatives de police et capacit\u00e9s de tri, accompagn\u00e9es d&rsquo;une conception r\u00e9active, d&rsquo;une optimisation des moteurs de recherche et d&rsquo;un support de traduction. Que vous soyez un blogueur, un marketing ou un propri\u00e9taire d&rsquo;entreprise, WP Tab Widget Pro appara\u00eet comme l&rsquo;outil par excellence pour augmenter \u00e0 la fois la fonctionnalit\u00e9 et l&rsquo;attrait visuel de votre site Web.<\/p>\n","protected":false},"featured_media":144711,"comment_status":"open","ping_status":"open","template":"","meta":[],"product_brand":[2601],"product_cat":[1189,1181,1186],"product_tag":[1309],"class_list":{"0":"post-125564","1":"product","2":"type-product","3":"status-publish","4":"has-post-thumbnail","6":"product_brand-my-theme-shop","7":"product_cat-personnalisation","8":"product_cat-plugins","9":"product_cat-wordpress-plugins","10":"product_tag-my-theme-shop","11":"member-discount","12":"discount-restricted","14":"first","15":"instock","16":"sale","17":"downloadable","18":"virtual","19":"sold-individually","20":"purchasable","21":"product-type-simple"},"_links":{"self":[{"href":"https:\/\/gpl-love.com\/fr\/wp-json\/wp\/v2\/product\/125564","targetHints":{"allow":["GET"]}}],"collection":[{"href":"https:\/\/gpl-love.com\/fr\/wp-json\/wp\/v2\/product"}],"about":[{"href":"https:\/\/gpl-love.com\/fr\/wp-json\/wp\/v2\/types\/product"}],"replies":[{"embeddable":true,"href":"https:\/\/gpl-love.com\/fr\/wp-json\/wp\/v2\/comments?post=125564"}],"wp:featuredmedia":[{"embeddable":true,"href":"https:\/\/gpl-love.com\/fr\/wp-json\/wp\/v2\/media\/144711"}],"wp:attachment":[{"href":"https:\/\/gpl-love.com\/fr\/wp-json\/wp\/v2\/media?parent=125564"}],"wp:term":[{"taxonomy":"product_brand","embeddable":true,"href":"https:\/\/gpl-love.com\/fr\/wp-json\/wp\/v2\/product_brand?post=125564"},{"taxonomy":"product_cat","embeddable":true,"href":"https:\/\/gpl-love.com\/fr\/wp-json\/wp\/v2\/product_cat?post=125564"},{"taxonomy":"product_tag","embeddable":true,"href":"https:\/\/gpl-love.com\/fr\/wp-json\/wp\/v2\/product_tag?post=125564"}],"curies":[{"name":"wp","href":"https:\/\/api.w.org\/{rel}","templated":true}]}}