{"id":125562,"date":"2022-10-10T00:00:00","date_gmt":"2022-10-09T22:00:00","guid":{"rendered":"https:\/\/gpl-love.com\/fr\/produit\/wpzoom-presence\/"},"modified":"2026-03-20T23:52:18","modified_gmt":"2026-03-20T22:52:18","slug":"wpzoom-presence","status":"publish","type":"product","link":"https:\/\/gpl-love.com\/fr\/produit\/wpzoom-presence\/","title":{"rendered":"WPZoom Presence 2.0.8"},"content":{"rendered":"<h3>WPZoom Presence Traits<\/h3>\n<p>La pr\u00e9sence de WPZoom est un th\u00e8me WordPress exceptionnel qui a \u00e9t\u00e9 m\u00e9ticuleusement con\u00e7u pour fournir \u00e0 votre site Web une apparence sophistiqu\u00e9e et contemporaine. Ce th\u00e8me remarquable s&rsquo;adresse parfaitement aux entreprises, aux blogueurs et aux personnes cherchant \u00e0 \u00e9tablir une pr\u00e9sence en ligne commandante. B\u00e9n\u00e9ficiant d&rsquo;un design enti\u00e8rement r\u00e9actif, la pr\u00e9sence de WPZoom s&rsquo;adapte sans effort \u00e0 toutes les tailles d&rsquo;\u00e9cran, garantissant une exp\u00e9rience visuellement \u00e9poustouflante entre les ordinateurs de bureau, les tablettes et les smartphones. Sa polyvalence est vraiment remarquable, car elle offre une vaste gamme d&rsquo;options de personnalisation vous permettant d&rsquo;affiner tous les aspects de votre site Web, de la palette de couleurs captivante \u00e0 la mise en page m\u00e9ticuleusement organis\u00e9e. De plus, la pr\u00e9sence de WPZoom pr\u00e9sente une gamme de fonctionnalit\u00e9s int\u00e9gr\u00e9es, y compris un mod\u00e8le de page d&rsquo;accueil sur mesure, des mod\u00e8les de plusieurs pages et une int\u00e9gration transparente avec des plugins renomm\u00e9s tels que WooCommerce et le formulaire de contact 7. Que vous aspirez \u00e0 vous lancer dans une nouvelle entreprise de site Web ou Aspirez simplement \u00e0 r\u00e9organiser votre plate-forme en ligne existante, la pr\u00e9sence de WPZoom est sans \u00e9quivoque comme un choix exemplaire.<\/p>\n<ul>\n<li>Mod\u00e8le de conception \u00e9l\u00e9gant et moderne pour les sites Web WordPress<\/li>\n<li>Disposition r\u00e9active et adapt\u00e9e aux mobiles<\/li>\n<li>Compatible avec tous les principaux navigateurs<\/li>\n<li>Page d&rsquo;accueil personnalisable avec plusieurs widgets de contenu<\/li>\n<li>Curseur int\u00e9gr\u00e9 pour pr\u00e9senter du contenu en vedette<\/li>\n<li>Prend en charge diff\u00e9rents formats de publication tels que la vid\u00e9o, l&rsquo;audio, la galerie et plus encore<\/li>\n<li>Panneau d&rsquo;options de th\u00e8me avanc\u00e9 pour une personnalisation facile<\/li>\n<li>Ic\u00f4nes de m\u00e9dias sociaux int\u00e9gr\u00e9s pour un partage facile<\/li>\n<li>Pr\u00e9par\u00e9 pour la traduction pour les sites Web multilingues<\/li>\n<li>Support d\u00e9di\u00e9 et mises \u00e0 jour r\u00e9guli\u00e8res de l&rsquo;\u00e9quipe WPZOOM.<\/li>\n<\/ul>\n","protected":false},"excerpt":{"rendered":"<p>La pr\u00e9sence de WPZoom est un th\u00e8me WordPress exceptionnellement robuste et influent qui a \u00e9t\u00e9 m\u00e9ticuleusement con\u00e7u avec le but principal de permettre aux entreprises d&rsquo;\u00e9tablir une pr\u00e9sence en ligne impressionnante et captivante. Avec sa capacit\u00e9 in\u00e9gal\u00e9e \u00e0 r\u00e9pondre aux pr\u00e9f\u00e9rences et aux exigences individuelles gr\u00e2ce \u00e0 sa disposition personnalisable et \u00e0 un \u00e9ventail de fonctionnalit\u00e9s int\u00e9gr\u00e9es, la pr\u00e9sence de WPZoom permet aux utilisateurs de pr\u00e9senter et de mettre en \u00e9vidence leur marque, leurs produits et leurs services de mani\u00e8re la plus optimale et avantageuse. En outre, ce th\u00e8me remarquable poss\u00e8de \u00e9galement une r\u00e9activit\u00e9 compl\u00e8te, garantissant que le site Web en question d\u00e9gage l&rsquo;excellence et la perfection sur tous les appareils imaginables. Que vous soyez un entrepreneur solo entreprenant ou une soci\u00e9t\u00e9 colossale, la pr\u00e9sence de WPZoom s&rsquo;efforce de donner un coup de main dans votre qu\u00eate pour attirer et s\u00e9duire un afflux augment\u00e9 de visiteurs, puis les convertir en clients fid\u00e8les et satisfaits.<\/p>\n","protected":false},"featured_media":146318,"comment_status":"open","ping_status":"open","template":"","meta":[],"product_brand":[2745],"product_cat":[1516,1212,1213],"product_tag":[2272],"class_list":{"0":"post-125562","1":"product","2":"type-product","3":"status-publish","4":"has-post-thumbnail","6":"product_brand-wp-zoom","7":"product_cat-entreprise","8":"product_cat-themes","9":"product_cat-wordpress-themes","10":"product_tag-wp-zoom","11":"member-discount","12":"discount-restricted","14":"first","15":"instock","16":"sale","17":"downloadable","18":"virtual","19":"sold-individually","20":"purchasable","21":"product-type-simple"},"_links":{"self":[{"href":"https:\/\/gpl-love.com\/fr\/wp-json\/wp\/v2\/product\/125562","targetHints":{"allow":["GET"]}}],"collection":[{"href":"https:\/\/gpl-love.com\/fr\/wp-json\/wp\/v2\/product"}],"about":[{"href":"https:\/\/gpl-love.com\/fr\/wp-json\/wp\/v2\/types\/product"}],"replies":[{"embeddable":true,"href":"https:\/\/gpl-love.com\/fr\/wp-json\/wp\/v2\/comments?post=125562"}],"wp:featuredmedia":[{"embeddable":true,"href":"https:\/\/gpl-love.com\/fr\/wp-json\/wp\/v2\/media\/146318"}],"wp:attachment":[{"href":"https:\/\/gpl-love.com\/fr\/wp-json\/wp\/v2\/media?parent=125562"}],"wp:term":[{"taxonomy":"product_brand","embeddable":true,"href":"https:\/\/gpl-love.com\/fr\/wp-json\/wp\/v2\/product_brand?post=125562"},{"taxonomy":"product_cat","embeddable":true,"href":"https:\/\/gpl-love.com\/fr\/wp-json\/wp\/v2\/product_cat?post=125562"},{"taxonomy":"product_tag","embeddable":true,"href":"https:\/\/gpl-love.com\/fr\/wp-json\/wp\/v2\/product_tag?post=125562"}],"curies":[{"name":"wp","href":"https:\/\/api.w.org\/{rel}","templated":true}]}}