{"id":125561,"date":"2024-02-14T00:00:00","date_gmt":"2024-02-13T23:00:00","guid":{"rendered":"https:\/\/gpl-love.com\/fr\/produit\/easy-table-of-contents-pour-amp\/"},"modified":"2026-03-20T23:02:41","modified_gmt":"2026-03-20T22:02:41","slug":"easy-table-of-contents-pour-amp","status":"publish","type":"product","link":"https:\/\/gpl-love.com\/fr\/produit\/easy-table-of-contents-pour-amp\/","title":{"rendered":"Easy Table of Contents pour AMP 1.0.8"},"content":{"rendered":"<h3>Easy Table of Contents pour AMP Traits<\/h3>\n<p>La table des mati\u00e8res faciles pour AMP est un outil incroyablement robuste qui offre une solution transparente \u00e0 la t\u00e2che souvent complexe et ardue de d\u00e9velopper et de manipuler la table des mati\u00e8res sur des sites Web acc\u00e9l\u00e9r\u00e9s de pages mobiles (AMP). Ce plugin tr\u00e8s intuitif permet aux propri\u00e9taires de sites Web de g\u00e9n\u00e9rer et d&rsquo;adapter sans effort une table des mati\u00e8res qui non seulement \u00e9l\u00e8ve l&rsquo;exp\u00e9rience utilisateur globale mais am\u00e9liore \u00e9galement la navigation du site Web. Gr\u00e2ce \u00e0 son interface conviviale, la table des mati\u00e8res faciles pour AMP offre aux utilisateurs la possibilit\u00e9 de fa\u00e7onner sans effort une table des mati\u00e8res dynamique et r\u00e9active dans les moindres instants, rationalisant par la suite le processus pour les visiteurs pour localiser rapidement et efficacement le contenu sp\u00e9cifique qu&rsquo;ils recherchent. Que l&rsquo;on soit un blogueur, un marketing ou un propri\u00e9taire d&rsquo;entreprise, la table des mati\u00e8res faciles \u00e0 AMP repr\u00e9sente ind\u00e9niablement un outil indispensable qui simplifie fondamentalement l&rsquo;ensemble du processus de cr\u00e9ation et de gestion de la table des mati\u00e8res sur les sites Web AMP.<\/p>\n<ul>\n<li>Cr\u00e9ation rapide de la table des mati\u00e8res pour les pages AMP<\/li>\n<li>Interface conviviale pour une navigation facile<\/li>\n<li>Conception de table des mati\u00e8res enti\u00e8rement personnalisable<\/li>\n<li>Compatible avec divers plugins et cadres d&rsquo;ampli<\/li>\n<li>Mise \u00e0 jour automatiquement la table des mati\u00e8res lorsque des modifications sont apport\u00e9es au contenu de la page<\/li>\n<li>\u00c9conomise du temps et des efforts dans la cr\u00e9ation manuelle de la table des mati\u00e8res<\/li>\n<li>Augmente l&rsquo;engagement des utilisateurs en fournissant une navigation organis\u00e9e \u00e0 travers du contenu<\/li>\n<li>Am\u00e9liore le r\u00e9f\u00e9rencement du site Web en incluant le balisage des donn\u00e9es structur\u00e9es<\/li>\n<li>Accessible aux utilisateurs handicap\u00e9s gr\u00e2ce \u00e0 la prise en charge de la navigation par clavier int\u00e9gr\u00e9e.<\/li>\n<\/ul>\n","protected":false},"excerpt":{"rendered":"<p>La table des mati\u00e8res faciles pour AMP est un plugin tr\u00e8s pratique et convivial qui vise \u00e0 rationaliser et \u00e0 simplifier la t\u00e2che autrement fastidieuse et longue de g\u00e9n\u00e9rer une table des mati\u00e8res compl\u00e8te pour votre contenu mobile acc\u00e9l\u00e9r\u00e9 (AMP). En utilisant seulement une poign\u00e9e de clics sans effort, vous pouvez incorporer sans effort une table des mati\u00e8res enti\u00e8rement personnalisable et adaptative, augmentant ainsi consid\u00e9rablement et optimisant la navigation et l&rsquo;exp\u00e9rience utilisateur globale sur vos pages AMP. Ce plugin remarquable se r\u00e9v\u00e8le \u00eatre un atout inestimable pour les blogueurs, les cr\u00e9ateurs de contenu et toute personne s&rsquo;effor\u00e7ant d&rsquo;\u00e9lever et d&#8217;embellir la pr\u00e9sentation de leur contenu orient\u00e9 mobile.<\/p>\n","protected":false},"featured_media":143660,"comment_status":"open","ping_status":"open","template":"","meta":[],"product_brand":[2447],"product_cat":[1203,1181,1186],"product_tag":[2279],"class_list":{"0":"post-125561","1":"product","2":"type-product","3":"status-publish","4":"has-post-thumbnail","6":"product_brand-amp-wp","7":"product_cat-performance","8":"product_cat-plugins","9":"product_cat-wordpress-plugins","10":"product_tag-amp-wp","11":"member-discount","12":"discount-restricted","14":"first","15":"instock","16":"sale","17":"downloadable","18":"virtual","19":"sold-individually","20":"purchasable","21":"product-type-simple"},"_links":{"self":[{"href":"https:\/\/gpl-love.com\/fr\/wp-json\/wp\/v2\/product\/125561","targetHints":{"allow":["GET"]}}],"collection":[{"href":"https:\/\/gpl-love.com\/fr\/wp-json\/wp\/v2\/product"}],"about":[{"href":"https:\/\/gpl-love.com\/fr\/wp-json\/wp\/v2\/types\/product"}],"replies":[{"embeddable":true,"href":"https:\/\/gpl-love.com\/fr\/wp-json\/wp\/v2\/comments?post=125561"}],"wp:featuredmedia":[{"embeddable":true,"href":"https:\/\/gpl-love.com\/fr\/wp-json\/wp\/v2\/media\/143660"}],"wp:attachment":[{"href":"https:\/\/gpl-love.com\/fr\/wp-json\/wp\/v2\/media?parent=125561"}],"wp:term":[{"taxonomy":"product_brand","embeddable":true,"href":"https:\/\/gpl-love.com\/fr\/wp-json\/wp\/v2\/product_brand?post=125561"},{"taxonomy":"product_cat","embeddable":true,"href":"https:\/\/gpl-love.com\/fr\/wp-json\/wp\/v2\/product_cat?post=125561"},{"taxonomy":"product_tag","embeddable":true,"href":"https:\/\/gpl-love.com\/fr\/wp-json\/wp\/v2\/product_tag?post=125561"}],"curies":[{"name":"wp","href":"https:\/\/api.w.org\/{rel}","templated":true}]}}