{"id":125532,"date":"2025-04-29T00:00:00","date_gmt":"2025-04-28T22:00:00","guid":{"rendered":"https:\/\/gpl-love.com\/fr\/produit\/woocommerce-product-configurator\/"},"modified":"2026-04-10T18:48:02","modified_gmt":"2026-04-10T16:48:02","slug":"woocommerce-product-configurator","status":"publish","type":"product","link":"https:\/\/gpl-love.com\/fr\/produit\/woocommerce-product-configurator\/","title":{"rendered":"WooCommerce Product Configurator 1.27.1"},"content":{"rendered":"<h3>WooCommerce Product Configurator Traits<\/h3>\n<p>Le configurateur de produit WooCommerce est un outil exceptionnellement robuste que les d\u00e9taillants en ligne peuvent utiliser pour augmenter et \u00e9lever l&rsquo;exp\u00e9rience globale de leurs clients. Ce plugin extraordinaire offre aux clients la possibilit\u00e9 de personnaliser et de personnaliser enti\u00e8rement leurs produits souhait\u00e9s en leur b\u00e9n\u00e9ficiant d&rsquo;une charmante gamme d&rsquo;options et de fonctionnalit\u00e9s, englobant une vaste s\u00e9lection de couleurs captivantes, de tailles diverses, de texte captivant et m\u00eame d&rsquo;images s\u00e9duisantes. En adoptant le configurateur de produit WooCommerce, les clients sont autoris\u00e9s \u00e0 \u00e9laborer m\u00e9ticuleusement leurs produits envisag\u00e9s, rendant ainsi cet outil innovant en tant que v\u00e9ritable catalyseur pour que les commer\u00e7ants fournissent leur client\u00e8le une exp\u00e9dition de shopping remarquablement immersive et interactive. De plus, l&rsquo;int\u00e9gration transparente et la configuration sans effort de ce plugin avec WooCommerce renforce encore son d\u00e9sirabilit\u00e9. En dominant les clients d&rsquo;un niveau de contr\u00f4le \u00e9lev\u00e9 sur leurs achats, les commer\u00e7ants sont imminemment pr\u00eats \u00e0 assister \u00e0 une augmentation des taux de conversion, \u00e0 une r\u00e9duction notable des rendements des produits et \u00e0 une amplification appr\u00e9ciable de fid\u00e9lit\u00e9 \u00e0 la client\u00e8le. Il est sans aucun doute que le configurateur de produit WooCommerce repr\u00e9sente une option sans \u00e9quivoque stellaire pour toute boutique en ligne aspirant \u00e0 am\u00e9liorer consid\u00e9rablement leur offre de produits et \u00e0 hi\u00e9rarchiser avec diligence la satisfaction absolue de leurs clients.<\/p>\n<ul>\n<li>Cr\u00e9er des configurations de produits personnalis\u00e9s dans WooCommerce<\/li>\n<li>Offrir des options personnalis\u00e9es pour les clients \u00e0 choisir<\/li>\n<li>G\u00e9rer facilement les prix personnalis\u00e9s en fonction des options s\u00e9lectionn\u00e9es<\/li>\n<li>Ajouter une logique conditionnelle aux options pour cr\u00e9er des prix dynamiques et des options de produit<\/li>\n<li>Cr\u00e9er des champs personnalisables pour le poids, les dimensions et autres sp\u00e9cifications de produits<\/li>\n<li>Permettez aux clients de pr\u00e9visualiser leur produit personnalis\u00e9 avant d&rsquo;acheter<\/li>\n<li>Int\u00e9grez de mani\u00e8re transparente \u00e0 votre magasin WooCommerce existant<\/li>\n<li>Simplifiez le processus de personnalisation des produits pour les clients et les propri\u00e9taires de magasins<\/li>\n<li>Am\u00e9liorer la satisfaction du client et r\u00e9duire les rendements en offrant des produits personnalis\u00e9s<\/li>\n<li>Augmenter les ventes en offrant des produits uniques et personnalis\u00e9s aux clients<\/li>\n<\/ul>\n","protected":false},"excerpt":{"rendered":"<p>Le configurateur de produit WooCommerce, un outil extr\u00eamement puissant \u00e0 votre disposition, vous permet de modeler sans effort des configurations de produits personnalis\u00e9es et personnalis\u00e9es pour votre boutique WooCommerce. Dans une myriade de possibilit\u00e9s, ce plugin exceptionnel vous permet d&rsquo;\u00e9tablir un large \u00e9ventail d&rsquo;options, englobant un assortiment de tailles, de couleurs, de mat\u00e9riaux et bien plus encore. Vos clients estim\u00e9s, \u00e0 leur tour, ont le privil\u00e8ge de parcourir les options qui leur sont pr\u00e9sent\u00e9es via le configurateur et de s\u00e9lectionner judicieusement ceux qui r\u00e9pondent de mani\u00e8re optimale \u00e0 leurs exigences sp\u00e9cifiques. Notamment, le syst\u00e8me calcule ing\u00e9nieusement le prix final avec la plus grande pr\u00e9cision, att\u00e9nuant ainsi toute pr\u00e9occupation concernant les subtilit\u00e9s des prix. De plus, ce plugin, notable pour son interface conviviale, peut \u00eatre adapt\u00e9 \u00e0 vos sp\u00e9cifications exactes, en vous garantissant que les configurations de votre produit sont impeccablement adapt\u00e9es \u00e0 vos besoins uniques. Embrassez le configurateur de produit WooCommerce et assistez \u00e0 la transformation des escapades de shopping de vos clients en un voyage in\u00e9gal\u00e9 et in\u00e9gal\u00e9 de personnalisation et une satisfaction accrue, aboutissant finalement \u00e0 une pouss\u00e9e \u00e0 la fois des ventes et du contenu des clients.<\/p>\n","protected":false},"featured_media":145982,"comment_status":"open","ping_status":"open","template":"","meta":[],"product_brand":[2572],"product_cat":[1182,1223,1181],"product_tag":[1587],"class_list":{"0":"post-125532","1":"product","2":"type-product","3":"status-publish","4":"has-post-thumbnail","6":"product_brand-iconic","7":"product_cat-commerce-electronique-plugins","8":"product_cat-personnalisation-commerce-electronique-plugins","9":"product_cat-plugins","10":"product_tag-iconic","11":"member-discount","12":"discount-restricted","14":"first","15":"instock","16":"sale","17":"downloadable","18":"virtual","19":"sold-individually","20":"purchasable","21":"product-type-simple"},"_links":{"self":[{"href":"https:\/\/gpl-love.com\/fr\/wp-json\/wp\/v2\/product\/125532","targetHints":{"allow":["GET"]}}],"collection":[{"href":"https:\/\/gpl-love.com\/fr\/wp-json\/wp\/v2\/product"}],"about":[{"href":"https:\/\/gpl-love.com\/fr\/wp-json\/wp\/v2\/types\/product"}],"replies":[{"embeddable":true,"href":"https:\/\/gpl-love.com\/fr\/wp-json\/wp\/v2\/comments?post=125532"}],"wp:featuredmedia":[{"embeddable":true,"href":"https:\/\/gpl-love.com\/fr\/wp-json\/wp\/v2\/media\/145982"}],"wp:attachment":[{"href":"https:\/\/gpl-love.com\/fr\/wp-json\/wp\/v2\/media?parent=125532"}],"wp:term":[{"taxonomy":"product_brand","embeddable":true,"href":"https:\/\/gpl-love.com\/fr\/wp-json\/wp\/v2\/product_brand?post=125532"},{"taxonomy":"product_cat","embeddable":true,"href":"https:\/\/gpl-love.com\/fr\/wp-json\/wp\/v2\/product_cat?post=125532"},{"taxonomy":"product_tag","embeddable":true,"href":"https:\/\/gpl-love.com\/fr\/wp-json\/wp\/v2\/product_tag?post=125532"}],"curies":[{"name":"wp","href":"https:\/\/api.w.org\/{rel}","templated":true}]}}