{"id":125530,"date":"2025-04-29T00:00:00","date_gmt":"2025-04-28T22:00:00","guid":{"rendered":"https:\/\/gpl-love.com\/fr\/produit\/woocommerce-linked-variations\/"},"modified":"2026-04-10T18:47:11","modified_gmt":"2026-04-10T16:47:11","slug":"woocommerce-linked-variations","status":"publish","type":"product","link":"https:\/\/gpl-love.com\/fr\/produit\/woocommerce-linked-variations\/","title":{"rendered":"WooCommerce Linked Variations 1.11.1"},"content":{"rendered":"<h3>WooCommerce Linked Variations Traits<\/h3>\n<p>Les variations li\u00e9es WooCommerce, une extension qui renforce la fonctionnalit\u00e9 de WooCommerce, sert d&rsquo;outil puissant pour faciliter la liaison des variations de produits, rationalisant ainsi le processus pour que les clients puissent d\u00e9couvrir et acheter les articles souhait\u00e9s. Avec la mise en \u0153uvre de cette extension, la cr\u00e9ation et l&rsquo;administration de groupes de produits li\u00e9es deviennent facilement consolid\u00e9es dans une seule interface, dans lesquelles les prix, les quantit\u00e9s et les attributs desdits groupes peuvent \u00eatre g\u00e9r\u00e9s efficacement. Par cons\u00e9quent, cet outil riche en fonctionnalit\u00e9s offre la possibilit\u00e9 d&rsquo;offrir sans effort des options diverses pour les produits, englobant des tailles, des couleurs ou des mat\u00e9riaux diff\u00e9rentes, tout en veillant \u00e0 ce que l&rsquo;inventaire reste m\u00e9ticuleusement organis\u00e9 et constamment mis \u00e0 jour. En outre, la fluidit\u00e9 de la commutation entre les variations, de la g\u00e9n\u00e9ration de nouveaux ou de l&rsquo;\u00e9limination de celles obsol\u00e8tes, ainsi que de la surveillance constante des ventes et des niveaux de stock, contribue \u00e0 l&rsquo;efficacit\u00e9 globale de cet outil indispensable, qui r\u00e9pond aux exigences des deux magasins en ligne modestes et de vastes plates-formes de commerce \u00e9lectronique, stimulant une gestion efficace des produits et renfor\u00e7ant finalement les chiffres de vente.<\/p>\n<ul>\n<li>Permet la liaison des variations de produits dans WooCommerce<\/li>\n<li>Simplifie la gestion des produits en permettant une s\u00e9lection de variation facile<\/li>\n<li>Am\u00e9liore l&rsquo;exp\u00e9rience client en pr\u00e9sentant des options dans un format clair et convivial<\/li>\n<li>Peut \u00eatre personnalis\u00e9 pour s&rsquo;adapter \u00e0 l&rsquo;apparence de votre boutique en ligne<\/li>\n<li>Gave le temps en rationalisant le processus de cr\u00e9ation de produits<\/li>\n<li>Augmente les ventes en facilitant la recherche et la s\u00e9lection des produits qu&rsquo;ils souhaitent<\/li>\n<li>Compatible avec une vari\u00e9t\u00e9 de th\u00e8mes et plugins WooCommerce<\/li>\n<li>Permet l&rsquo;\u00e9dition en vrac des variations pour une gestion des produits encore plus rapide<\/li>\n<li>Fournit une documentation d\u00e9taill\u00e9e et une prise en charge des utilisateurs pour une impl\u00e9mentation et un d\u00e9pannage faciles.<\/li>\n<\/ul>\n","protected":false},"excerpt":{"rendered":"<p>Le plugin de variations li\u00e9 \u00e0 WooCommerce est un outil incroyablement robuste et efficace qui vous permet de mani\u00e8re transparente d&rsquo;\u00e9tablir des connexions entre des produits qui poss\u00e8dent des attributs connexes. Il est sp\u00e9cialement con\u00e7u pour r\u00e9pondre \u00e0 un \u00e9ventail diversifi\u00e9 d&rsquo;industries, que vous soyez engag\u00e9 dans la vente d&rsquo;articles de v\u00eatements avec des tailles et des couleurs variables ou des appareils \u00e9lectroniques offrant des capacit\u00e9s et des sp\u00e9cifications de stockage distinctes. Ce plugin remarquable simplifie l&rsquo;ensemble du processus de cr\u00e9ation et de gestion des variations li\u00e9es, ce qui le rend une solution tr\u00e8s pratique pour les propri\u00e9taires de magasins en ligne. En mettant en \u0153uvre quelques clics simples, vous pouvez \u00e9tablir sans effort les opportunit\u00e9s de vente crois\u00e9e et de vente crois\u00e9e, optimisant ainsi votre potentiel de vente. De plus, ce plugin permet \u00e0 vos clients de leur accorder une facilit\u00e9 in\u00e9gal\u00e9e \u00e0 localiser les variations de produits souhait\u00e9es. De plus, il rationalise m\u00eame votre inventaire et votre gestion des commandes, ce qui vous permet de gagner du temps et des ressources pr\u00e9cieux. De plus, il est important de noter que le plugin de variations li\u00e9 \u00e0 WooCommerce est compatible avec la majorit\u00e9 des th\u00e8mes et des extensions de WooCommerce, cimentant davantage son statut d&rsquo;outil indispensable pour tout propri\u00e9taire de magasin en ligne cherchant \u00e0 am\u00e9liorer l&rsquo;exp\u00e9rience d&rsquo;achat de leurs clients et \u00e0 am\u00e9liorer consid\u00e9rablement leurs ventes Les figures.<\/p>\n","protected":false},"featured_media":145912,"comment_status":"open","ping_status":"open","template":"","meta":[],"product_brand":[2572],"product_cat":[1182,1223,1181],"product_tag":[1587],"class_list":{"0":"post-125530","1":"product","2":"type-product","3":"status-publish","4":"has-post-thumbnail","6":"product_brand-iconic","7":"product_cat-commerce-electronique-plugins","8":"product_cat-personnalisation-commerce-electronique-plugins","9":"product_cat-plugins","10":"product_tag-iconic","11":"member-discount","12":"discount-restricted","14":"first","15":"instock","16":"sale","17":"downloadable","18":"virtual","19":"sold-individually","20":"purchasable","21":"product-type-simple"},"_links":{"self":[{"href":"https:\/\/gpl-love.com\/fr\/wp-json\/wp\/v2\/product\/125530","targetHints":{"allow":["GET"]}}],"collection":[{"href":"https:\/\/gpl-love.com\/fr\/wp-json\/wp\/v2\/product"}],"about":[{"href":"https:\/\/gpl-love.com\/fr\/wp-json\/wp\/v2\/types\/product"}],"replies":[{"embeddable":true,"href":"https:\/\/gpl-love.com\/fr\/wp-json\/wp\/v2\/comments?post=125530"}],"wp:featuredmedia":[{"embeddable":true,"href":"https:\/\/gpl-love.com\/fr\/wp-json\/wp\/v2\/media\/145912"}],"wp:attachment":[{"href":"https:\/\/gpl-love.com\/fr\/wp-json\/wp\/v2\/media?parent=125530"}],"wp:term":[{"taxonomy":"product_brand","embeddable":true,"href":"https:\/\/gpl-love.com\/fr\/wp-json\/wp\/v2\/product_brand?post=125530"},{"taxonomy":"product_cat","embeddable":true,"href":"https:\/\/gpl-love.com\/fr\/wp-json\/wp\/v2\/product_cat?post=125530"},{"taxonomy":"product_tag","embeddable":true,"href":"https:\/\/gpl-love.com\/fr\/wp-json\/wp\/v2\/product_tag?post=125530"}],"curies":[{"name":"wp","href":"https:\/\/api.w.org\/{rel}","templated":true}]}}