{"id":125528,"date":"2025-04-29T00:00:00","date_gmt":"2025-04-28T22:00:00","guid":{"rendered":"https:\/\/gpl-love.com\/fr\/produit\/wishlists-pour-woocommerce\/"},"modified":"2026-04-10T18:45:46","modified_gmt":"2026-04-10T16:45:46","slug":"wishlists-pour-woocommerce","status":"publish","type":"product","link":"https:\/\/gpl-love.com\/fr\/produit\/wishlists-pour-woocommerce\/","title":{"rendered":"Wishlists pour WooCommerce 1.8.1"},"content":{"rendered":"<h3>Wishlists pour WooCommerce Traits<\/h3>\n<p>Les listes de souhaits pour WooCommerce sont un plugin tr\u00e8s efficace et convivial qui a \u00e9t\u00e9 m\u00e9ticuleusement con\u00e7u pour r\u00e9pondre aux besoins des acheteurs en ligne. Son principal objectif est de faciliter l&rsquo;organisation et le partage d&rsquo;articles pr\u00e9f\u00e9r\u00e9s, garantissant que les clients ne manquent jamais leurs produits les plus convoit\u00e9s. Gr\u00e2ce \u00e0 l&rsquo;utilisation de cette extension remarquable, les individus sont autoris\u00e9s \u00e0 g\u00e9n\u00e9rer et \u00e0 maintenir plusieurs listes de souhaits, rationalisant ainsi leur exp\u00e9rience d&rsquo;achat. Le processus d&rsquo;ajout de marchandises souhait\u00e9es \u00e0 ces listes soigneusement organis\u00e9es est incroyablement simple et peut \u00eatre accomplie en un simple clic. De plus, ces listes peuvent \u00eatre facilement accessibles \u00e0 un moment donn\u00e9 via le tableau de bord du compte d\u00e9di\u00e9 du client. Le plugin va au-del\u00e0 en offrant aux utilisateurs la possibilit\u00e9 de diffuser efficacement leurs listes de souhaits personnalis\u00e9es via diverses plateformes de m\u00e9dias sociaux, e-mail ou applications de messagerie. Cette caract\u00e9ristique innovante augmente consid\u00e9rablement la probabilit\u00e9 de recevoir les cadeaux souhait\u00e9s, am\u00e9liorant ainsi la satisfaction globale. Un avantage suppl\u00e9mentaire \u00e0 tirer de l&#8217;emploi de ce plugin est que les commer\u00e7ants ont accord\u00e9 un acc\u00e8s inestimable \u00e0 des informations compl\u00e8tes sur les pr\u00e9f\u00e9rences de leur client\u00e8le estim\u00e9e. Ces informations inestimables peuvent ensuite \u00eatre appliqu\u00e9es pour affiner et optimiser leurs offres de produits, garantissant ainsi que les attentes des clients sont syst\u00e9matiquement satisfaites et d\u00e9pass\u00e9es. En conclusion, les listes de souhaits pour WooCommerce int\u00e8grent de mani\u00e8re transparente la technologie de pointe \u00e0 une approche profond\u00e9ment personnalis\u00e9e, ce qui se traduit par une exp\u00e9rience d&rsquo;achat qui est \u00e0 la fois gratifiante et fructueuse pour les consommateurs et les d\u00e9taillants.<\/p>\n<ul>\n<li>Interface intuitive et conviviale pour la cr\u00e9ation et la gestion des listes de souhaits<\/li>\n<li>Int\u00e9gration avec WooCommerce, permettant aux clients d&rsquo;ajouter des produits \u00e0 leurs listes de souhaits avec facilit\u00e9<\/li>\n<li>Options de personnalisation flexibles pour l&rsquo;affichage de la liste de souhaits, y compris les choix de style et de mise en page<\/li>\n<li>Capacit\u00e9 \u00e0 partager des listes de souhaits avec des amis et de la famille par e-mail ou les m\u00e9dias sociaux<\/li>\n<li>Option pour que les clients rendent leur liste de souhaits publique ou priv\u00e9e<\/li>\n<li>Analyse d\u00e9taill\u00e9e et rapport sur l&rsquo;activit\u00e9 de la liste de souhaits, y compris le nombre de vues et d&rsquo;articles ajout\u00e9s au panier<\/li>\n<li>Int\u00e9gration transparente avec des plates-formes de marketing par e-mail populaires, ce qui facilite l&rsquo;envoi de courriels promotionnels sur mesure aux clients avec des articles list\u00e9s de souhaits<\/li>\n<li>Notifications par e-mail automatis\u00e9es aux clients lorsque les articles de leur liste de souhaits sont en vente ou revenez en stock<\/li>\n<li>Support multilingue, permettant aux entreprises d&rsquo;atteindre un public mondial sans barri\u00e8res linguistiques<\/li>\n<li>Mises \u00e0 jour r\u00e9guli\u00e8res et support client pour garantir que le plugin reste fonctionnel et \u00e0 jour avec de nouvelles versions WooCommerce.<\/li>\n<\/ul>\n","protected":false},"excerpt":{"rendered":"<p>Entr\u00e9e: Entr\u00e9e: WishLists for WooCommerce est un plugin tr\u00e8s robuste et efficace qui accorde aux utilisateurs la possibilit\u00e9 de g\u00e9n\u00e9rer des listes de souhaits sur mesure pour les produits pr\u00e9sent\u00e9s dans votre magasin WooCommerce. Cette caract\u00e9ristique remarquable permet \u00e0 vos clients ch\u00e9ris de pr\u00e9server sans effort leurs articles les plus aim\u00e9s pour les achats ult\u00e9rieurs, de partager leurs listes m\u00e9ticuleusement organis\u00e9es avec leurs chers amis et leurs membres de la famille bien-aim\u00e9s, et m\u00eame \u00e9tablir des alertes opportunes pour des \u00e9v\u00e9nements imminents et des occasions extraordinaires. Ce qui distingue ce plugin, c&rsquo;est sa polyvalence extraordinaire, son processus d&rsquo;installation transparente, son interface conviviale et sa compatibilit\u00e9 impeccable avec tous les navigateurs Web principaux et les appareils \u00e9lectroniques. Pourquoi ne pas offrir \u00e0 vos clients estim\u00e9s le cadeau inestimable de commodit\u00e9 in\u00e9gal\u00e9e et amplifier leur parcours commercial avec les capacit\u00e9s exceptionnelles de contribution: les listes de souhaits pour WooCommerce aujourd&rsquo;hui?<\/p>\n","protected":false},"featured_media":145774,"comment_status":"open","ping_status":"open","template":"","meta":[],"product_brand":[2572],"product_cat":[1182,1223,1181],"product_tag":[1587],"class_list":{"0":"post-125528","1":"product","2":"type-product","3":"status-publish","4":"has-post-thumbnail","6":"product_brand-iconic","7":"product_cat-commerce-electronique-plugins","8":"product_cat-personnalisation-commerce-electronique-plugins","9":"product_cat-plugins","10":"product_tag-iconic","11":"member-discount","12":"discount-restricted","14":"first","15":"instock","16":"sale","17":"downloadable","18":"virtual","19":"sold-individually","20":"purchasable","21":"product-type-simple"},"_links":{"self":[{"href":"https:\/\/gpl-love.com\/fr\/wp-json\/wp\/v2\/product\/125528","targetHints":{"allow":["GET"]}}],"collection":[{"href":"https:\/\/gpl-love.com\/fr\/wp-json\/wp\/v2\/product"}],"about":[{"href":"https:\/\/gpl-love.com\/fr\/wp-json\/wp\/v2\/types\/product"}],"replies":[{"embeddable":true,"href":"https:\/\/gpl-love.com\/fr\/wp-json\/wp\/v2\/comments?post=125528"}],"wp:featuredmedia":[{"embeddable":true,"href":"https:\/\/gpl-love.com\/fr\/wp-json\/wp\/v2\/media\/145774"}],"wp:attachment":[{"href":"https:\/\/gpl-love.com\/fr\/wp-json\/wp\/v2\/media?parent=125528"}],"wp:term":[{"taxonomy":"product_brand","embeddable":true,"href":"https:\/\/gpl-love.com\/fr\/wp-json\/wp\/v2\/product_brand?post=125528"},{"taxonomy":"product_cat","embeddable":true,"href":"https:\/\/gpl-love.com\/fr\/wp-json\/wp\/v2\/product_cat?post=125528"},{"taxonomy":"product_tag","embeddable":true,"href":"https:\/\/gpl-love.com\/fr\/wp-json\/wp\/v2\/product_tag?post=125528"}],"curies":[{"name":"wp","href":"https:\/\/api.w.org\/{rel}","templated":true}]}}