{"id":125526,"date":"2026-04-30T00:00:00","date_gmt":"2026-04-29T22:00:00","guid":{"rendered":"https:\/\/gpl-love.com\/fr\/produit\/currency-switcher-for-woocommerce\/"},"modified":"2026-05-01T06:30:26","modified_gmt":"2026-05-01T04:30:26","slug":"currency-switcher-for-woocommerce","status":"publish","type":"product","link":"https:\/\/gpl-love.com\/fr\/produit\/currency-switcher-for-woocommerce\/","title":{"rendered":"Currency Switcher For WooCommerce 2.0.4"},"content":{"rendered":"<h3>Currency Switcher For WooCommerce Traits<\/h3>\n<p>Le commutateur de devises pour WooCommerce est un plugin exceptionnellement robuste et formidable qui accorde aux clients la capacit\u00e9 transparente \u00e0 passer sans effort entre une multitude de devises diverses sur votre boutique en ligne estim\u00e9e. Cet outil in\u00e9gal\u00e9 a \u00e9t\u00e9 con\u00e7u de mani\u00e8re experte et m\u00e9ticuleusement adapt\u00e9e pour r\u00e9pondre sp\u00e9cifiquement aux besoins et aux exigences exigeants des utilisateurs de WooCommerce, leur accordant un moyen efficace et rationalis\u00e9 de pr\u00e9sentant astucieusement des prix dans une pl\u00e9thore de devises diff\u00e9rentes. Ce plugin impressionnant dispose d&rsquo;un r\u00e9pertoire exhaustif et global de devises et de taux de change, constamment et automatiquement mis \u00e0 jour pour garantir la plus grande pr\u00e9cision et la pr\u00e9cision. En vertu des fonctionnalit\u00e9s dynamiques et extr\u00eamement polyvalentes offertes par le commutateur de devises pour WooCommerce, votre client\u00e8le estim\u00e9e est con\u00e7ue avec la capacit\u00e9 in\u00e9gal\u00e9e \u00e0 parcourir et \u00e0 contempler les prix et \u00e0 effectuer par la suite des achats dans leur devise locale respective, \u00e9vitant ainsi tout potentiel pour la confusion ou la mod\u00e9lit\u00e9 . En facilitant et en acc\u00e9l\u00e9rant et en acc\u00e9l\u00e9rant le processus de paiement par le biais de la fourniture d&rsquo;un \u00e9ventail d&rsquo;options pratiques et flexibles, ce plugin remarquable peut contribuer bien et efficacement \u00e0 renforcer les conversions et \u00e0 am\u00e9liorer l&rsquo;exp\u00e9rience utilisateur globale de votre boutique en ligne estim\u00e9e.<\/p>\n<ul>\n<li>Permet aux clients de basculer entre diff\u00e9rentes devises sur votre boutique WooCommerce<\/li>\n<li>Prend en charge plus de 150 devises, y compris le bitcoin et d&rsquo;autres crypto-monnaies<\/li>\n<li>D\u00e9tecte automatiquement l&#8217;emplacement du client et affiche la devise en cons\u00e9quence<\/li>\n<li>Fournit des taux de change en temps r\u00e9el pour des prix pr\u00e9cis et \u00e0 jour<\/li>\n<li>Options d&rsquo;affichage personnalisables, y compris le symbole de devise, le format et la position<\/li>\n<li>Compatible avec tous les principaux th\u00e8mes et extensions WooCommerce<\/li>\n<li>Prise en charge multisite pour g\u00e9rer plusieurs sites avec diff\u00e9rentes monnaies<\/li>\n<li>Permet l&rsquo;arrondi en devises pour le processus de paiement plus lisse<\/li>\n<li>Installation facile et configuration sans codage requis<\/li>\n<li>Support professionnel et mises \u00e0 jour r\u00e9guli\u00e8res fournies par l&rsquo;\u00e9quipe des d\u00e9veloppeurs.<\/li>\n<\/ul>\n","protected":false},"excerpt":{"rendered":"<p>Le commutateur de devise pour WooCommerce est un outil puissant qui permet \u00e0 vos clients de basculer entre diff\u00e9rentes devises sur votre magasin WooCommerce. Ce plugin met automatiquement \u00e0 jour les taux de change en temps r\u00e9el, permettant \u00e0 vos clients internationaux de voir les prix dans leur devise locale. Le commutateur de devises vous permet de d\u00e9finir les taux de change manuellement ou automatiquement, offrant une flexibilit\u00e9 et une commodit\u00e9 \u00e0 vos op\u00e9rations commerciales. Avec ce plugin, vous pouvez am\u00e9liorer la port\u00e9e mondiale de votre magasin WooCommerce, am\u00e9liorer l&rsquo;exp\u00e9rience client et augmenter les ventes dans plusieurs pays. Il prend \u00e9galement en charge un large \u00e9ventail de devises mondiales, ce qui en fait une solution polyvalente pour les entreprises en ligne avec une client\u00e8le diversifi\u00e9e. Son interface conviviale facilite l&rsquo;installation et la r\u00e9glementation, offrant une exp\u00e9rience de commerce \u00e9lectronique transparente pour le propri\u00e9taire de l&rsquo;entreprise et les clients. Le commutateur de devises pour WooCommerce est un actif pr\u00e9cieux pour toute boutique en ligne visant \u00e0 se d\u00e9velopper \u00e0 l&rsquo;\u00e9chelle mondiale et \u00e0 s&rsquo;adresser \u00e0 un public international.<\/p>\n","protected":false},"featured_media":143500,"comment_status":"open","ping_status":"open","template":"","meta":[],"product_brand":[2440],"product_cat":[1182,1223,1181],"product_tag":[1398],"class_list":{"0":"post-125526","1":"product","2":"type-product","3":"status-publish","4":"has-post-thumbnail","6":"product_brand-woocommerce","7":"product_cat-commerce-electronique-plugins","8":"product_cat-personnalisation-commerce-electronique-plugins","9":"product_cat-plugins","10":"product_tag-woocommerce","11":"member-discount","12":"discount-restricted","14":"first","15":"instock","16":"sale","17":"downloadable","18":"virtual","19":"sold-individually","20":"purchasable","21":"product-type-simple"},"_links":{"self":[{"href":"https:\/\/gpl-love.com\/fr\/wp-json\/wp\/v2\/product\/125526","targetHints":{"allow":["GET"]}}],"collection":[{"href":"https:\/\/gpl-love.com\/fr\/wp-json\/wp\/v2\/product"}],"about":[{"href":"https:\/\/gpl-love.com\/fr\/wp-json\/wp\/v2\/types\/product"}],"replies":[{"embeddable":true,"href":"https:\/\/gpl-love.com\/fr\/wp-json\/wp\/v2\/comments?post=125526"}],"wp:featuredmedia":[{"embeddable":true,"href":"https:\/\/gpl-love.com\/fr\/wp-json\/wp\/v2\/media\/143500"}],"wp:attachment":[{"href":"https:\/\/gpl-love.com\/fr\/wp-json\/wp\/v2\/media?parent=125526"}],"wp:term":[{"taxonomy":"product_brand","embeddable":true,"href":"https:\/\/gpl-love.com\/fr\/wp-json\/wp\/v2\/product_brand?post=125526"},{"taxonomy":"product_cat","embeddable":true,"href":"https:\/\/gpl-love.com\/fr\/wp-json\/wp\/v2\/product_cat?post=125526"},{"taxonomy":"product_tag","embeddable":true,"href":"https:\/\/gpl-love.com\/fr\/wp-json\/wp\/v2\/product_tag?post=125526"}],"curies":[{"name":"wp","href":"https:\/\/api.w.org\/{rel}","templated":true}]}}